{"id":126,"date":"2012-11-20T10:52:34","date_gmt":"2012-11-20T10:52:34","guid":{"rendered":"http:\/\/esoteria.fi\/?page_id=126"},"modified":"2012-12-16T13:44:03","modified_gmt":"2012-12-16T13:44:03","slug":"ulkoavaruuden-ryhmittymien-nykytilanne-galaksillamme","status":"publish","type":"page","link":"https:\/\/www.esoteria.fi\/newmain\/uutiskirjeet\/ulkoavaruuden-ryhmittymien-nykytilanne-galaksillamme\/","title":{"rendered":"Ulkoavaruuden ryhmittymien nykytilanne galaksillamme"},"content":{"rendered":"<p align=\"center\"><em>Julkaistu englanniksi\u00a016.2.2011, suomeksi 20.11.2012<\/em><\/p>\n<p align=\"center\">1.<\/p>\n<p align=\"center\">Harmaat ja liskomiehet ovat parempaa porukkaa t\u00e4n\u00e4 p\u00e4iv\u00e4n\u00e4 kuin aiempina aikoina koskaan. Aiempina aikoina harmaat ja liskomiehet olivat kiroutuneita sotimisesta ja orjien ry\u00f6st\u00f6st\u00e4. Ry\u00f6stely loppui nykyaikana. Ulkoavaruuden ryhmittymiss\u00e4mme oli karseata el\u00e4m\u00e4\u00e4, koska Luojakin vihasi ulkoavaruuden ryhmittymi\u00e4mme, jotka olivat v\u00e4\u00e4ryydellisempi\u00e4 kuin kuviteltiinkaan.<\/p>\n<p>Ulkoavaruuden ryhmittym\u00e4mme olivat valareita ja lepakkomiehi\u00e4 jo t\u00e4n\u00e4 aikana, vaikka Luoja tarkoitti heid\u00e4t rakastettaviksi hallitsijalajeiksi, on Luoja muuttanut suunnitelmiaan t\u00e4n\u00e4 p\u00e4iv\u00e4n\u00e4. T\u00e4n\u00e4 p\u00e4iv\u00e4n\u00e4 ulkoavaruuden ryhmittym\u00e4t toimivat siten, ett\u00e4 kaikkia lajeja on saman verran toisiinsa verrattuna, jotta ei syntyisi valtiaslajeja, jotka sortaisivat kaikkia muita. Kaikki valtiaslajit ovat aina v\u00e4\u00e4ryydellisempi\u00e4 kuin muut lajit. Muut lajit taasen ovat v\u00e4\u00e4ryydellisempi\u00e4 kuin valtiaslajit pieniss\u00e4 asioissaan, sill\u00e4 ne kiroavat alamaisuuteen. Luoja tuki nykyaikana paljon v\u00e4\u00e4ryytt\u00e4 ulkoavaruuden ryhmittymilleen, koska Luojan j\u00e4rjestelmiss\u00e4 ulkoavaruuden ryhmittym\u00e4t olivat toissijaisia, koska h\u00e4n el\u00e4\u00e4 Maa planeetalla, jolla ei hyv\u00e4ksyt\u00e4 ulkoavaruuden ryhmittymi\u00e4.<\/p>\n<p align=\"center\">Ulkoavaruuden ryhmittymien ja Luojan suhde oli v\u00e4\u00e4ryydellinen, koska Luoja ampuisi itsens\u00e4, jos h\u00e4n tiet\u00e4isi, mit\u00e4 ulkoavaruuden ryhmittym\u00e4t ovat tehneet harmaille ja liskomiehille. Harmaat ja liskomiehet tuhottiin t\u00e4n\u00e4 p\u00e4iv\u00e4n\u00e4, koska Luojakaan ei pit\u00e4nyt kiroutuneista ulkoavaruuden ryhmittymist\u00e4. Ulkoavaruuden ryhmittym\u00e4t, jotka olivat kiroutuneet, olivat liian v\u00e4\u00e4ryydellisi\u00e4 kaikkia muita kohtaan. Harmaat ja liskomiehet pommitettiin loppuun t\u00e4n\u00e4 p\u00e4iv\u00e4n\u00e4 heid\u00e4n 20:t\u00e4 planeetaltaan valarien ja lepakkomiehien toimesta, koska harmaat ja liskomiehet olivat pommittaneet valarit ja lepakkomiehet aiempina aikoina nykyhistoriassa. Valta-asemassa ovat nyky\u00e4\u00e4n valarit ja lepakkomiehet, mutta eiv\u00e4t niin suurina kuin jonkin aikaa sitten. Heid\u00e4t on sopeutettu muiden mukaisiksi henkimaailman avulla. Apu henkimaailmalta on estynyt harmaille ja liskomiehille, koska he olivat liian v\u00e4\u00e4ryydellisi\u00e4. Tulevaisuutta ajatellen harmaiden ja liskomiesten t\u00e4ytyy j\u00e4\u00e4d\u00e4 henkimaailmaan korjaantumaan tulevia aikoja varten.<\/p>\n<p align=\"center\">Harmaat ja liskomiehet eiv\u00e4t saa en\u00e4\u00e4 tehd\u00e4 mit\u00e4\u00e4n maailmassa, sill\u00e4 he ovat liian kiroutuneita, eik\u00e4 n\u00e4in voi jatkua, ett\u00e4 harmaat ja liskomiehet suunnittelisivat valta-asemaansa takaisin p\u00e4\u00e4sy\u00e4 jollain v\u00e4\u00e4ryydellisell\u00e4 tavalla. V\u00e4\u00e4ryytens\u00e4 takia harmaat ja liskomiehet j\u00e4\u00e4v\u00e4t korjaukseen henkimaailmaan pidemm\u00e4ksi aikaa. Harmaat ja liskomiehet olivat kiroutuneita typeryksi\u00e4, joilla ei ole mit\u00e4\u00e4n salattavaa paitsi kaikki toimintansa aiemmilta ajoilta saakka. Aiempina aikoina he huijasivat Maa planeetan ihmiskuntaa.<\/p>\n<p align=\"center\">Harmaat ja liskomiehet ovat pahempaa porukkaa nykyaikana kuin mit\u00e4 tulevaisuudessa kukaan voi olla nykyj\u00e4rjestelm\u00e4n avulla. Nykyj\u00e4rjestelm\u00e4ss\u00e4 henkimaailmassa ei kiroutuneiden sallita el\u00e4v\u00e4n maailmassa, vaan heid\u00e4t vied\u00e4\u00e4n korjaukseen tai lopputuomiolle. Parempi ulkoavaruudennoituustaso l\u00f6ytyy valareilta ja lepakkomiehilt\u00e4 kuin milt\u00e4\u00e4n muulta ulkoavaruuden ryhmittym\u00e4lt\u00e4, sill\u00e4 he eiv\u00e4t ole v\u00e4\u00e4ryydellistyneet aikojen saatossakaan, jolloin he voivat olla Luojan j\u00e4rjestelmien mielest\u00e4 valtiaslajeja. Muut ulkoavaruuden olennot ovat suurempia yhdess\u00e4 kuin valarit tai lepakkomiehet yhteens\u00e4k\u00e4\u00e4n, jolloin voimatasapaino s\u00e4ilyy melko tasapainoisena. Ajatusrakennelmat ovat pidemm\u00e4lle kehittyneit\u00e4 valareilla kuin lepakkomiehill\u00e4, koska valarit ovat vanhempi laji. Vanhemmat lajit ovat yleens\u00e4 aina kiroutuneempia kuin uudemmat, mutta Luojan j\u00e4rjestelm\u00e4t eiv\u00e4t havaitse valarin lajin olevan kiroutuneempi, sill\u00e4 se ei Luojan mukaan ole kiroutuneempi kuin muutkaan.<\/p>\n<p align=\"center\">Valarit ovat pahempaa porukkaa kumminkin, vaikka Luoja ei halua uskoa siihen. Valareilla on kauhea m\u00e4\u00e4r\u00e4 asevoimia, joita he k\u00e4ytt\u00e4v\u00e4t melko harkiten kumminkin. Valarit eiv\u00e4t tunne Luojaa juuri ollenkaan, sill\u00e4 h\u00e4n on ollut valareiden kanssa tekemisiss\u00e4 hyvin harvakseltaan. Valareilla on parempi meininki nykyaikana kuin aiempina aikoinakaan, sill\u00e4 heit\u00e4 on sorrettu l\u00e4hihistoriassa harmaiden ja liskomiesten toimesta.<\/p>\n<p align=\"center\">Harmaat ja liskomiehet ovat sortaneet muita lajeja l\u00e4hihistoriassa, koska he olivat t\u00e4t\u00e4 ennen muiden sortamia. Nyt valta-asetelmat ovat vaihtuneet eik\u00e4 henkimaailma hyv\u00e4ksy en\u00e4\u00e4 harmaita ja liskomiehi\u00e4. Harmaat ja liskomiehet ovat saaneet jo anteeksi Luojalta heid\u00e4n h\u00e4nt\u00e4 kohtaan tekem\u00e4t v\u00e4\u00e4ryytens\u00e4. Harmaat ja liskomiehet ovat silti viel\u00e4 pahempaa porukkaa kuin muut.<\/p>\n<p align=\"center\">Luojan j\u00e4rjestelm\u00e4ss\u00e4 on paljon ep\u00e4kohtia ulkoavaruuden ryhmittymi\u00e4 ajatellen, koska h\u00e4n ei antanut mit\u00e4\u00e4n armoa ulkoavaruudenokkultisteille. Ulkoavaruudenokkultistit tekiv\u00e4t t\u00f6it\u00e4 omasta mielest\u00e4\u00e4n asiattomalla meiningill\u00e4\u00e4n, jolloin Luoja katsoi heid\u00e4t asiattomiksi ja hy\u00f6dytt\u00f6miksi olennoiksi. Luojan j\u00e4rjestelm\u00e4t ovat ulkoavaruudenokkultistien kiroamia viel\u00e4kin, sill\u00e4 ulkoavaruudenokkultistit kirosivat ne perin pohjin ja n\u00e4in kirouksia on viel\u00e4 j\u00e4ljell\u00e4. Kiroukset ovat maailman laajuisia pommiuhkauksia, jotka Luoja pit\u00e4\u00e4 yll\u00e4 viel\u00e4kin, koska h\u00e4n vihaa sellaisia ryhmittymi\u00e4, joilla on liian helpotettua. Liian helpotetulla meiningill\u00e4 ruvetaan tekem\u00e4\u00e4n t\u00f6rkeilyit\u00e4, jotka tuhoavat henkiolentoja nopeammin kuin voimme kuvitellakaan. Helpotettu meininki on vaarallisempaa kuin voimme kuvitellakaan.<\/p>\n<p align=\"center\">2.<\/p>\n<p align=\"center\">Ulkoavaruuden ryhmittymiss\u00e4mme on k\u00e4yty sotia t\u00e4n\u00e4 p\u00e4iv\u00e4n\u00e4, koska Luojan j\u00e4rjestelm\u00e4t eiv\u00e4t sulje pois sotatilannetta. Sotatilanne alkoi, kun kaikki olivat asetettuina planeetoilleen. Planeetoilla planetaarinen sota syttyi, kun muut huomasivat v\u00e4\u00e4ryydellist\u00e4 porukkaa asetetun planeetoille. Planetaarinen sota syttyi henkimaailman j\u00e4rjestelmill\u00e4, koska henkimaailma oli v\u00e4\u00e4ryydellinen ulkoavaruuden ryhmittymi\u00e4 kohtaan. Henkimaailmassa on v\u00e4\u00e4ryydellist\u00e4 porukkaa, joita ei pit\u00e4isi olla Luojan j\u00e4rjestelmiss\u00e4, sill\u00e4 ulkoavaruuden ryhmittym\u00e4t ampuivat itsens\u00e4 j\u00e4lleen kerran oman v\u00e4\u00e4ryytens\u00e4 vuoksi. Oman v\u00e4\u00e4ryytens\u00e4 vuoksi ulkoavaruuden ryhmittym\u00e4t olivat v\u00e4hemm\u00e4n pyhi\u00e4 kuin kuviteltiinkaan. My\u00f6s ulkoavaruuden poliisit ampuivat itsens\u00e4, koska Luojan j\u00e4rjestelm\u00e4ss\u00e4 ulkoavaruuden ryhmittym\u00e4t eiv\u00e4t saa sotia kesken\u00e4\u00e4n juuri ollenkaan. Ulkoavaruuden ryhmittymiss\u00e4 on vaikeata olla v\u00e4likuolemien takia. V\u00e4likuolemien takia siell\u00e4 voi tapahtua mit\u00e4 vaan.<\/p>\n<p align=\"center\">Ulkoavaruuden ryhmittymi\u00e4 Pyhyys-j\u00e4rjestelm\u00e4t eiv\u00e4t huomioi juuri mitenk\u00e4\u00e4n, vaan ne huomioivat Maa planeetan tasoisen el\u00e4m\u00e4n. Ulkoavaruuden ryhmittym\u00e4t eiv\u00e4t pid\u00e4 Luojasta enemp\u00e4\u00e4 kuin aiemminkaan, sill\u00e4 h\u00e4n j\u00e4rjesti ulkoavaruuden olentoja hybrideiksi, jotta enemm\u00e4n el\u00e4vi\u00e4 olentoja tulisi asuttamaan planeettakuntia. T\u00e4llainen p\u00e4\u00e4t\u00f6s tuli tehdyksi jo aiempina aikoina, mutta se ei ollut kovin hyv\u00e4 p\u00e4\u00e4t\u00f6s. T\u00e4m\u00e4 h\u00e4p\u00e4isi lajit karsealla tavalla muiden mielest\u00e4, mutta muutti tilanteen mielenkiintoisemmaksi kuin aiemmin. Ulkoavaruuden ryhmittymi\u00e4 synnytettiin kolminkertainen m\u00e4\u00e4r\u00e4 aiempaan n\u00e4hden. Aiemmin ulkoavaruuden ryhmittymi\u00e4 oli minimaalisemmin ja silti Luojan j\u00e4rjestelm\u00e4t eiv\u00e4t toimineet kokonaisuudessaan. Nyt kun heit\u00e4 on enemm\u00e4n, on j\u00e4rjestelm\u00e4n luonti paremmin mahdollista toteuttaa. J\u00e4rjestelm\u00e4n luonti helpottuu, koska ulkoavaruuden ryhmittym\u00e4t joutuvat toimimaan \u00e4lykk\u00e4\u00e4mmin suuren lukum\u00e4\u00e4r\u00e4ns\u00e4 ansiosta. Suuri lukum\u00e4\u00e4r\u00e4 johtui Luojan p\u00e4\u00e4t\u00f6ksest\u00e4 tehd\u00e4 hybridej\u00e4 aiemmista lajeista niiden lis\u00e4ksi. Aiemmat lajit toimivat hybridein\u00e4 paremmin, koska hybridit ovat v\u00e4hemm\u00e4n kiroutuneita ja enemm\u00e4n tuntemuksissaan.<\/p>\n<p align=\"center\">Ulkoavaruuden ryhmittym\u00e4t olivat v\u00e4\u00e4ryydellisempi\u00e4 aiempina aikoina kuin nykyp\u00e4iv\u00e4n\u00e4. Nykyp\u00e4iv\u00e4n\u00e4 ulkoavaruuden ryhmittym\u00e4t olivat pakon edess\u00e4 rauhanomaisemmin toimivia kuin aiempina aikoina. Aiempina aikoina ulkoavaruuden ryhmittym\u00e4t saivat Luojan luvalla sotia kesken\u00e4\u00e4n, jos he j\u00e4tt\u00e4v\u00e4t Maa planeetan rauhaan. Se sopi ulkoavaruuden ryhmittymille t\u00e4ydellisesti, koska ulkoavaruuden ryhmittym\u00e4t olivat sotaisia. Ulkoavaruuden ryhmittymien sotatilanne oli sellainen, ett\u00e4 ulkoavaruuden ryhmittym\u00e4t sotivat kesken\u00e4\u00e4n omasta vallanhalustaan johtuen. Vallanhalusta johtuen valarit itkev\u00e4t naurusta, kun he aloittavat pommituslennot muiden ulkoavaruuden ryhmittymien kiusaksi. Valareiden pommi-iskut osuivat kohteisiinsa eksoplaneetoilla. Ulkoavaruuden ryhmittym\u00e4t ampuivat toisiaan tiet\u00e4m\u00e4tt\u00e4 kuka heit\u00e4 oli ampunut alun perin.<\/p>\n<p align=\"center\">Eksoplaneetoilla oli karseata el\u00e4m\u00e4\u00e4, sill\u00e4 Luoja ei voinut h\u00f6p\u00f6tell\u00e4 j\u00e4rjestelmi\u00e4\u00e4n ulkoavaruuden ryhmittymien tarpeiden mukaisiksi. Ulkoavaruuden ryhmittym\u00e4t olivat hyvin erilaisia kuin aiempina aikoina. Aiempina aikoina ulkoavaruuden ryhmittym\u00e4t eiv\u00e4t tehneet mit\u00e4\u00e4n \u00e4lyk\u00e4st\u00e4, vaan he eliv\u00e4t Luojan noituudella. Luojan noituus oli aiemmin sellainen, ett\u00e4 uhraamalla saatiin rakennettua rakennelmia ja armeijoita. T\u00e4llainen toiminto on poistettu Luojan j\u00e4rjestelmist\u00e4 nykyaikana. Nykyaikana ulkoavaruuden ryhmittym\u00e4t rakentavat rakennelmat ja armeijansa Luojan j\u00e4rjestelm\u00e4n avulla ilman uhreja. Ulkoavaruuden ryhmittymien toiminta on muuttunut aiemmista ajoista. Nykyisin he ovat rauhanomaisempia. Valarit ovat heist\u00e4 vaarallisimpia, mutta eiv\u00e4t typerimpi\u00e4. Heill\u00e4 ei ole kovin paljon asevoimia verrattuna muihin kumminkaan. Asevoimat ovat pieni\u00e4 joka ulkoavaruuden ryhmittym\u00e4ll\u00e4, koska Luoja otti heilt\u00e4 asevoimat pois suurimmalta osin. T\u00e4m\u00e4 on mahdollista henkimaailman avulla. Asevoimat ovat ulkoavaruuden ryhmittymill\u00e4mme seuraavanlaiset: harmailla ei ole aseita juuri ollenkaan, liskomiehill\u00e4 on minimaalisessa m\u00e4\u00e4rin my\u00f6s ja lepakkomiehill\u00e4 on yht\u00e4 paljon kuin valareilla.<\/p>\n<p align=\"center\">Asevoimat lepakkomiehill\u00e4 eiv\u00e4t ole suuren suuret, mutta suurimmat kumminkin. T\u00e4m\u00e4 johtuu heid\u00e4n aiempien aikojen k\u00e4rsimyksist\u00e4. K\u00e4rsimykset johtuivat harmaiden n\u00f6yryytt\u00e4v\u00e4st\u00e4 toiminnasta heit\u00e4 kohtaan. Harmaat olivat karseita kaikille aiempina aikoina. T\u00e4m\u00e4 johtui siit\u00e4, ett\u00e4 harmaat olivat kiroutuneita aiemmista ajoista johtuen. Harmaat olivat kaikille hankalampia kuin voit kuvitellakaan. Kaikki alkoi harmaiden k\u00e4rsimyksest\u00e4 aiempina aikoina. Aiempina aikoina harmaat olivat olleet uhriel\u00e4imentasoisena uhrina muille paitsi liskomiehille, jotka olivat harmaiden kaltaisina uhreina. Harmaat ja liskomiehet olivat sen vuoksi yhdess\u00e4 ulkoavaruuden ryhmittym\u00e4n\u00e4 my\u00f6hempin\u00e4 aikoina. My\u00f6hempin\u00e4 aikoina he menettiv\u00e4t valta-asemansa kaikille uusille lajeille. Kaikki uudet lajit olivat Luojan luomia hybridej\u00e4 aiemmista lajeista. Aiemmat lajit olivat hybrideit\u00e4 ihmislajista liskomiesten ja harmaiden lajien osalta. Liskomiesten ja harmaiden lajit olivat kaikki v\u00e4\u00e4ryydellisesti luotuja hybrideiksi, koska he halusivat n\u00e4ytt\u00e4\u00e4 paremmalta kuin alkuper\u00e4isin\u00e4 lajeinaan.<\/p>\n<p align=\"center\">3.<\/p>\n<p align=\"center\">Harmaat ja liskomiehet olivat pahempaa porukkaa nykyaikana kuin kukaan koskaan aiemmin. Aiemmin Luoja piti enemm\u00e4n harmaista ja liskomiehist\u00e4 kuin nykyaikana, koska he eiv\u00e4t olleet kiroutuneita toisin kuin nykyaikana. Nykyaikana harmaat ja liskomiehet pommittivat toisia lajeja liian paljon. Mutta harmaat ja liskomiehet eiv\u00e4t osanneet korjata itse\u00e4\u00e4n heid\u00e4n kiroutumistaan johtuen, joten heid\u00e4t tapettiin Illuminatilla ja ulkoavaruudenokkultisteilla. Illuminati ja ulkoavaruudenokkultistit tappoivat harmaat ja liskomiehet pois Maa planeetaltamme, koska henkimaailma tahtoi heid\u00e4t pois, heid\u00e4n v\u00e4\u00e4ryyden tekojensa takia. Ulkoavaruudenokkultisteilla oli paremmat syyt tappaa harmaat ja liskomiehet pois Maa planeetalta, koska ulkoavaruudenokkultisteja tapettiin harmaiden ja liskomiesten toimesta heid\u00e4n ry\u00f6stetyll\u00e4 kotiplaneetallaan.<\/p>\n<p align=\"center\">Harmaat ja liskomiehet ovat pahempaa porukkaa viel\u00e4 t\u00e4n\u00e4 p\u00e4iv\u00e4n\u00e4kin kuin Maa planeetan ihmiset. Maa planeetan ihmiset ovat parasta porukkaa koko universumissamme, siksi ulkoavaruuden olentojen tietoja tukahdutetaan. Sill\u00e4 v\u00e4\u00e4ryydellisemm\u00e4t ulkoavaruuden ryhmittym\u00e4t voisivat tuhota Maa planeetan j\u00e4rjestelmi\u00e4 liian helposti, jos he p\u00e4\u00e4sisiv\u00e4t t\u00e4nne ulkoavaruuden ryhmittym\u00e4n\u00e4. Kaikki Luojan j\u00e4rjestelm\u00e4t olivat parhaiten kehittyneet Maa planeetalla, koska t\u00e4m\u00e4 on henkimaailman hallinnoima planeetta. Kaikki Luojan j\u00e4rjestelm\u00e4t toimivat ulkoavaruuden ryhmittymiss\u00e4 l\u00f6yhemmin, sill\u00e4 niit\u00e4 on vaikea kontrolloida, koska he ovat liian v\u00e4\u00e4ryydellisi\u00e4 olentoja. Liian v\u00e4\u00e4ryydelliset olennot ovat kaikki Luojan mukaisesti toimivia, mutta ainoastaan alitajuisesti, koska sivupersoonat toimivat Luojan j\u00e4rjestelmien mukaisesti. Luojan j\u00e4rjestelmiss\u00e4 ei saisi tehd\u00e4 mit\u00e4\u00e4n v\u00e4\u00e4ryydellisemp\u00e4\u00e4 kuin mit\u00e4 henkimaailman j\u00e4rjestelm\u00e4t hyv\u00e4ksyv\u00e4t.<\/p>\n<p align=\"center\">Harmaat ja liskomiehet ovat parempaa porukkaa nykyajan j\u00e4lkeen, sill\u00e4 heid\u00e4t on uudistettu vastaamaan nykyajan vaatimuksia. Nykyajan vaatimukset ovat ulkoavaruuden ryhmittymien vaatimuksia. Ne ovat: rauhanomaisuus, Luojan tietojen tajuaminen, henkil\u00f6kohtaisten ongelmien v\u00e4hyys, halu lopettaa r\u00e4\u00e4kk\u00e4ystoiminta tai halu l\u00f6yt\u00e4\u00e4 sille vaihtoehtoja, kanavointikyvyn yll\u00e4pito, kaikkien henkil\u00f6kohtaisten ongelmien korjaaminen ja kyky henkil\u00f6kohtaisten ongelmien korjaamiseen muilta. Henkil\u00f6kohtaiset ongelmat olivat karseita viisi vuotta sitten, kun henkimaailman j\u00e4rjestelm\u00e4t romahtivat hulluuteen. Hulluus syntyi siit\u00e4, ett\u00e4 Luoja ei v\u00e4litt\u00e4nyt mist\u00e4\u00e4n mit\u00e4\u00e4n. Opiskelu kehitt\u00e4\u00e4 ty\u00f6j\u00e4rke\u00e4, joka on koulutuksen aikaansaannosta nykyaikana. Koulutuksen tuomat edut: hyv\u00e4 ty\u00f6j\u00e4rki, henkil\u00f6kohtaisten ongelmien kest\u00e4minen, rakkauden l\u00f6yt\u00e4minen kanssaihmisiin, uskonnollisuuden v\u00e4h\u00e4ttely, kaikkien henkil\u00f6kohtaisten ongelmien v\u00e4h\u00e4ttely, Luojan l\u00f6yt\u00e4minen hengen kanavilta ja hullunkuristen ajatusten poistuminen. Hullunkuriset ajatukset olivat ulkoavaruuden ryhmittymien ongelmana, koska Luojan j\u00e4rjestelm\u00e4ss\u00e4 oli hullunkurisia kohtia, joita ulkoavaruudenokkultistit olivat rakentaneet. N\u00e4m\u00e4 rakenteet tuhottiin nykyaikana, koska Luoja piti hullunkurisia rakennelmia \u00e4rsytt\u00e4vin\u00e4.<\/p>\n<p align=\"center\">Hullunkuriset rakenteet olivat Luojan luomia puutteita, jotta vain hyv\u00e4t olennot s\u00e4ilyisiv\u00e4t elossa my\u00f6hemmille ajoille. My\u00f6hempin\u00e4 aikoina eli nykyaikana v\u00e4\u00e4ryydelliset olennot tuhottiin, koska he olivat rangaistuksen alaisia niin paljon. Luoja ei tiennyt mit\u00e4\u00e4n t\u00e4n\u00e4 aikana, sill\u00e4 h\u00e4nell\u00e4 oli henkil\u00f6kohtaisia ongelmia hyvin paljon. Luoja korjasi henkil\u00f6kohtaiset ongelmansa my\u00f6hempin\u00e4 aikoina, jolloin h\u00e4nest\u00e4 tuli taas superolento. Superolennot eiv\u00e4t ole niin v\u00e4\u00e4ryydellisi\u00e4 kuin muut olennot, ja siten he onnistuvat el\u00e4m\u00e4\u00e4n rangaistuksettoman el\u00e4m\u00e4n. El\u00e4m\u00e4t ovat yleens\u00e4 rangaistuksettomia, mutta ihmiset yleens\u00e4 aiheuttavat rangaistuksen omalla v\u00e4\u00e4ryydell\u00e4\u00e4n.<\/p>\n<p align=\"center\">Ulkoavaruuden ryhmittym\u00e4t eiv\u00e4t pid\u00e4 kirjoitelmista, jotka paljastavat heid\u00e4n toimintaansa, mutta he ovat silti Luojan vihollisia v\u00e4hemm\u00e4ss\u00e4 m\u00e4\u00e4rin. Sill\u00e4 he ymm\u00e4rt\u00e4v\u00e4t, ett\u00e4 heid\u00e4n tilanteesta tulee tiet\u00e4\u00e4 v\u00e4h\u00e4sen edes Maa planeetallamme. Kaikki Maa planeetan olennot eiv\u00e4t edes el\u00e4 universumissamme, vaan he el\u00e4v\u00e4t omissa kuvitelmissaan, ett\u00e4 kaikki sujuu t\u00e4ydellisesti heid\u00e4n ajatustensa mukaisesti. Vaikka he luulevat n\u00e4in, on heid\u00e4n vaikea havainnoida todellisuutta sellaisena kuin se on oikeaoppisemmin. Oikeaoppinen ymm\u00e4rrys on veren v\u00e4rinen ja kaikki on kauhealla tavalla j\u00e4rjestetty ja t\u00e4ll\u00e4 tavoin ymm\u00e4rrettyn\u00e4 Luojan j\u00e4rjestelm\u00e4t toimivat paremmin, koska sek\u00e4\u00e4n ei ole t\u00e4ydellisyytt\u00e4.<\/p>\n<p align=\"center\">Luojan j\u00e4rjestelm\u00e4ss\u00e4 on universumissamme puutteita, jotka eiv\u00e4t ole korjauskelvottomia. Korjauskelvottomat j\u00e4rjestelm\u00e4t olivat aiempien aikojen j\u00e4rjestelmi\u00e4. Korjauskelvottomat j\u00e4rjestelm\u00e4t olivat Luojan aukollisia j\u00e4rjestelmi\u00e4, joita ei voinut korjata mitenk\u00e4\u00e4n en\u00e4\u00e4. T\u00e4llaiset j\u00e4rjestelm\u00e4t on tuhottu t\u00e4n\u00e4 p\u00e4iv\u00e4n\u00e4, koska Luoja tuhosi v\u00e4\u00e4ryydelliset j\u00e4rjestelm\u00e4n tuhoajat kadotustuomiolla. Luoja ei pit\u00e4nyt tuhotuomiolaitteesta, koska se oli v\u00e4\u00e4ryydellinen. V\u00e4\u00e4ryydelliset laitteet on muutenkin tuhottu henkimaailmasta pois.<\/p>\n","protected":false},"excerpt":{"rendered":"<p>Julkaistu englanniksi\u00a016.2.2011, suomeksi 20.11.2012 1. Harmaat ja liskomiehet ovat parempaa porukkaa t\u00e4n\u00e4 p\u00e4iv\u00e4n\u00e4 kuin aiempina aikoina koskaan. Aiempina aikoina harmaat ja liskomiehet olivat kiroutuneita sotimisesta ja orjien ry\u00f6st\u00f6st\u00e4. Ry\u00f6stely loppui nykyaikana. Ulkoavaruuden ryhmittymiss\u00e4mme oli karseata el\u00e4m\u00e4\u00e4, koska Luojakin vihasi ulkoavaruuden ryhmittymi\u00e4mme, jotka olivat v\u00e4\u00e4ryydellisempi\u00e4 kuin kuviteltiinkaan. Ulkoavaruuden ryhmittym\u00e4mme olivat valareita ja lepakkomiehi\u00e4 jo t\u00e4n\u00e4 aikana, [&hellip;]<\/p>\n","protected":false},"author":1,"featured_media":0,"parent":124,"menu_order":0,"comment_status":"closed","ping_status":"closed","template":"","meta":{"footnotes":""},"class_list":["post-126","page","type-page","status-publish","hentry"],"_links":{"self":[{"href":"https:\/\/www.esoteria.fi\/newmain\/wp-json\/wp\/v2\/pages\/126","targetHints":{"allow":["GET"]}}],"collection":[{"href":"https:\/\/www.esoteria.fi\/newmain\/wp-json\/wp\/v2\/pages"}],"about":[{"href":"https:\/\/www.esoteria.fi\/newmain\/wp-json\/wp\/v2\/types\/page"}],"author":[{"embeddable":true,"href":"https:\/\/www.esoteria.fi\/newmain\/wp-json\/wp\/v2\/users\/1"}],"replies":[{"embeddable":true,"href":"https:\/\/www.esoteria.fi\/newmain\/wp-json\/wp\/v2\/comments?post=126"}],"version-history":[{"count":9,"href":"https:\/\/www.esoteria.fi\/newmain\/wp-json\/wp\/v2\/pages\/126\/revisions"}],"predecessor-version":[{"id":131,"href":"https:\/\/www.esoteria.fi\/newmain\/wp-json\/wp\/v2\/pages\/126\/revisions\/131"}],"up":[{"embeddable":true,"href":"https:\/\/www.esoteria.fi\/newmain\/wp-json\/wp\/v2\/pages\/124"}],"wp:attachment":[{"href":"https:\/\/www.esoteria.fi\/newmain\/wp-json\/wp\/v2\/media?parent=126"}],"curies":[{"name":"wp","href":"https:\/\/api.w.org\/{rel}","templated":true}]}}