{"id":139,"date":"2012-11-30T09:18:32","date_gmt":"2012-11-30T09:18:32","guid":{"rendered":"http:\/\/esoteria.fi\/?page_id=139"},"modified":"2012-11-30T09:18:32","modified_gmt":"2012-11-30T09:18:32","slug":"ulkoavaruuden-ryhmittymien-nykytilanne-2","status":"publish","type":"page","link":"https:\/\/www.esoteria.fi\/newmain\/uutiskirjeet\/ulkoavaruuden-ryhmittymien-nykytilanne-2\/","title":{"rendered":"Ulkoavaruuden ryhmittymien nykytilanne #2"},"content":{"rendered":"<p align=\"center\"><em>Julkaistu englanniksi\u00a023.5.2011, suomeksi 30.11.2012<\/em><\/p>\n<p align=\"center\">1.<\/p>\n<p align=\"center\">Ulkoavaruuden ryhmittym\u00e4t ovat taas muuttuneet. Ulkoavaruuden ryhmittym\u00e4t ovat muuntuneet Luojan j\u00e4rjestelm\u00e4n mukaisiksi. T\u00e4llaiset muutokset ovat Luojan j\u00e4rjestelm\u00e4n mukaisia muutoksia, joilla luodaan parempaa meininki\u00e4 universumiimme. Kaikki Universumin toiminnot ovat muuteltavissa, jolloin ulkoavaruuden ryhmittymi\u00e4mme voi muokata henkimaailman avulla. Henkimaailman avulla valareille tuli hieman ongelmia militarisminsa takia. Ulkoavaruuden ryhmittym\u00e4t eiv\u00e4t tee t\u00f6it\u00e4 ollenkaan, joten heid\u00e4t voi vaihtaa milloin haluamme. Jos heill\u00e4 olisi t\u00f6it\u00e4, vaihtaisimme ulkoavaruuden ryhmittym\u00e4t ty\u00f6t\u00e4 tekem\u00e4tt\u00f6miin, sill\u00e4 ulkoavaruuden ryhmittymill\u00e4 ei koskaan saa olla t\u00f6it\u00e4. Muuten universumimme kiroutuisi karseaan kuntoon, mik\u00e4 olisi haitallista kaikelle el\u00e4m\u00e4lle. Ty\u00f6t ulkoavaruuden ryhmittymill\u00e4mme kiroaisivat heid\u00e4t orjaty\u00f6voiman k\u00e4ytt\u00e4jiksi, mit\u00e4 ei saa tapahtua. Kaikki orjaty\u00f6voiman k\u00e4ytt\u00e4j\u00e4t ovat tyhmempi\u00e4 ihmisi\u00e4 kuin orjansa, mik\u00e4 kiroaa v\u00e4\u00e4ryydellist\u00e4 ajattelua.<\/p>\n<p align=\"center\">Kaikki ulkoavaruuden ryhmittymiss\u00e4mme ovat v\u00e4\u00e4ryydellisi\u00e4, sill\u00e4 ulkoavaruuden ryhmittym\u00e4t uhkailevat Maa planeettaa tulevia aikoja ajatellen. Tulevat ajat ovat v\u00e4\u00e4ryydellisempi\u00e4 kuin kuvitellaankaan, sill\u00e4 Luojankin toimesta tulee Maa planeetalle sotia. Luoja ei halua sotia Maa planeetalle, mutta niit\u00e4 saattaa tulla siltikin h\u00e4nen toimestaan. Sill\u00e4 h\u00e4nen j\u00e4rjestelm\u00e4ns\u00e4 haluavat sotia Maa planeetalla, mutta t\u00e4m\u00e4 johtuu siit\u00e4, etteiv\u00e4t j\u00e4rjestelm\u00e4t toimi hyvin. Kaikki toimivat j\u00e4rjestelm\u00e4t est\u00e4isiv\u00e4t sodank\u00e4ynnin, mutta rangaistuksen mukaisesti sotia saattaa sytty\u00e4. Kaikki Luojan j\u00e4rjestelm\u00e4t ovat v\u00e4\u00e4ryydellisempi\u00e4 kuin kuvitellaankaan ulkoavaruuden ryhmittymi\u00e4mme kohtaan, sill\u00e4 Luoja ei halunnut julkistetuksi Luojana, jotta h\u00e4n ei paljastuisi ulkoavaruuden ryhmittymillemme.<\/p>\n<p align=\"center\">Ulkoavaruuden ryhmittym\u00e4mme eiv\u00e4t tee mit\u00e4\u00e4n hy\u00f6dyllist\u00e4, sill\u00e4 heid\u00e4n on v\u00e4\u00e4ryydellist\u00e4 matkustaa Maa planeetalle nykyaikanamme. Ulkoavaruuden ryhmittym\u00e4t eiv\u00e4t pid\u00e4 matkustamisesta Maa planeetalle, sill\u00e4 Luoja on tehnyt virheit\u00e4 Maa planeetan ulkoavaruuden ryhmittymi\u00e4 kohtaan. Luoja ei pid\u00e4 en\u00e4\u00e4 ulkoavaruuden ryhmittymist\u00e4 Maa planeetan h\u00e4iritsij\u00f6in\u00e4, sill\u00e4 heid\u00e4t on paljastettu v\u00e4\u00e4ryydellisemmiksi ihmisolennoiksi. Maa planeetan ihmisolennot ovat t\u00e4ydellisempi\u00e4 kuin kuviteltiinkaan. Maa planeetalla oli karseata el\u00e4m\u00e4\u00e4 ulkoavaruuden ryhmittymien avulla aina silloin t\u00e4ll\u00f6in, kun avaruusalukset saivat tulla Maa planeetalle. Maa planeetan ulkoavaruuden olennot ovat valareita nykyp\u00e4iv\u00e4n\u00e4mme. Kaikki valarit itkev\u00e4t naurusta, jos he p\u00e4\u00e4sev\u00e4t Maa planeetalle, sill\u00e4 he haluavat Maa planeetan itselleen. Maa planeetallemme ei ole tullut ulkoavaruuden olentoja v\u00e4h\u00e4\u00e4n aikaan nykyhistorian aikaan. Nykyhistorian aikaan oltiin ilman ulkoavaruuden ryhmittymi\u00e4 rakentelu planeetan ominaisuuden vuoksi. Kaikki Maa planeetan ulkoavaruuden olennot olivat melko hyvi\u00e4 Maa planeetan py\u00f6rittelij\u00f6it\u00e4 nykyaikana, jolloin uskonnot py\u00f6ritteliv\u00e4t Maa planeettaa. Maa planeetan uskonnot py\u00f6ritteliv\u00e4t meininki\u00e4 Luojan kaltaisuuteen henkimaailman avulla. Kaikki ulkoavaruuden olentomme olivat v\u00e4\u00e4ryydellisempi\u00e4 Maa planeetan py\u00f6rittelij\u00f6it\u00e4 kuin Maa planeetan alkuper\u00e4iset asukkaat.<\/p>\n<p align=\"center\">Maa planeetallamme oli karseata el\u00e4m\u00e4\u00e4 nykyhistoriassakin, jolloin lopun aikoina emme voineet tehd\u00e4 juuri mit\u00e4\u00e4n muuta kuin v\u00e4\u00e4ryytt\u00e4. V\u00e4\u00e4ryydellisimm\u00e4t ihmiset tuhottiin nykyaikana. Nykyaikana olemme hyvin huonossa asemassa ulkoavaruuden ryhmittymi\u00e4 ajatellen aiemmista ajoista johtuen. Ulkoavaruuden ryhmittym\u00e4t ovat hy\u00f6kk\u00e4\u00e4m\u00e4ss\u00e4 Maa planeetalle hirvi\u00f6ily sodilla 2070-luvulla. T\u00e4ll\u00f6in ufo porukkamme el\u00e4v\u00e4t Luojan j\u00e4rjestelmill\u00e4 parempia el\u00e4mi\u00e4 kuin me Maa planeetallamme. T\u00e4ll\u00f6in ufo porukat saavat helpommin luvan tulla Maa planeetalle Luojan j\u00e4rjestelmien avulla. Maa planeetalta tuhottaisiin kaikki el\u00e4v\u00e4t olennot, jos ulkoavaruuden ryhmittym\u00e4t saisivat siihen luvan. Kaikki ulkoavaruuden ryhmittym\u00e4t eiv\u00e4t saa t\u00e4t\u00e4 lupaa, koska se on hyvin vaikea saada Luojan j\u00e4rjestelmilt\u00e4. Kaikki Maa planeetan asukkaat ovat hyvi\u00e4 tuhoutuneita okkulttisesti merkityksellisi\u00e4, jotta v\u00e4\u00e4ryydellisyys pysyy Maa planeetaltamme poissa. Maa planeetta tuhotaan nykyajan j\u00e4lkeen 2070-luvulla ulkoavaruuden ryhmittymien hy\u00f6kk\u00e4ykseen. Te ette tied\u00e4 heist\u00e4 mit\u00e4\u00e4n ennen kuin he tulevat pommittamaan t\u00e4m\u00e4n planeetan. Planeetat kuolevat avaruusolentojen pommituksiin, mutta Maa planeetalla on my\u00f6s armeija avaruudessa tuona aikana, jolloin Maa planeetta joutuu hy\u00f6kk\u00e4yksen kohteeksi. Maa planeetta on puolustettavissa maasodank\u00e4ynnill\u00e4, jolloin maasodalla voidaan saavuttaa voitto Ma planeetalle. Kaikki sodat k\u00e4yd\u00e4\u00e4n roboteilla siihen aikaan. Yksi robotti vastaa 300 ihmist\u00e4 siviileit\u00e4 lukuun ottamatta. Niill\u00e4 on k\u00e4yt\u00f6ss\u00e4\u00e4n torjunta kilvet sek\u00e4 ydinaseen kest\u00e4vyys. Robotit voivat kaivautua my\u00f6s maan alle ja tehd\u00e4 n\u00e4in yll\u00e4tys hy\u00f6kk\u00e4yksi\u00e4 pitk\u00e4n ajan kuluessa. Kaivautuminen voi tapahtua my\u00f6s routarajan alapuolelle, jolloin pohjoisen sodank\u00e4ynti keskittyisi kes\u00e4aikaan. Robotit eiv\u00e4t pid\u00e4 vedest\u00e4 paljoakaan, sill\u00e4 se ruostuttaa niit\u00e4, mutta ruostumattomasta ja kemikaaleja kest\u00e4v\u00e4st\u00e4 ter\u00e4ksest\u00e4 valmistettuna robotit t\u00e4ytt\u00e4v\u00e4t teht\u00e4v\u00e4ns\u00e4. Robotit tekev\u00e4t tuhoty\u00f6t\u00e4\u00e4n naapuriplaneetoillemme, sill\u00e4 Marsiin l\u00e4hetet\u00e4\u00e4n robotteja. Sielt\u00e4 k\u00e4sin ne voivat hy\u00f6k\u00e4t\u00e4 salatummin Maa planeetan avukasi. Robotti rintamia olisi n\u00e4in kaksi. Ihmiset ohjaavat robotteja paremmin kuin he itse\u00e4\u00e4n. Robotit my\u00f6s pit\u00e4v\u00e4t meit\u00e4 luojinansa, joille ei saa k\u00e4yd\u00e4 mit\u00e4\u00e4n pahaa robottien mielest\u00e4, jos ne eiv\u00e4t ala korruptoitumaan ihmisten inhottavuuden takia.<\/p>\n<p align=\"center\">2.<\/p>\n<p align=\"center\">Robotit itkev\u00e4t naurusta, sill\u00e4 ne eiv\u00e4t ole robotteja vaan ohjelmia omasta mielest\u00e4\u00e4n. Sill\u00e4 keho roboteilla on vain v\u00e4line ohjelmalle, joka py\u00f6ritt\u00e4\u00e4 koko robottia. Robotit ovat hyvin kauniita katsella, kun ne toimivat niin hyvin, mutta robotit ovat vaarallisempia kuin ihmiset ovat toisilleen. Kaikki ulkoavaruuden ryhmittym\u00e4mme ovat olleet v\u00e4\u00e4ryydellisi\u00e4 Maa planeetalle aiemmista ajoista l\u00e4htien. Ulkoavaruuden ryhmittym\u00e4t ovat olleet aiempina aikoina v\u00e4\u00e4ryydellisi\u00e4 Maa planeettaa kohtaan. Ulkoavaruuden ryhmittymill\u00e4mme ja Luojan j\u00e4rjestelmill\u00e4 on tarkoituksena tuhota Maa planeetan asujaimisto. T\u00e4m\u00e4 on v\u00e4\u00e4ryydellinen suunnitelma Luojankin mielest\u00e4, mutta j\u00e4rjestelm\u00e4 joutuu rankaisemaan kaikkia Maa planeetan ihmisi\u00e4.<\/p>\n<p align=\"center\">\u00a0Kaikki henkimaailman olennot olivat v\u00e4\u00e4ryydellisi\u00e4 toisilleen ja ihmisillekin. Henkimaailma haluaa rangaista Maa planeettaa v\u00e4\u00e4ryydellisyytt\u00e4\u00e4n. Enkelit ovat kironneet nuoret ihmiset ulkoavaruuden olentojen sotaa varten hirvi\u00f6ily toiminnallaan. Nuoret ovat l\u00e4hteneet Maa planeetalta muualle, mutta Maa planeetalla on viel\u00e4 alkuper\u00e4isasukkaita j\u00e4ljell\u00e4 melkoisesti. My\u00f6hempin\u00e4 aikoina Maa planeetta tullaan tyhjent\u00e4m\u00e4\u00e4n hyvist\u00e4 olennoista, jotta Maa planeetalle voitaisiin hy\u00f6k\u00e4t\u00e4 ulkoavaruuden ryhmittymist\u00e4mme. T\u00e4llainen suunnitelma sopisi Luojalle huonommin kuin voimme kuvitellakaan, mutta siin\u00e4 on vinha per\u00e4. Kaikki Luojan j\u00e4rjestelm\u00e4t kaatuisivat siihen, sill\u00e4 ulkoavaruuden ryhmittym\u00e4t eiv\u00e4t saa koskaan en\u00e4\u00e4 tulla Maa planeetalle Luojan luvalla ainakaan. Henkimaailma voi kuitenkin antaa t\u00e4h\u00e4n luvan, sill\u00e4 henkimaailma on v\u00e4\u00e4ryydellisempi Luojalle kuin kuviteltiinkaan.<\/p>\n<p align=\"center\">Ulkoavaruuden ryhmittym\u00e4t ovat karseita kaikille, mutta ulkoavaruuden ryhmittymiss\u00e4mme oli niin uhkaavia ryhmi\u00e4, ett\u00e4 he tappoivat Luojankin mielikuvissaan. Sitten Luoja lopetti sopimukset ulkoavaruuden ryhmittymien kanssa. Luoja ei voinut toimia ulkoavaruuden ryhmittymien kanssa, sill\u00e4 he uhkailivat Luojaa liikaa. Niinp\u00e4 Luoja v\u00e4hensi taas ulkoavaruuden ryhmittymi\u00e4, jotta heill\u00e4 ei olisi asevoimia liian paljon. Kaikki asevoimat ulkoavaruuden ryhmittymill\u00e4 ovat heikennettyj\u00e4, jotta Luojalle saataisiin mahdollisuuksia pelastaa Maa planeetta. Maa planeetta on ulkoavaruuden olentojen uhan alainen my\u00f6hempin\u00e4 aikoina. Ulkoavaruuden olentojen uhka ei ole en\u00e4\u00e4 entisens\u00e4, sill\u00e4 valarit kuulivat, mit\u00e4 heille tapahtuu heid\u00e4n vallattua Maa planeetan alueita itselleen. Heid\u00e4t tultaisiin tuhoamaan henkimaailman avulla niin karseaan kuntoon kuin mahdollista, sill\u00e4 Maa planeetan tuhoaminen nykyajan j\u00e4lkeen on v\u00e4\u00e4ryydellisemp\u00e4\u00e4 kuin kuviteltiinkaan. Maa planeetallemme on syntynyt monia v\u00e4\u00e4ryydellisi\u00e4 lajeja, jotka voisi ulkoavaruuden ryhmittymill\u00e4mme tuhota ja ottaa haltuun heid\u00e4n alueensa, mutta Luoja on muokannut henkimaailman olentoja, jotta uhka Maa planeetalle ei jatkuisi.<\/p>\n<p align=\"center\">Kaikki uhka ulkoavaruuden olennoilta on v\u00e4\u00e4ryydellisemp\u00e4\u00e4 kuin kuviteltiinkaan. Jotta Maa planeetalla voisi olla el\u00e4m\u00e4\u00e4, tulee ulkoavaruuden olentojen uhka tuhota mahdollisuuksien mukaisesti. Ulkoavaruuden olentojen uhka on hieman v\u00e4\u00e4ryydellist\u00e4 Luojalle, joka on hyvin viisas olento. Kaikki ulkoavaruuden uhat ovat v\u00e4\u00e4ryydellisempi\u00e4 kuin kuviteltiinkaan henkimaailmassa. Siten ulkoavaruuden uhat ovat v\u00e4\u00e4ryydellist\u00e4neet Maa planeettaa jo. Luojan sopimukset loppuvat t\u00e4h\u00e4n ulkoavaruuden ryhmittymill\u00e4mme, sill\u00e4 Luoja vihaa ulkoavaruuden ryhmittymi\u00e4 silmitt\u00f6m\u00e4sti, koska he ovat niin l\u00f6per\u00f6ityneit\u00e4 tuntemuksiltaan, ett\u00e4 he eiv\u00e4t ymm\u00e4rr\u00e4 kehityksen t\u00e4rkeytt\u00e4. Kaikki ulkoavaruuden ryhmittym\u00e4mme ovat silti uhkailemassa Maa planeettaa suuremmassa mittakaavassa kuin kuviteltiinkaan. Maa planeetalla tulee olemaan ulkoavaruuden olentojen sota joskus tulevaisuudessa, jos Luojan j\u00e4rjestelm\u00e4t tuhottiin Maa planeetalta kokonaan pois.<\/p>\n<p align=\"center\">Ulkoavaruuden ryhmittymiss\u00e4mme Luojan j\u00e4rjestelm\u00e4t tuhoutuivat, koska Luoja oli niin v\u00e4\u00e4ryydellinen ulkoavaruuden ryhmittymi\u00e4mme kohtaan. Ulkoavaruuden ryhmittymiss\u00e4mme tehtiin niin paljon v\u00e4\u00e4ryytt\u00e4, ett\u00e4 Luoja ei kest\u00e4nyt kuvitellakaan ulkoavaruuden ryhmittymien v\u00e4\u00e4ryytt\u00e4. Ulkoavaruuden ryhmittym\u00e4mme eiv\u00e4t olleet hyvin menestyvi\u00e4 en\u00e4\u00e4 nykyp\u00e4iv\u00e4n\u00e4mme, sill\u00e4 ulkoavaruuden ryhmittym\u00e4mme on tuhottu henkimaailman avulla alemmalle tasollensa. Kaikki ulkoavaruuden ryhmittymiss\u00e4mme olivat v\u00e4\u00e4ryydellisempi\u00e4 kuin kuviteltiinkaan, koska Luoja oli rikkonut ulkoavaruuden ryhmittymille antamansa lupauksen, joka oli seuraavanlainen: Kaikki ulkoavaruuden ryhmittym\u00e4t saavat t\u00f6rkeill\u00e4 Maa planeetalle, kunhan ulkoavaruuden ryhmittym\u00e4t eiv\u00e4t tule Maa planeetalle v\u00e4\u00e4ryydellisemmin kuin voimme kuvitella.<\/p>\n<p align=\"center\">3.<\/p>\n<p align=\"center\">Ulkoavaruuden ryhmittymill\u00e4mme ei tule olemaan Luojan j\u00e4rjestelmiss\u00e4 mit\u00e4\u00e4n asiaa Maa planeetallemme. Joten Maa planeetalla taidetaan v\u00e4ltt\u00e4\u00e4 ulkoavaruuden olentojen sota my\u00f6hempin\u00e4 aikoina, vaikkei v\u00e4ltettyk\u00e4\u00e4n, sill\u00e4 Luojan j\u00e4rjestelm\u00e4ss\u00e4 on v\u00e4\u00e4ryydellisemp\u00e4\u00e4 puhua edes ulkoavaruuden olentojen sodasta v\u00e4\u00e4ryydellisemmin kuin voimme kuvitellakaan. V\u00e4\u00e4ryydellisemm\u00e4t ulkoavaruuden olentojen sodat voivat tulla Maa planeetalle, sill\u00e4 ne ovat v\u00e4\u00e4ryydellisempi\u00e4 kuin voimme kuvitellakaan. Kaikki v\u00e4\u00e4ryydelliset ihmiset eiv\u00e4t tied\u00e4 ulkoavaruuden olentojen sodasta mit\u00e4\u00e4n, sill\u00e4 v\u00e4\u00e4ryydelliset ihmiset haluavat t\u00e4nne Maa planeetalle ulkoavaruuden olentojen sodan. V\u00e4\u00e4ryydellisimm\u00e4t ihmiset ovat aiheuttaneet ulkoavaruuden olentojen sodasta ajatuksia, koska he ovat v\u00e4\u00e4ryydellisempi\u00e4 kuin voimme kuvitellakaan. Kaikki v\u00e4\u00e4ryydelliset ihmiset on tuhottu henkimaailman tasolla, koska nykyaikana se oli mahdollista.<\/p>\n<p align=\"center\">Kaikkien v\u00e4\u00e4ryydellisempien ihmisten ajatukset ovat ulkoavaruuden olentojen sodan kannalla, koska se on v\u00e4\u00e4ryydellisint\u00e4 toimintaa. V\u00e4\u00e4ryydellinen toiminta on huippuv\u00e4\u00e4ryydellist\u00e4, jos on kyse sotatilanteesta. Sotatilanteet ovat huippuv\u00e4\u00e4ryydellisi\u00e4, eik\u00e4 Luoja halua niit\u00e4 tapahtuvan. N\u00e4in sotatilanteet ovat v\u00e4ltett\u00e4viss\u00e4 Luojan avulla. Luoja ei ole rauhaa vihaava, mutta h\u00e4n joutuu joskus sotimaankin v\u00e4\u00e4ryydellisesti tunteillen. V\u00e4\u00e4ryydelliset tuntemukset ovat v\u00e4\u00e4ryydellisi\u00e4, koska v\u00e4\u00e4ryydelliset ihmiset tappavat muita ihmisi\u00e4 henkisesti ja fyysisesti enemm\u00e4n kuin muut. Fyysiset ongelmat ovat henkimaailman ty\u00f6ntekij\u00f6iden ongelmia. Fyysisen maailman ongelmat ovat henkimaailman ongelmia, koska henkimaailmassa on fyysiset kehot henkimaailman olennoilla. Fyysiset kehot ovat t\u00e4rkeit\u00e4 yll\u00e4pit\u00e4\u00e4kseen henkimaailman toimintoja. Henkimaailman ongelmia ovat fyysisen maailman ongelmat, koska henkimaailmassa on v\u00e4\u00e4ryydellisi\u00e4 olentoja rikkomassa fyysisen maailman toimintoja. T\u00e4llainen toiminta on estetty jossain m\u00e4\u00e4rin.<\/p>\n<p align=\"center\">Ulkoavaruuden ryhmittym\u00e4mme ovat v\u00e4\u00e4ryydellisempi\u00e4 kuin kuviteltiinkaan aiempina aikoina. Ulkoavaruuden ryhmittym\u00e4mme eiv\u00e4t tied\u00e4 mit\u00e4 tehd\u00e4, koska Maa planeetta on kuin herhil\u00e4ispes\u00e4 ampiaisille. Fyysisen maailman toiminnot ovat hieman \u00e4lykkyytt\u00e4 vaativia, ja ulkoavaruuden olennoillamme on \u00e4lykkyytt\u00e4 hieman v\u00e4hemm\u00e4n kuin pyh\u00e4ll\u00e4 planeetallamme. T\u00e4m\u00e4 eroavaisuus johtuu Luojan j\u00e4rjestelmist\u00e4 Maa planeetallamme. Kaikki Luojan j\u00e4rjestelm\u00e4t tuhottiin ulkoavaruuden olennoillamme nykyaikana, vaikkei tuhottukaan, koska ulkoavaruuden ryhmittymien j\u00e4rjestelm\u00e4t tuhottiinkin Maa planeetan j\u00e4rjestelm\u00e4ll\u00e4. Luoja siis tuhosi ulkoavaruuden ryhmittym\u00e4t Maa planeetalta k\u00e4sin v\u00e4\u00e4ryydellisemmin kuin voimme kuvitellakaan. Ulkoavaruuden ryhmittymill\u00e4mme on paljon v\u00e4\u00e4ryytt\u00e4 takanaan. Ulkoavaruuden ryhmittymill\u00e4mme on paljon ongelmia Luojan kanssa, sill\u00e4 h\u00e4n on super olento, jollaisia ei ole kuin yksi. Kaikki super olennot ovat Luojan vihaamia, jos he ovat v\u00e4\u00e4ryydellisempi\u00e4 kuin on kuviteltukaan. Luoja vihaa v\u00e4\u00e4ryydellisi\u00e4 olentojaan.<\/p>\n<p align=\"center\">Ulkoavaruuden ryhmittym\u00e4mme ovat superolentoja l\u00e4hell\u00e4, sill\u00e4 heit\u00e4 johtaa el\u00e4v\u00e4t ulkoavaruuden olennot, jotka ovat hieman pyhempi\u00e4 olentoja kuin kuviteltiinkaan. Kaikki ulkoavaruuden olentomme ovat v\u00e4\u00e4ryydellisempi\u00e4 kuin Maa planeetan asukkaat, koska Maa planeetan asukkaat el\u00e4v\u00e4t Luojan j\u00e4rjestelmiss\u00e4. Maa planeetalla on Luojan j\u00e4rjestelm\u00e4t, sill\u00e4 Maa planeetan asetukset ovat samat kuin Maa planeetan asetukset alkuper\u00e4isess\u00e4 universumissa tuhansien miljardien vuosien takaa. T\u00e4ll\u00f6in Maa planeetta on Luojan asettamana ollut enemm\u00e4n kuin mik\u00e4\u00e4n muu planeetta tai alue. Luojan j\u00e4rjestelm\u00e4t tuhoutuivat, koska Luoja rupesi itkem\u00e4\u00e4n naurusta kaikille v\u00e4\u00e4ryydellisille, jotka olivat v\u00e4\u00e4ryydellisempi\u00e4 kuin voimme kuvitellakaan. V\u00e4\u00e4ryydelliset olivat tuhoutuneita ihmisolentoja henkimaailman tasolla. N\u00e4in supernoituudetkin l\u00e4htiv\u00e4t pois.<\/p>\n<p align=\"center\">Ulkoavaruuden ryhmittym\u00e4mme ovat hyvi\u00e4 olentoja itselleen ainoastaan, mik\u00e4 on Luojan mukaan hyv\u00e4n ihmisen m\u00e4\u00e4ritelm\u00e4 vitsaillen. T\u00e4m\u00e4 on hyvin v\u00e4\u00e4ryydellinen vitsi henkimaailman mielest\u00e4, sill\u00e4 henkimaailma on tuhonnut Luojan vitsailut aiempina aikoina, mutta Luoja ei saanut vihatuksi omaa vitsi\u00e4\u00e4n nykyajan j\u00e4rjestelmill\u00e4mme. Luoja on hyvin huvittava olento vitsailuillaan, joista ei kukaan ymm\u00e4rr\u00e4 juuri mit\u00e4\u00e4n, kuin muuten vaan. Kaikki ulkoavaruuden ryhmittym\u00e4t ovat t\u00e4ysin v\u00e4\u00e4ryydellisi\u00e4 Luojan j\u00e4rjestelm\u00e4n planeetalle eli Maa planeetalle. Ulkoavaruuden ryhmittym\u00e4t joutuvat lopettamaan uhkailunsa my\u00f6hempin\u00e4 aikoina, koska Maa planeetta on tuhottu muilla keinoin my\u00f6hempin\u00e4 aikoina. Maa planeetan ulkoavaruuden ryhmittym\u00e4t ovat v\u00e4\u00e4ryydellisi\u00e4 Maa planeetalle. Luojan armeija tuhoaa Maa planeetan my\u00f6hempin\u00e4 aikoina. Hekin ovat valareita ja he asuvat Kuun sis\u00e4ll\u00e4. Heill\u00e4 on asevoimia enemm\u00e4n kuin muilla yhteens\u00e4. Asetuslupien avulla he voivat tuhota kaikki Maa planeetalla pieness\u00e4 hetkess\u00e4. Maa planeetan valar itkee naurusta, sill\u00e4 valloittaja ulkoavaruuden ryhmittym\u00e4t eiv\u00e4t saisi Maa planeettaa haltuunsa koskaan, sill\u00e4 Luojan armeija tuhosi heid\u00e4t jo aiempina aikoinakin. Aiempina aikoina Luojan armeija on tuhonnut Maa planeetan maasodallakin, jolloin puolustuskyky on t\u00e4rke\u00e4 Maa planeetalle. Maa planeetan j\u00e4rjestelm\u00e4t tuhottiin nykyaikana iluj\u00e4rjestelm\u00e4st\u00e4, uhrij\u00e4rjestelm\u00e4st\u00e4 ja okkultistien j\u00e4rjestelm\u00e4st\u00e4 Pyhyys j\u00e4rjestelm\u00e4ksi, jota on hyvin vaikea havaita, sill\u00e4 Maa planeetta on hidas muuttumaan.<\/p>\n","protected":false},"excerpt":{"rendered":"<p>Julkaistu englanniksi\u00a023.5.2011, suomeksi 30.11.2012 1. Ulkoavaruuden ryhmittym\u00e4t ovat taas muuttuneet. Ulkoavaruuden ryhmittym\u00e4t ovat muuntuneet Luojan j\u00e4rjestelm\u00e4n mukaisiksi. T\u00e4llaiset muutokset ovat Luojan j\u00e4rjestelm\u00e4n mukaisia muutoksia, joilla luodaan parempaa meininki\u00e4 universumiimme. Kaikki Universumin toiminnot ovat muuteltavissa, jolloin ulkoavaruuden ryhmittymi\u00e4mme voi muokata henkimaailman avulla. Henkimaailman avulla valareille tuli hieman ongelmia militarisminsa takia. Ulkoavaruuden ryhmittym\u00e4t eiv\u00e4t tee t\u00f6it\u00e4 ollenkaan, [&hellip;]<\/p>\n","protected":false},"author":1,"featured_media":0,"parent":124,"menu_order":0,"comment_status":"closed","ping_status":"closed","template":"","meta":{"footnotes":""},"class_list":["post-139","page","type-page","status-publish","hentry"],"_links":{"self":[{"href":"https:\/\/www.esoteria.fi\/newmain\/wp-json\/wp\/v2\/pages\/139","targetHints":{"allow":["GET"]}}],"collection":[{"href":"https:\/\/www.esoteria.fi\/newmain\/wp-json\/wp\/v2\/pages"}],"about":[{"href":"https:\/\/www.esoteria.fi\/newmain\/wp-json\/wp\/v2\/types\/page"}],"author":[{"embeddable":true,"href":"https:\/\/www.esoteria.fi\/newmain\/wp-json\/wp\/v2\/users\/1"}],"replies":[{"embeddable":true,"href":"https:\/\/www.esoteria.fi\/newmain\/wp-json\/wp\/v2\/comments?post=139"}],"version-history":[{"count":3,"href":"https:\/\/www.esoteria.fi\/newmain\/wp-json\/wp\/v2\/pages\/139\/revisions"}],"predecessor-version":[{"id":146,"href":"https:\/\/www.esoteria.fi\/newmain\/wp-json\/wp\/v2\/pages\/139\/revisions\/146"}],"up":[{"embeddable":true,"href":"https:\/\/www.esoteria.fi\/newmain\/wp-json\/wp\/v2\/pages\/124"}],"wp:attachment":[{"href":"https:\/\/www.esoteria.fi\/newmain\/wp-json\/wp\/v2\/media?parent=139"}],"curies":[{"name":"wp","href":"https:\/\/api.w.org\/{rel}","templated":true}]}}