{"id":152,"date":"2012-12-03T11:00:34","date_gmt":"2012-12-03T11:00:34","guid":{"rendered":"http:\/\/esoteria.fi\/?page_id=152"},"modified":"2012-12-06T15:54:22","modified_gmt":"2012-12-06T15:54:22","slug":"ulkoavaruuden-ryhmittymien-nykytilanne-4","status":"publish","type":"page","link":"https:\/\/www.esoteria.fi\/newmain\/uutiskirjeet\/ulkoavaruuden-ryhmittymien-nykytilanne-4\/","title":{"rendered":"Ulkoavaruuden ryhmittymien nykytilanne #4"},"content":{"rendered":"<p align=\"CENTER\"><em><span style=\"font-family: 'Times New Roman', serif;\"><span style=\"font-size: medium;\">Julkaistu englanniksi 3.5.2012, suomeksi 3.12.2012<\/span><\/span><\/em><\/p>\n<p align=\"CENTER\">1.<\/p>\n<p align=\"CENTER\"><span style=\"font-family: 'Times New Roman', serif;\"><span style=\"font-size: medium;\">Ulkoavaruuden olennot olivat hyvi\u00e4 kavereita muiden ulkoavaruuden olentojen kanssa aiempina aikoina, mutta nykyp\u00e4iv\u00e4n\u00e4 ulkoavaruuden okkultistit tappoivat niin paljon fyysisi\u00e4 olentoja ulkoavaruuden alueilla, ett\u00e4 heill\u00e4 ei ollut mit\u00e4\u00e4n okkultismi merkityst\u00e4 t\u00e4n\u00e4 aikana kun ulkoavaruuden okkultistit tappoivat heit\u00e4. Kaikki ulkoavaruuden okkultistit tekiv\u00e4t pahojaan Maa planeetallakin, jolloin Maa planeetan asukkaat tekiv\u00e4t okkultisteille hyvi\u00e4 tekoja, jotka johtivat lis\u00e4\u00e4ntyv\u00e4\u00e4n v\u00e4\u00e4ryydellisyyteen universumissamme. Kaikki Maa planeetan okkultistit olivat hyvin v\u00e4\u00e4ryydellisi\u00e4 tukiessaan ulkoavaruudesta tulleita okkultisteja, jotka olivat selv\u00e4sti pahempaa porukkaa kuin Maa planeetan alkuper\u00e4iset asukkaat. Kaikki v\u00e4\u00e4ryydelliset olennot olivat hyvin teenn\u00e4isi\u00e4 ulkoavaruuden olennoille, koska he olivat j\u00e4rjestelm\u00e4ss\u00e4\u00e4n korkeammalla tasolla kuin mit\u00e4 Maa planeetan j\u00e4rjestelm\u00e4t olivat. <\/span><\/span><\/p>\n<p align=\"CENTER\"><span style=\"font-size: medium; font-family: 'Times New Roman', serif;\">Kaikki ulkoavaruuden olennot tekev\u00e4t viel\u00e4 pahaa ty\u00f6t\u00e4\u00e4n my\u00f6hempin\u00e4 aikoina, koska ulkoavaruuden olennot tulevat t\u00e4nne ehk\u00e4 jo 2050-luvulla. 2050-luvulla ovat teknologiat paljon pidemm\u00e4ll\u00e4 kuin mit\u00e4 ne nyt ovat, ja on mahdollista, ett\u00e4 ulkoavaruuden olennot tulevat havaituksi tulevaisuuden teknologioilla, heid\u00e4n liikkuessa Maa planeetalla. Maa planeetalla on siis t\u00e4llaisia toimenpiteit\u00e4 teht\u00e4viss\u00e4, joissa ulkoavaruuden olennot havaitaan laittein hyvin tarkasti laskelmoiden ja havainnoiden ymp\u00e4rist\u00f6\u00e4mme. Kaikkien ulkoavaruuden olentojen laitteet ovat t\u00e4llaisia toisensa havaitsevia, jolloin kaikki ulkoavaruuden olennot ovat teknologisesti ylivertaisia nykyaikaan n\u00e4hden Maa planeetan teknologioihin verrattuna. T\u00e4m\u00e4 on selke\u00e4\u00e4 tietoa Maa planeetan olennoille, sill\u00e4 he pit\u00e4v\u00e4t avaruusaluksia ulkoavaruuden olennoilla jopa henkimaailman toimintana. He ovat kuitenkin j\u00e4ljess\u00e4 henkimaailman toiminnoista, joiden avulla on aivan kaikki mahdollista, kuitenkin vain tarpeen tullen. Kaikki ulkoavaruuden olennot ovat hyvin kieroutuneita henkimaailmasta, sill\u00e4 he tuntevat henkimaailman ylivertaisuuden niin, ett\u00e4 he ovat pyhempi\u00e4 kuin ulkoavaruuden olennot ulkoavaruuden olentojen mielest\u00e4. Maa planeetalla asuu kuitenkin pyhempi\u00e4 olentoja, kuin mit\u00e4 henkimaailmassa asuu, jolloin ulkoavaruuden olennot ovat hyvin v\u00e4\u00e4ryydellisi\u00e4 ajatellessaan Maa planeettaa, koska ulkoavaruuden olennot ovat viel\u00e4 v\u00e4\u00e4ryydellisempi\u00e4 kuin henkimaailman olennot ovat ja taasen Maa planeetalla asuu olentoja, jotka ovat v\u00e4hemm\u00e4n v\u00e4\u00e4ryydellisi\u00e4 kuin ulkoavaruuden tai henkimaailman olennot.<\/span><\/p>\n<p align=\"CENTER\"><span style=\"font-size: medium; font-family: 'Times New Roman', serif;\">Henkimaailman olennot ovat kaikenkaikkisesti v\u00e4\u00e4ryydellisempi\u00e4 kuin ulkoavaruuden olennot. Ulkoavaruuden olennoillamme on hyvin paljon v\u00e4\u00e4ryytt\u00e4 mukanaan, mutta he ovat henkiolennoiltaan v\u00e4hemm\u00e4n v\u00e4\u00e4ryydellisi\u00e4 kuin henkimaailman olennot ovat. Henkimaailmassa ulkoavaruuden olennot korjaavat itse\u00e4\u00e4n henkimaailman toiminnoin aina kun he ovat siell\u00e4. Sotiensa j\u00e4lkeen ulkoavaruuden olennot tekiv\u00e4t paljon v\u00e4\u00e4ryydellisi\u00e4 toimintoja henkimaailmaan, jossa harmaat ja liskomiehet eiv\u00e4t saaneet el\u00e4\u00e4 henkimaailmassakaan. T\u00e4m\u00e4 oli v\u00e4\u00e4ryydellist\u00e4 noituutta, eik\u00e4 Luoja ymm\u00e4rt\u00e4nyt, ett\u00e4 valarit haluavat itselleen Maa planeetankin, jolloin koko Maa planeetta tulee olemaan kuin valareiden nukke teatteri. Maa planeetalle on tehty uusia j\u00e4rjestelyit\u00e4 ulkoavaruuden olentojen varalta, jolloin ulkoavaruuden olennot tulevat Maa planeetalle yst\u00e4vin\u00e4mme, sill\u00e4 ulkoavaruuden olennot luulevat, ett\u00e4 he p\u00e4rj\u00e4\u00e4v\u00e4t Maa planeetalle sodassa huonommin kuin voimme kuvitellakaan. Kaikki ulkoavaruuden olennot ovat hyvin kiroutuneita Maa planeetan suhteen viel\u00e4 t\u00e4n\u00e4 p\u00e4iv\u00e4n\u00e4kin, mutta Maa planeettalaiset ovat jo oppineet ymm\u00e4rt\u00e4m\u00e4\u00e4n ulkoavaruuden olentojen tarpeita, mik\u00e4 auttaa meit\u00e4 sotimaan heit\u00e4 vastaan, sill\u00e4 jos valar pit\u00e4\u00e4 meist\u00e4 on heid\u00e4n vaikeampi saada lupaa sotaan.<\/span><\/p>\n<p align=\"CENTER\">\u00a0<span style=\"font-size: medium; font-family: 'Times New Roman', serif;\">Kaikki valarit ovat hyvin v\u00e4\u00e4ryydellisi\u00e4 olentoja, joilla on v\u00e4\u00e4ryytt\u00e4 mukanaan Maa planeetan asukkaille. Valareilla on hyvin paljon v\u00e4\u00e4ryytt\u00e4 mukanaan, mutta he eiv\u00e4t ole niin karseita kuin harmaat ja liskomiehet olisivat olleet samanlaisessa tilanteessa, kuin miss\u00e4 Maa planeetta on nykyaikana valareiden kanssa. Valarit ovat hyvin kiroutuneita Maa planeetan asukkaista, koska Maa planeetan asukkaat ovat olleet okkultismi merkityksellisesti valareiden vihamiehin\u00e4.<\/span><\/p>\n<p align=\"CENTER\"><span style=\"font-size: medium; font-family: 'Times New Roman', serif;\">Ulkoavaruuden olentojen ryhmittymill\u00e4mme oli hyvin paljon orjaty\u00f6voimaa. Orjaty\u00f6voima on hyvin kiroavaa toimintaa, koska se on hyvin v\u00e4\u00e4ryydellist\u00e4 toimintaa. Orjaty\u00f6t\u00e4 teett\u00e4v\u00e4t ulkoavaruuden ryhmittym\u00e4t ovat hyvin karseita kaikille olennoillemme. He vain uskottelevat olevansa hyvi\u00e4 olentoja. Ulkoavaruudessamme on hyvin paljon v\u00e4\u00e4ryydellisi\u00e4 ryhmittymi\u00e4, jotka tekev\u00e4t orjaty\u00f6voimalla kaiken. Kaikki orjaty\u00f6voimamme ulkoavaruuden olennoilla ovat hyvin v\u00e4\u00e4ryydellisi\u00e4 toimenpiteit\u00e4. Orjaty\u00f6voiman kaikki kiroukset ovat karseita katseltavia, sill\u00e4 orjien k\u00e4ytt\u00e4j\u00e4t eiv\u00e4t ymm\u00e4rr\u00e4 el\u00e4m\u00e4n tarkoitusta juuri ollenkaan, kun taas orjat ymm\u00e4rt\u00e4v\u00e4t el\u00e4m\u00e4n tarkoituksen. El\u00e4m\u00e4n tarkoitus on taistella v\u00e4\u00e4ryytt\u00e4 vastaan. Kaikkien el\u00e4m\u00e4ntarkoituksen tulisi olla t\u00e4llainen, jolloin kaikki edistyisiv\u00e4t v\u00e4\u00e4ryytt\u00e4 vastustamalla.<\/span><\/p>\n<p align=\"CENTER\">\u00a0<span style=\"font-size: medium; font-family: 'Times New Roman', serif;\">Kaikki orjaty\u00f6ntekij\u00e4t ovat kiroutuneita olentoja aiemmilta ajoiltaan, jolloin he rangaistuksen omaisesti ansaitsivat el\u00e4m\u00e4n orjuutettuna ihmisille. He ovat siis aiempien aikojen orjien k\u00e4ytt\u00e4ji\u00e4, joilla oli hyvin v\u00e4\u00e4ryydellist\u00e4 toimintaa. Kaikki toiminnot ovat orjien k\u00e4ytt\u00e4jill\u00e4 kiroutuneet my\u00f6hemmille ajoille asti, kunnes he unohtavat k\u00e4ytt\u00e4neens\u00e4 orjia aiempina aikoina, ja t\u00e4ll\u00f6in he joutuvat uhan alaiseksi tulla itse orjuutetuiksi. Ulkoavaruuden ryhmittymiss\u00e4mme on hyvin v\u00e4\u00e4ryydellisi\u00e4 olentoja, jotka tekev\u00e4t pahaa ty\u00f6t\u00e4\u00e4n Maa planeetankin p\u00e4\u00e4nmenoksi. Maa planeetallamme on ulkoavaruuden olentoja sek\u00e4 Maan pinnalla ett\u00e4 ulkoavaruuden olentojen avaruusaluksissa. Kaikki ulkoavaruuden olennot ovat siis hyvin v\u00e4\u00e4ryydellisi\u00e4 Maa planeetallemme. Kaikilla ulkoavaruuden olennoillamme on hyvin kiroutunut k\u00e4sitys Maa planeetan asioista, koska he ovat hyvin v\u00e4\u00e4ryydellisi\u00e4 Maa planeettaa kohtaan. Kaikilla olennoillamme on hyvin paljon v\u00e4\u00e4ryytt\u00e4 mukanaan, joten my\u00f6s ulkoavaruuden olennoilla on v\u00e4\u00e4ryytt\u00e4 mukanaan Maa planeetalla ollessaan. Ulkoavaruuden olennot ovat hyvin kieroutuneita Maa planeettaa kohtaan, koska t\u00e4\u00e4ll\u00e4 on uhkailtu ulkoavaruuden poliiseille liika, mist\u00e4 ulkoavaruuden olennot ovat p\u00e4\u00e4telleen Maa planeetan asukkaiden vihaavan ulkoavaruuden olentoja.<\/span><\/p>\n<p align=\"CENTER\">\u00a02.<\/p>\n<p align=\"CENTER\"><span style=\"font-family: 'Times New Roman', serif;\"><span style=\"font-size: medium;\">Ulkoavaruuden olennoillamme on hyvin kiroutuneet ajatukset Maa planeetan asukkaita kohtaan. Kaikki Maa planeetan asukkaat ovat siis kironneet ulkoavaruuden olentoja hyvin v\u00e4\u00e4ryydellisesti. T\u00e4llainen voi johtaa sotatilaan jossain vaiheessa tulevaisuudessa, koska ulkoavaruuden olennot p\u00e4\u00e4sev\u00e4t Maa planeetalle jonakin p\u00e4iv\u00e4n\u00e4 my\u00f6hempin\u00e4 aikoina. Jonakin p\u00e4iv\u00e4n\u00e4 kaikki ulkoavaruuden olennot ovat hyvin vaarallisia Maa planeetallemme, koska kun he saavat luvan n\u00e4ky\u00e4 Maa planeetalle, tulee silloin sodan uhka Maa planeetan ja ulkoavaruuden olentojen v\u00e4lille. Sodan uhka on niin v\u00e4\u00e4ryydellinen kuin voit vain kuvitella. Silloin Maa planeetan asukkailla on hyvin v\u00e4h\u00e4n aseita ulkoavaruuden olentojen aseisiin verrattuna, koska he ovat valmistelleet aseensa erityisesti Maa planeettaa varten, kun taas Maa planeetalla on aseita vain toisia Maa planeetan asukkaita varten. Ulkoavaruuden olentoja vastaan k\u00e4ytetyt aseet ovat viel\u00e4 kehitteill\u00e4, koska ulkoavaruuden olennot ovat tukahduttaneet tietoja asevoimistaan. Kaikki haaksirikkoutuneet ulkoavaruuden olentojen alukset ja kanavoiduin tiedoin hankitut asetiedot ovat Maa planeetan ainoat tietol\u00e4hteet ulkoavaruuden olentojen k\u00e4ytt\u00e4mist\u00e4 aseista. Ulkoavaruuden olentoja on my\u00f6s napattu henkil\u00f6in\u00e4 heid\u00e4n Maa planeetalla ollessaan ja heit\u00e4 on kidutettukin saadaksemme tietoa heid\u00e4n asevoimistaan. Kaikki Maa planeetan olennot ovat rangaistavissa ulkoavaruuden olennoilla my\u00f6hempin\u00e4 aikoina, jolloin tekopyh\u00e4t ihmiset Maa planeetalla tulevat kokemaan kaiken karseuden ulkoavaruuden olennoilta, jotta Maa planeetasta tulisi my\u00f6hemmin pyhempi planeetta.<\/span><\/span><\/p>\n<p align=\"CENTER\"><span style=\"font-family: 'Times New Roman', serif;\"><span style=\"font-size: medium;\">Kaikki Maa planeetan olennot ovat hyvin v\u00e4\u00e4ryydellisi\u00e4 ulkoavaruuden olennoille my\u00f6hempin\u00e4 aikoinamme, koska he tulevat sotimaan kesken\u00e4\u00e4n jonkin verran. Heid\u00e4n saapuessa Maa planeetalle kaikki ulkoavaruuden olennot tulevat tuhoamaan eritt\u00e4in v\u00e4\u00e4ryydellisi\u00e4 kansakuntia ainakin ulkoavaruuden olentojen mukaan. N\u00e4it\u00e4 on nykyp\u00e4iv\u00e4n\u00e4mme mahtavina kansakuntina, jotka ovat kuitenkin v\u00e4\u00e4ryydellisempi\u00e4 kuin muut kansakunnat. Ulkoavaruuden olennot eiv\u00e4t ehk\u00e4 kuitenkaan rankaise Maa planeettaa, sill\u00e4 he eiv\u00e4t tule vihollisina Maa planeetallemme. T\u00e4m\u00e4 johtuu henkimaailman noituudesta, jolloin ulkoavaruuden olennot eiv\u00e4t saisi lupaa tulla vihollisina Maa planeetalle, joten he pyrkiv\u00e4t saada luvan p\u00e4\u00e4st\u00e4 Maa planeetalle yst\u00e4vin\u00e4. <\/span><\/span><\/p>\n<p align=\"CENTER\">\u00a0<span style=\"font-size: medium; font-family: 'Times New Roman', serif;\">Maa planeetallamme on hyvin v\u00e4\u00e4ryydellisi\u00e4 olentoja, jotka ovat Luojan kiroamia. Kaikki v\u00e4\u00e4ryydelliset olennot olivat universumeissamme hyvin kiroutuneita. Kaikki v\u00e4\u00e4ryydelliset olennot tekiv\u00e4t paljon pahaa ty\u00f6t\u00e4\u00e4n Maa planeetan p\u00e4\u00e4n menoksi, koska Maa planeetalla oli v\u00e4\u00e4ryydellisi\u00e4 olentoja. Maa planeetan olennot olivat v\u00e4\u00e4ryydellisi\u00e4 nykyaikana, koska Maa planeetan arvoj\u00e4rjestelm\u00e4t olivat Illuminatin j\u00e4rjestelmi\u00e4. Illuminatin arvoj\u00e4rjestelm\u00e4ss\u00e4 oli hyvin v\u00e4\u00e4ryydellist\u00e4 toimintaa alemmille tahoille. Illuminati tappoi koko Maa planeetan maailmansodilla, jolloin Illuminati p\u00e4\u00e4tti toimintansa suurimmilta osin demokratian hy\u00f6k\u00e4tty\u00e4 Illuminatin j\u00e4rjestelm\u00e4\u00e4 vastustamaan. Illuminati tappoi Luojankin my\u00f6hempin\u00e4 aikoina hyvin v\u00e4\u00e4ryydellisesti, mutta kuitenkin luvallisesti, koska Luojakin oli ollut hirvi\u00f6m\u00e4inen illuminati-ihminen. Kaikki Illuminatin olennot olivat hyvin \u00e4rsytt\u00e4vi\u00e4 aiempina aikoinakin Maa planeetallemme. T\u00e4m\u00e4 johtui Illuminatin k\u00e4skytt\u00e4mist\u00e4 ulkoavaruuden noituuksista. Koko Illuminati k\u00e4ski ulkoavaruuden olennot uhkailemaan Maa planeetalle, jotta Maa planeetta kiroutuisi ulkoavaruuden olennoista. Uhkaillessaan ulkoavaruuden olennot taasen kiroutuivat Maa planeetan asukkaista, jolloin tuli rakennetuksi ongelma my\u00f6hemmille ajoille. T\u00e4m\u00e4 ongelma ei ole t\u00e4n\u00e4 p\u00e4iv\u00e4n\u00e4 viel\u00e4 noussut esiin, vaan kaikki on rauhalliselta vaikuttavaa. Kuitenkin alla kuohuu hyvin paljon kiroutumia, joita on Maa planeetan asukkaiden sek\u00e4 ulkoavaruuden olentojen v\u00e4lill\u00e4. Ulkoavaruuden olennot tekev\u00e4t pahaa ty\u00f6t\u00e4\u00e4n, jolloin ulkoavaruuden olennot tekev\u00e4t okkultismi merkityksellisi\u00e4 noituuksia my\u00f6hemmille ajoille. He aikovat tulla Maa planeetalle my\u00f6hempin\u00e4 aikoina testatakseen Maa planeetan asukkaiden v\u00e4\u00e4ryyden m\u00e4\u00e4r\u00e4n. Mit\u00e4\u00e4n lupia t\u00e4llaiseen ei tule henkimaailmalta.<\/span><\/p>\n<p align=\"CENTER\"><span style=\"font-family: 'Times New Roman', serif;\"><span style=\"font-size: medium;\">Ulkoavaruuden olennot ovat tehneet harmaista ja liskomiehist\u00e4 uhriolentojaan nykyp\u00e4iv\u00e4n\u00e4mme. Ylivoimansa avulla kaikki valarit itkiv\u00e4t naurusta, sill\u00e4 heill\u00e4 oli liskomiehille ja harmaille hyvin paljon v\u00e4\u00e4ryytt\u00e4 kostettavaksi. Kaikki liskomiehet ja harmaat ovat eritt\u00e4in suojeltuja henkimaailmassa, sill\u00e4 heit\u00e4 vainotaan eritt\u00e4in paljon valareiden ja lepakkomiesten toimesta. Valarit ja lepakkomiehet ovat hyvin kiroutuneita valareiden toimesta toimitettujen uhraustoimintojen vuoksi. Kaikki valarit halusivat tappaa ainakin yhden liskomiehen ja harmaan itselleen, koska heit\u00e4 huolestutti niin v\u00e4h\u00e4n oma tulevaisuutensa, ett\u00e4 he eiv\u00e4t v\u00e4litt\u00e4neet tulevista rangaistuksista mit\u00e4\u00e4n. Valarit ovat nyt kiroutuneet pahemmiksi, koska he ovat tehneet kiroutuneita toimenpiteit\u00e4 hyvin paljon. Kaikilla on hyvin paljon v\u00e4\u00e4ryytt\u00e4 mukanaan, mik\u00e4 teki olennoista hyvin kippuroituneita. Kaikki kippuroituneet olentomme ovat hyvin kiroavia. Kiroavia olentoja ovat valarit ja lepakkomiehet nykyp\u00e4iv\u00e4n\u00e4. Kaikki valarit ja lepakkomiehet tulevat k\u00e4rsim\u00e4\u00e4n saman kohtalon kuin harmaat ja liskomiehet nykyaikana k\u00e4rsiv\u00e4t, sill\u00e4 he tuskin korjaavat asioitaan. He kiroutuvat my\u00f6hemmille ajoille saakka, sill\u00e4 he ovat tehneet suurta v\u00e4\u00e4ryytt\u00e4 anteeksiantamattomuudellaan. Kaikki valarit ja lepakkoj\u00e4ppiset ovat hyvin kiroutuneita olentoja, jotka eiv\u00e4t ymm\u00e4rr\u00e4 en\u00e4\u00e4 mist\u00e4\u00e4n mit\u00e4\u00e4n, muusta kuin tuhotoiminnasta. Tuhotoiminta on hyvin kiroutunutta toimintaa, jollaista ei saisi harjoittaa, sill\u00e4 Luoja on hyvin v\u00e4\u00e4ryydellinen hulluutta vastaavasti toimiville olennoille. Olennot ovat hyvin kiroutuneita, sill\u00e4 lepakkomiehill\u00e4 ja valareilla on hyvin paljon v\u00e4\u00e4ryytt\u00e4 teoissaan harmaille ja liskomiehille. <\/span><\/span><\/p>\n<p align=\"CENTER\">\u00a0<span style=\"font-size: medium; font-family: 'Times New Roman', serif;\">Kaikkien olentojen v\u00e4\u00e4ryydet tullaan rankaisemaan my\u00f6hempin\u00e4 aikoina, koska oikeuden pit\u00e4\u00e4 toteutua, muuten kaikki Luojan j\u00e4rjestelm\u00e4t tuhoutuisivat, Luojan ollessa v\u00e4\u00e4ryydellinen. Kaikkien v\u00e4\u00e4ryydellisten olentojen v\u00e4\u00e4ryydet ovat siis rangaistavissa my\u00f6hempin\u00e4 aikoina, kunhan kukaan ei muista v\u00e4\u00e4ryyden aiheuttanutta tilannetta. Vasta silloin rangaistus tulee mahdolliseksi. Kaikkien v\u00e4\u00e4ryydellisten olentojen v\u00e4\u00e4ryydet ovat hyvin kiroutuneita hyvin korkeatasoisilla kirouksilla, jolloin he kantavat mukanaan t\u00e4t\u00e4 kirousta aina rangaistustilanteeseen saakka. Rangaistus siis korjaa kiroutumat ainakin jossain m\u00e4\u00e4rin, jolloin olennot parantuvat kirouksestaan. Kirouksesta parantuneet olennot ovat hyvin v\u00e4\u00e4ryydellisi\u00e4 kumminkin, koska v\u00e4\u00e4ryys on pysyv\u00e4 ominaisuus olennoillamme.<\/span><\/p>\n<p align=\"CENTER\">3.<\/p>\n<p align=\"CENTER\"><span style=\"font-family: 'Times New Roman', serif;\"><span style=\"font-size: medium;\">Kaikki ulkoavaruuden olentomme ovat hyvin v\u00e4\u00e4ryydellisi\u00e4 Maa planeetalle, koska ulkoavaruuden olennot ovat hyvin kiroutuneita Maa planeettaa kohtaan. Kaikki Maa planeetan olennot ovat samanlaisia ulkon\u00e4\u00f6lt\u00e4\u00e4n kuin jotkin ulkoavaruuden olennoista. Ulkoavaruuden olennot ovat v\u00e4\u00e4ryydellisi\u00e4 Maa planeetan olennoille. He ovat samann\u00e4k\u00f6isi\u00e4 kuin Maa planeetan olennot, sill\u00e4 heid\u00e4n geeniperim\u00e4 on l\u00e4hes samanlainen. Geeniperim\u00e4t ovat samanlaisia ulkoavaruuden olennoilla, koska kaikki perustuu luomiseen eiv\u00e4tk\u00e4 geenit ole itsest\u00e4\u00e4n syntyneit\u00e4. Kaikki geeniperim\u00e4n ongelmat ovat ulkoavaruuden olennoilla samanlaisia kuin Maa planeetalla. Geeniperim\u00e4n ongelmat ovat okkulttista tietoa, jolloin geeniperim\u00e4st\u00e4 ei voi puhua kovin paljoa. Geeniperim\u00e4\u00e4n liittyy Luojan j\u00e4rjestelm\u00e4ss\u00e4 paljon ep\u00e4tietoisuutta nykyaikanakin. Kaikki ep\u00e4tietoisuus on tarkoituksellista, jolloin geeniperim\u00e4 on salattua tietoa, eik\u00e4 sit\u00e4 saa kertoa mitenk\u00e4\u00e4n edes Luojalle, silloin kun h\u00e4n on tiedostamaton asioistaan. Tiedostamattomat asiat geeniperim\u00e4ss\u00e4 ovat v\u00e4\u00e4ryydellist\u00e4 tietoa t\u00e4ss\u00e4 kirjoituksessa, mutta ne liittyv\u00e4t sen luomistoimintoon. Luomistoiminnot geeniperim\u00e4ss\u00e4mme ovat salaista tietoa, eik\u00e4 niit\u00e4 saa t\u00e4ss\u00e4 kirjoituksessa kertoa. <\/span><\/span><\/p>\n<p align=\"CENTER\">\u00a0<span style=\"font-size: medium; font-family: 'Times New Roman', serif;\">Kaikki ulkoavaruuden olennot ovat kuin sukua meille Maa planeetallamme. Sukulaiset tuntevat toisensa jotenkin aiemmilta ajoilta, sill\u00e4 he ovat olleet aiempina aikoina tekemisiss\u00e4 toistensa kesken. Sukulaisuus ulkoavaruuden olennoilla on henkiolennon sukulaisuutta, jollaista ei ole toisenkaltaista. Henkiolennoilla on samanlainen sukupuu kuin fyysisill\u00e4 olennoilla, eli henkiolennot ovat jostain olennosta syntyneit\u00e4 tai h\u00e4nen toiminnastaan johtuvia. Kaikki toiminnot ovat hyvin kiroutuneita ulkoavaruuden olennoillemme sukulaisuutta ajatellen. Sukulaisuus on hyvin v\u00e4\u00e4ryydellist\u00e4 toimintaa ulkoavaruuden olentojen mukaan. Koska Luoja asuu Maa planeetalla, ovat ulkoavaruuden olennot kiinnostuneita Maa planeetasta v\u00e4h\u00e4n enemm\u00e4nkin, sill\u00e4 t\u00e4m\u00e4 on Luojan planeetta, jollaisia ei ole kuin yksi t\u00e4llaisena kuin Maa planeetta on. Kaikkien Maa planeetan asukkaiden mieless\u00e4 on Luojan tappaminen pois Maa planeetalta, sill\u00e4 h\u00e4n uhkailee ulkoavaruuden olentojen aiheuttavan Maa planeetalle sodan. Ulkoavaruuden olennot olivat kiroutuneita nykyaikana toistensa kanssa k\u00e4ydyist\u00e4 sodista, jotka ilmeisesti ovat viel\u00e4kin todellisuutta. Sodista on vaikea kertoa v\u00e4\u00e4ryytt\u00e4 tekem\u00e4tt\u00e4, joten t\u00e4ss\u00e4 kirjoituksessa ei puhuta sodista juuri mit\u00e4\u00e4n. Ainoastaan sen voi kertoa, ett\u00e4 kaikki sodat ulkoavaruudessa ovat v\u00e4henem\u00e4\u00e4n p\u00e4in nykymaailman tilanteessa.<\/span><\/p>\n<p align=\"CENTER\"><span style=\"font-family: 'Times New Roman', serif;\"><span style=\"font-size: medium;\">Sodat saattavat l\u00e4hte\u00e4 uudelleen kasvamaan, koska sodat ovat hyvin v\u00e4h\u00e4n ennakoitavissa. Tulevaisuuteenkaan ei voi n\u00e4hd\u00e4 kovin kauas, sill\u00e4 kaikki on niin sattumanvaraista. Kaikkien asioiden suhteen Luojalla on suurimmat suunnitelmat, my\u00f6s Maa planeetan tuhoutuminen sopisi joihinkin Luojan suunnitelmiin joissain tilanteissa. Kaikilla Luojan suunnitelmilla on Luojan mukaan v\u00e4\u00e4ryydellinen toiminto, jollaista ei ole muilla olennoilla. Luoja tekee suunnitelmansa hyvin huonosti, jolloin sattumalle j\u00e4\u00e4 paljon varaa, jotta asiat voisivat muuttua paremman toiminnon l\u00f6ydytty\u00e4. Kaikkien suunnitelmien tulisi olla n\u00e4in l\u00f6yhi\u00e4, sill\u00e4 v\u00e4\u00e4ryydelliset suunnitelmat eiv\u00e4t saa toteutua kenenk\u00e4\u00e4n oman halun mukaisesti. <\/span><\/span><\/p>\n<p align=\"CENTER\">\u00a0<span style=\"font-size: medium; font-family: 'Times New Roman', serif;\">Kaikki v\u00e4\u00e4ryydellisyydet ulkoavaruuden ryhmittymiss\u00e4mme ovat hyvin suuria ongelmia Luojan j\u00e4rjestelmiss\u00e4. Kaikki Luojan ongelmat ovat hyvin pieni\u00e4 ongelmia, sill\u00e4 kaikki uudet sopimukset valareiden kesken Maa planeetalla ovat hyvin v\u00e4\u00e4ryydellisi\u00e4, joten t\u00e4m\u00e4 olikin Luojalle suurempi ongelma kuin voitte kuvitellakaan. Kaikki Luojan sopimukset tekev\u00e4t Maa planeetasta kuin lemmikin ulkoavaruuden olennoille, jolla ei ole omaa tahtoa, koska Luojan mukaan ulkoavaruuden olennot tulisivat kuin valloittajina asettumaan Maa planeetalle asumaan. T\u00e4m\u00e4 on Luojan pahin suunnitelma joillekin alueille, jotka ovat olleet hyvin v\u00e4\u00e4ryydellisi\u00e4 toisille ihmisille. V\u00e4\u00e4ryydellisin suunnitelma on, ett\u00e4 koko Maa planeetta pommitettaisiin kokonaan, jonka j\u00e4lkeen kaikki kehitys alkaisi alusta Luojan noituudella autettuna. Kolmas suunnitelma on, ett\u00e4 ulkoavaruuden olennot tulevat yst\u00e4vin\u00e4mme, eiv\u00e4tk\u00e4 he valloittaisi alueita itselleen, vaan tekisiv\u00e4t sopimuksia Maa planeetan kanssa. Nelj\u00e4s suunnitelma on hyvin ep\u00e4todenn\u00e4k\u00f6inen, siis ep\u00e4todenn\u00e4k\u00f6isin, ett\u00e4 ulkoavaruuden olennot jatkavat piiloutunutta toimintaansa, eik\u00e4 heit\u00e4 havaittaisi Maa planeetalta k\u00e4sin ainakaan l\u00e4hivuosikymmenin\u00e4.<\/span><\/p>\n<p align=\"CENTER\">\u00a0<span style=\"font-size: medium; font-family: 'Times New Roman', serif;\">Ulkoavaruuden olennot ovat hyvin kiroutuneita Maa planeetan j\u00e4rjestelmist\u00e4, koska ulkoavaruuden olennot eiv\u00e4t ymm\u00e4rr\u00e4 j\u00e4rjestelmi\u00e4mme, sill\u00e4 ne ovat liian korkeatasoisia henkimaailman noituuksia, joita ei ymm\u00e4rr\u00e4 kevytmielisesti. Kevytmielisesti ymm\u00e4rt\u00e4v\u00e4t ulkoavaruuden olennot ovat hyvin ylimielisi\u00e4, jolloin heid\u00e4n kanssaan on vaikea puhua asioista ymm\u00e4rrett\u00e4v\u00e4sti, jotta voitaisiin sopia erimielisyyksist\u00e4. Kaikki ulkoavaruuden olennot tekev\u00e4t hyvin paljon pahaa ty\u00f6t\u00e4\u00e4n, jolloin kaikki v\u00e4\u00e4ryydelliset olennot pelk\u00e4\u00e4v\u00e4t ulkoavaruuden olentojen noituutta.<\/span><\/p>\n","protected":false},"excerpt":{"rendered":"<p>Julkaistu englanniksi 3.5.2012, suomeksi 3.12.2012 1. Ulkoavaruuden olennot olivat hyvi\u00e4 kavereita muiden ulkoavaruuden olentojen kanssa aiempina aikoina, mutta nykyp\u00e4iv\u00e4n\u00e4 ulkoavaruuden okkultistit tappoivat niin paljon fyysisi\u00e4 olentoja ulkoavaruuden alueilla, ett\u00e4 heill\u00e4 ei ollut mit\u00e4\u00e4n okkultismi merkityst\u00e4 t\u00e4n\u00e4 aikana kun ulkoavaruuden okkultistit tappoivat heit\u00e4. Kaikki ulkoavaruuden okkultistit tekiv\u00e4t pahojaan Maa planeetallakin, jolloin Maa planeetan asukkaat tekiv\u00e4t okkultisteille [&hellip;]<\/p>\n","protected":false},"author":1,"featured_media":0,"parent":124,"menu_order":0,"comment_status":"closed","ping_status":"closed","template":"","meta":{"footnotes":""},"class_list":["post-152","page","type-page","status-publish","hentry"],"_links":{"self":[{"href":"https:\/\/www.esoteria.fi\/newmain\/wp-json\/wp\/v2\/pages\/152","targetHints":{"allow":["GET"]}}],"collection":[{"href":"https:\/\/www.esoteria.fi\/newmain\/wp-json\/wp\/v2\/pages"}],"about":[{"href":"https:\/\/www.esoteria.fi\/newmain\/wp-json\/wp\/v2\/types\/page"}],"author":[{"embeddable":true,"href":"https:\/\/www.esoteria.fi\/newmain\/wp-json\/wp\/v2\/users\/1"}],"replies":[{"embeddable":true,"href":"https:\/\/www.esoteria.fi\/newmain\/wp-json\/wp\/v2\/comments?post=152"}],"version-history":[{"count":7,"href":"https:\/\/www.esoteria.fi\/newmain\/wp-json\/wp\/v2\/pages\/152\/revisions"}],"predecessor-version":[{"id":156,"href":"https:\/\/www.esoteria.fi\/newmain\/wp-json\/wp\/v2\/pages\/152\/revisions\/156"}],"up":[{"embeddable":true,"href":"https:\/\/www.esoteria.fi\/newmain\/wp-json\/wp\/v2\/pages\/124"}],"wp:attachment":[{"href":"https:\/\/www.esoteria.fi\/newmain\/wp-json\/wp\/v2\/media?parent=152"}],"curies":[{"name":"wp","href":"https:\/\/api.w.org\/{rel}","templated":true}]}}