{"id":157,"date":"2012-12-04T09:40:01","date_gmt":"2012-12-04T09:40:01","guid":{"rendered":"http:\/\/esoteria.fi\/?page_id=157"},"modified":"2012-12-04T09:40:01","modified_gmt":"2012-12-04T09:40:01","slug":"ulkoavaruuden-ryhmittymien-nykytilanne-5","status":"publish","type":"page","link":"https:\/\/www.esoteria.fi\/newmain\/uutiskirjeet\/ulkoavaruuden-ryhmittymien-nykytilanne-5\/","title":{"rendered":"Ulkoavaruuden ryhmittymien nykytilanne #5"},"content":{"rendered":"<p lang=\"en-US\" align=\"CENTER\"><em>\u00a0Julkaistu englanniksi 5.7.2012, suomeksi 4.12.2012<\/em><\/p>\n<p lang=\"en-US\">\u00a0Valarit ovat nykyaikana tehneet hyvin paljon v\u00e4\u00e4ryytt\u00e4, koska heill\u00e4 oli hyvin v\u00e4\u00e4ryydellisi\u00e4 asevoimia k\u00e4yt\u00f6ss\u00e4\u00e4n. Kaikkien valareiden toiminta on hyvin v\u00e4\u00e4ryydellist\u00e4 Maa planeettaa kohtaan, koska he tulevat t\u00e4nne my\u00f6hempin\u00e4 aikoina tekem\u00e4\u00e4n v\u00e4\u00e4ryydentekojaan. V\u00e4\u00e4ryydenteot koskevat Maa planeetan asukkaita siten, ett\u00e4 kaikkialla tulee olemaan valarin viranomaisia, jotka el\u00e4v\u00e4t ulkoavaruuden olentojen sieluntoiminnoin, jolloin heill\u00e4 on kuolemattomuus. Kuolemattomuus tulee geeniperim\u00e4n ja sieluntoimintojen erilaisesta toiminnasta kuin mit\u00e4 Maa planeetalla on l\u00f6ydetty t\u00e4h\u00e4n menness\u00e4. Maa planeetaltakin l\u00f6ytyy kuolemattomia olentoja my\u00f6hemmin henkimaailman olentoina, jotka toimivat kuolemattomina. Heit\u00e4 el\u00e4\u00e4 siell\u00e4 t\u00e4\u00e4ll\u00e4 henkimaailman noituudella. Henkimaailman noituuden avulla voidaan tehd\u00e4 hyvin paljon asioita, jolloin mit\u00e4\u00e4n ei tule huomatuksi ulkopuolisen silmin. Kaikilla on hyvin paljon v\u00e4\u00e4ryytt\u00e4 mukanaan, jolloin valarin viranomaiset ovat hyvin v\u00e4\u00e4ryydellisi\u00e4 meid\u00e4n Maa planeetalle.<\/p>\n<p align=\"CENTER\">Valareilla on hyvin paljon v\u00e4\u00e4ryytt\u00e4 mukanaan, sill\u00e4 heid\u00e4n okkultismi merkityksens\u00e4 on tuhota Maa planeetta mahdollisimman pian. N\u00e4in Maa planeetasta ei tulisi koskaan toimivaa planeettaa nykyj\u00e4rjestelmill\u00e4mme. Toimivat j\u00e4rjestelm\u00e4t ovat hyvin v\u00e4\u00e4ryydellisi\u00e4 Maa planeetalla, koska t\u00e4\u00e4ll\u00e4 on liikaa v\u00e4\u00e4ryydellist\u00e4 porukkaa, jotka eiv\u00e4t toimi hyvin muiden olentojen suhteen; vaan he toimivat hyvin kiroutuneesti varsinkin tuntemattomia olentoja kohtaan. V\u00e4\u00e4ryydelliset olennot ovat hyvin karseita kaikille olennoillemme. V\u00e4\u00e4ryydellisi\u00e4 valareitakin on olemassa, jotka toimivat hyvin kiroutuneesti Maa planeetan olentojen suhteen. T\u00e4ll\u00f6in valar itkee naurusta, sill\u00e4 heill\u00e4 ei ole yht\u00e4\u00e4n mit\u00e4\u00e4n tekemist\u00e4 Maa planeetalla, paitsi v\u00e4\u00e4ryytt\u00e4.<\/p>\n<p align=\"CENTER\">Maa planeetan olennot ovat hyvin kiroutuneita valareista jo aiemmista ajoista l\u00e4htien. T\u00e4m\u00e4 johtuu siit\u00e4, ett\u00e4 valareita on k\u00e4ynyt k\u00e4ynnill\u00e4 aiempina aikoina Maa planeetan ihmisten luona, mik\u00e4 on j\u00e4tt\u00e4nyt kulttuureihin j\u00e4lkens\u00e4. Maa planeetan valarit ovat olleet hyvin v\u00e4\u00e4ryydellisi\u00e4 Maa planeetan olentojen suhteen. Maa planeetan olennot ovat pit\u00e4neet heit\u00e4 kuninkaallisinaan joskus aiempina aikoina. N\u00e4in on ollut my\u00f6s muiden lajien kuin valareiden suhteen. Valarit ovat kuitenkin olleet hyv\u00e4ksytympi\u00e4 kuin muut ulkoavaruuden olennot, sill\u00e4 heill\u00e4 oli niin paljon miellytt\u00e4v\u00e4mpi ulkomuoto ja ajatukset kuin muilla ulkoavaruuden lajeilla. Valareiden ulkomuotu muistuttaa eniten pohjoiseurooppalaista, mutta he eiv\u00e4t kuitenkaan ole t\u00e4sm\u00e4lleen mink\u00e4\u00e4n Maa planeetan asukkaan kaltaisia ulkoiselta olemukseltaan. He ovat hyvin erilaisia my\u00f6s olotiloiltaan, sill\u00e4 he toimivat hyvin paljon tunteellisemmin kuin Maa planeetalla yleens\u00e4 toimitaan. Heill\u00e4 on yleens\u00e4 parempi mieliala kuin mit\u00e4 Maa planeetan ihmisill\u00e4 on, mutta toisaalta he eiv\u00e4t ole aivan yht\u00e4 \u00e4lykk\u00e4it\u00e4 yksil\u00f6in\u00e4 kuin mit\u00e4 Maa planeetan asukkaat parhaimmillaan ovat. Maa planeetallamme on siis enemm\u00e4n \u00e4lykk\u00e4it\u00e4 olentoja, kuin mit\u00e4 ulkoavaruuden olennoilla on.<\/p>\n<p align=\"CENTER\">Kaikki Maa planeetan olennot ovat huonompia teknologisesti valareihin verrattuna, mutta valarit eiv\u00e4t ole itse kehitt\u00e4neet teknologioitaan, vaan he ovat saaneet ne lahjana henkimaailman materialisoimana, niinp\u00e4 Maa planeetta on paljon kehittyneempi rakentelukyvyilt\u00e4\u00e4n valareihin verrattuna. Kaikki valarit itkiv\u00e4t naurusta, koska Maa planeetalla on niin paljon surkeampi el\u00e4m\u00e4 sen olennoilla my\u00f6hempin\u00e4 aikoina luonnon tuhoutumisen seurauksena. T\u00e4ll\u00f6in saattaa tulla tarpeen katkaista el\u00e4m\u00e4n jatkuminen samankaltaisena kuin miten se on t\u00e4h\u00e4n p\u00e4iv\u00e4\u00e4n saakka jatkunut nykyaikana. Valarit voivat siis tehd\u00e4 jotakin noituutta mahdollisesti Maa planeetallemme.<\/p>\n<p align=\"CENTER\">Kaikki Maa planeetan olennot ovat hyvin kieroutuneita valareista nykyajalta l\u00e4htien, jolloin kaikki valarit toimivat noitumalla Maa planeettaa. Maa planeetan olennot ovat valareiden ohjailemia olentoja jo nykyaikana. Kaikki valarit toimivat hyvin v\u00e4\u00e4ryydellisesti, sill\u00e4 Maa planeetan olennot ovat valareiden noitumia. V\u00e4\u00e4ryydelliset olennot ovat valareiden uhriolentoja nykyaikanamme, sill\u00e4 valarit eiv\u00e4t hyv\u00e4ksy v\u00e4\u00e4ryydellisi\u00e4 Maa planeetan olentoja. Kaikille valareillemme tulee ongelmia my\u00f6s Maa planeetan avulla, jolloin Maa planeetasta tulee my\u00f6s valareiden planeetta. Kaikille valareillemme on hyvin v\u00e4\u00e4ryydellist\u00e4 puhua oikeudenmukaisesti, sill\u00e4 valarit ovat kiroutuneita olentoja, jotka eiv\u00e4t kest\u00e4 v\u00e4\u00e4ryydellisyyden paljastavaa puhetta. Valarit toimivat nykyj\u00e4rjestelmiss\u00e4mme hyvin kiroutuneesti, sill\u00e4 valareillamme on niin paljon v\u00e4\u00e4ryytt\u00e4 mukanaan. Valarit toimivat hyvin v\u00e4\u00e4ryydellisesti, sill\u00e4 kaikki toimii hyvin v\u00e4\u00e4ryydellisesti universumissamme.<\/p>\n<p align=\"CENTER\">Valarit toimivat hyvin v\u00e4\u00e4ryydellisesti, koska heill\u00e4 on hyvin v\u00e4\u00e4ryydellisi\u00e4 suunnitelmia Maa planeetan tuhoamiseksi. T\u00e4m\u00e4 johtuu valareiden kiroutuneesta ajattelusta, koska kiroutunut ajattelu tuhoaa aina kirouksen aiheuttajaansa. Valarit toimivat aina hyvin v\u00e4\u00e4ryydellisesti ollessaan ulkoavaruuden ryhmittym\u00e4n\u00e4 Maa planeetalla. Valarit etsiv\u00e4t jo toista planeettaa galaksistamme py\u00f6ritelt\u00e4v\u00e4kseen Maa planeetan sijaan, sill\u00e4 toisella planeetalla he voivat n\u00e4ytt\u00e4\u00e4 osaavansa py\u00f6ritt\u00e4\u00e4 Maa planeettaa parempaan toimintaan. T\u00e4m\u00e4 toinen planeettaa olisi esimerkkin\u00e4 henkimaailman j\u00e4rjestelm\u00e4lle n\u00e4ytt\u00f6, jolla valarit voisivat saada luvan tulla Maa planeetan ohjaajiksi. Maa planeetan ohjaajina valarit tulevat k\u00e4rsim\u00e4\u00e4n Maa planeetan kirouksista, jollaisesta he eiv\u00e4t ymm\u00e4rr\u00e4 mit\u00e4\u00e4n. Kuitenkin he haluavat tulla Maa planeetalle.<\/p>\n","protected":false},"excerpt":{"rendered":"<p>\u00a0Julkaistu englanniksi 5.7.2012, suomeksi 4.12.2012 \u00a0Valarit ovat nykyaikana tehneet hyvin paljon v\u00e4\u00e4ryytt\u00e4, koska heill\u00e4 oli hyvin v\u00e4\u00e4ryydellisi\u00e4 asevoimia k\u00e4yt\u00f6ss\u00e4\u00e4n. Kaikkien valareiden toiminta on hyvin v\u00e4\u00e4ryydellist\u00e4 Maa planeettaa kohtaan, koska he tulevat t\u00e4nne my\u00f6hempin\u00e4 aikoina tekem\u00e4\u00e4n v\u00e4\u00e4ryydentekojaan. V\u00e4\u00e4ryydenteot koskevat Maa planeetan asukkaita siten, ett\u00e4 kaikkialla tulee olemaan valarin viranomaisia, jotka el\u00e4v\u00e4t ulkoavaruuden olentojen sieluntoiminnoin, jolloin heill\u00e4 [&hellip;]<\/p>\n","protected":false},"author":1,"featured_media":0,"parent":124,"menu_order":0,"comment_status":"closed","ping_status":"closed","template":"","meta":{"footnotes":""},"class_list":["post-157","page","type-page","status-publish","hentry"],"_links":{"self":[{"href":"https:\/\/www.esoteria.fi\/newmain\/wp-json\/wp\/v2\/pages\/157","targetHints":{"allow":["GET"]}}],"collection":[{"href":"https:\/\/www.esoteria.fi\/newmain\/wp-json\/wp\/v2\/pages"}],"about":[{"href":"https:\/\/www.esoteria.fi\/newmain\/wp-json\/wp\/v2\/types\/page"}],"author":[{"embeddable":true,"href":"https:\/\/www.esoteria.fi\/newmain\/wp-json\/wp\/v2\/users\/1"}],"replies":[{"embeddable":true,"href":"https:\/\/www.esoteria.fi\/newmain\/wp-json\/wp\/v2\/comments?post=157"}],"version-history":[{"count":3,"href":"https:\/\/www.esoteria.fi\/newmain\/wp-json\/wp\/v2\/pages\/157\/revisions"}],"predecessor-version":[{"id":161,"href":"https:\/\/www.esoteria.fi\/newmain\/wp-json\/wp\/v2\/pages\/157\/revisions\/161"}],"up":[{"embeddable":true,"href":"https:\/\/www.esoteria.fi\/newmain\/wp-json\/wp\/v2\/pages\/124"}],"wp:attachment":[{"href":"https:\/\/www.esoteria.fi\/newmain\/wp-json\/wp\/v2\/media?parent=157"}],"curies":[{"name":"wp","href":"https:\/\/api.w.org\/{rel}","templated":true}]}}