{"id":1804,"date":"2021-11-11T16:57:24","date_gmt":"2021-11-11T16:57:24","guid":{"rendered":"http:\/\/esoteria.fi\/?page_id=1804"},"modified":"2024-02-18T06:54:15","modified_gmt":"2024-02-18T06:54:15","slug":"historian-aikajanan-tapahtumat","status":"publish","type":"page","link":"https:\/\/www.esoteria.fi\/newmain\/historian-aikajanan-tapahtumat\/","title":{"rendered":"Historian aikajanan tapahtumat"},"content":{"rendered":"\n<p><strong>Esipuhe<\/strong><\/p>\n\n\n\n<p>Ymm\u00e4rr\u00e4tte historiasta hyvin v\u00e4h\u00e4n n\u00e4in\u00e4 p\u00e4ivin\u00e4, sill\u00e4 tiedemaailma ei k\u00e4sittele mahdollisuuksia, vaan perustuu todistettuihin l\u00f6yt\u00f6ihin, eik\u00e4 t\u00e4yt\u00e4 aukkoja sill\u00e4 mit\u00e4 olisi voinut my\u00f6s l\u00f6ydetyn lis\u00e4ksi olla ollut aikojen saatossa.<\/p>\n\n\n\n<p><strong>Maa planeetan historian aikajanan tapahtumat henkimaailman mukaan<\/strong><\/p>\n\n\n\n<p><\/p>\n\n\n\n<p><strong>Dinosaurusten nousu \u2013 Dinosaurusten sukupuutto<\/strong><\/p>\n\n\n\n<p>11.11.2021 <a href=\"http:\/\/www.esoteria.fi\/newmain\/historia\/dinosauruksista\/\">Dinosauruksista<\/a><\/p>\n\n\n\n<p>14.1.2023 <a href=\"https:\/\/www.esoteria.fi\/newmain\/historia\/dinosaurusten-tuhoutuminen\/\" data-type=\"URL\" data-id=\"https:\/\/www.esoteria.fi\/newmain\/historia\/dinosaurusten-tuhoutuminen\/\">Dinosaurusten tuhoutuminen<\/a><\/p>\n\n\n\n<p><strong>Ennen viimeisint\u00e4 j\u00e4\u00e4kautta \u2013 Viimeisimm\u00e4n j\u00e4\u00e4kauden alku<\/strong><\/p>\n\n\n\n<p>11.11.2021 <a href=\"http:\/\/www.esoteria.fi\/newmain\/historia\/kansat-viimeisinta-jaakautta-ennen\/\">Kansat viimeisint\u00e4 j\u00e4\u00e4kautta ennen<\/a><\/p>\n\n\n\n<p><\/p>\n\n\n\n<p><strong>Viimeisimm\u00e4n j\u00e4\u00e4kauden alku \u2013 Viimeisimm\u00e4n j\u00e4\u00e4kauden p\u00e4\u00e4ttyminen<\/strong><\/p>\n\n\n\n<p>11.11.2021 <a href=\"http:\/\/www.esoteria.fi\/newmain\/historia\/jaakauden-synty\/\">J\u00e4\u00e4kauden synty<\/a><\/p>\n\n\n\n<p>26.5.2023 <a href=\"https:\/\/www.esoteria.fi\/newmain\/historia\/eri-ihmislajien-keskinainen-elama\/\" data-type=\"URL\" data-id=\"https:\/\/www.esoteria.fi\/newmain\/historia\/eri-ihmislajien-keskinainen-elama\/\">Eri ihmislajien keskin\u00e4inen el\u00e4m\u00e4<\/a><\/p>\n\n\n\n<p><strong>Viimeisimm\u00e4n j\u00e4\u00e4kauden p\u00e4\u00e4ttyminen &#8211; 3200BCE<\/strong><\/p>\n\n\n\n<p><\/p>\n\n\n\n<p><strong>3200BCE &#8211; 500<\/strong><\/p>\n\n\n\n<p>15.11.2021 <a href=\"http:\/\/www.esoteria.fi\/newmain\/historia\/filosofeista\/\">Filosofeista<\/a><\/p>\n\n\n\n<p>15.12.2021 <a href=\"http:\/\/www.esoteria.fi\/newmain\/historia\/suuret-kivimaamerkit\/\">Suuret kivimaamerkit<\/a><\/p>\n\n\n\n<p>15.12.2021 <a href=\"http:\/\/www.esoteria.fi\/newmain\/historia\/raudan-hyodyntaminen\/\" data-type=\"URL\" data-id=\"http:\/\/www.esoteria.fi\/newmain\/historia\/raudan-hyodyntaminen\/\">Raudan hy\u00f6dynt\u00e4minen<\/a><\/p>\n\n\n\n<p>15.7.2023 <a href=\"https:\/\/www.esoteria.fi\/newmain\/historia\/kristinuskon-alku\/\" data-type=\"URL\" data-id=\"https:\/\/www.esoteria.fi\/newmain\/historia\/kristinuskon-alku\/\">Kristinuskon alku<\/a><\/p>\n\n\n\n<p>18.2.2024 <a href=\"https:\/\/www.esoteria.fi\/newmain\/historia\/euroopan-suuri-valtakunta\/\" data-type=\"URL\" data-id=\"https:\/\/www.esoteria.fi\/newmain\/historia\/euroopan-suuri-valtakunta\/\">Euroopan suuri valtakunta<\/a><\/p>\n\n\n\n<p><strong>500-1500<\/strong><\/p>\n\n\n\n<p>11.11.2021 <a href=\"http:\/\/www.esoteria.fi\/newmain\/historia\/ratsastajat\/\">Ratsastajat<\/a><\/p>\n\n\n\n<p>6.8.2023 <a href=\"https:\/\/www.esoteria.fi\/newmain\/historia\/ristiretket\/\" data-type=\"URL\" data-id=\"https:\/\/www.esoteria.fi\/newmain\/historia\/ristiretket\/\">Ristiretket<\/a><\/p>\n\n\n\n<p><strong>1500-1800<\/strong><\/p>\n\n\n\n<p>11.11.2021 <a href=\"http:\/\/www.esoteria.fi\/newmain\/historia\/mammona\/\">Mammona<\/a><\/p>\n\n\n\n<p><\/p>\n\n\n\n<p><strong>1800-1900<\/strong><\/p>\n\n\n\n<p>4.1.2022 <a href=\"http:\/\/www.esoteria.fi\/newmain\/historia\/orjuus\/\" data-type=\"URL\" data-id=\"http:\/\/www.esoteria.fi\/newmain\/historia\/orjuus\/\">Orjuus<\/a><\/p>\n\n\n\n<p><strong>1900-Nykyhetki<\/strong><\/p>\n\n\n\n<p>4.1.2022 <a href=\"http:\/\/www.esoteria.fi\/newmain\/historia\/sotien-ajat\/\" data-type=\"URL\" data-id=\"http:\/\/www.esoteria.fi\/newmain\/historia\/sotien-ajat\/\">Sotien ajat<\/a><\/p>\n","protected":false},"excerpt":{"rendered":"<p>Esipuhe Ymm\u00e4rr\u00e4tte historiasta hyvin v\u00e4h\u00e4n n\u00e4in\u00e4 p\u00e4ivin\u00e4, sill\u00e4 tiedemaailma ei k\u00e4sittele mahdollisuuksia, vaan perustuu todistettuihin l\u00f6yt\u00f6ihin, eik\u00e4 t\u00e4yt\u00e4 aukkoja sill\u00e4 mit\u00e4 olisi voinut my\u00f6s l\u00f6ydetyn lis\u00e4ksi olla ollut aikojen saatossa. Maa planeetan historian aikajanan tapahtumat henkimaailman mukaan Dinosaurusten nousu \u2013 Dinosaurusten sukupuutto 11.11.2021 Dinosauruksista 14.1.2023 Dinosaurusten tuhoutuminen Ennen viimeisint\u00e4 j\u00e4\u00e4kautta \u2013 Viimeisimm\u00e4n j\u00e4\u00e4kauden alku 11.11.2021 [&hellip;]<\/p>\n","protected":false},"author":1,"featured_media":0,"parent":0,"menu_order":0,"comment_status":"closed","ping_status":"closed","template":"","meta":{"footnotes":""},"class_list":["post-1804","page","type-page","status-publish","hentry"],"_links":{"self":[{"href":"https:\/\/www.esoteria.fi\/newmain\/wp-json\/wp\/v2\/pages\/1804","targetHints":{"allow":["GET"]}}],"collection":[{"href":"https:\/\/www.esoteria.fi\/newmain\/wp-json\/wp\/v2\/pages"}],"about":[{"href":"https:\/\/www.esoteria.fi\/newmain\/wp-json\/wp\/v2\/types\/page"}],"author":[{"embeddable":true,"href":"https:\/\/www.esoteria.fi\/newmain\/wp-json\/wp\/v2\/users\/1"}],"replies":[{"embeddable":true,"href":"https:\/\/www.esoteria.fi\/newmain\/wp-json\/wp\/v2\/comments?post=1804"}],"version-history":[{"count":12,"href":"https:\/\/www.esoteria.fi\/newmain\/wp-json\/wp\/v2\/pages\/1804\/revisions"}],"predecessor-version":[{"id":2111,"href":"https:\/\/www.esoteria.fi\/newmain\/wp-json\/wp\/v2\/pages\/1804\/revisions\/2111"}],"wp:attachment":[{"href":"https:\/\/www.esoteria.fi\/newmain\/wp-json\/wp\/v2\/media?parent=1804"}],"curies":[{"name":"wp","href":"https:\/\/api.w.org\/{rel}","templated":true}]}}