{"id":184,"date":"2012-12-28T08:37:23","date_gmt":"2012-12-28T08:37:23","guid":{"rendered":"http:\/\/esoteria.fi\/?page_id=184"},"modified":"2015-06-21T14:09:04","modified_gmt":"2015-06-21T14:09:04","slug":"viimeisin-universumi-ennen-nykyista","status":"publish","type":"page","link":"https:\/\/www.esoteria.fi\/newmain\/historia\/viimeisin-universumi-ennen-nykyista\/","title":{"rendered":"Viimeisin universumi ennen nykyist\u00e4"},"content":{"rendered":"<p>[adsense_inserter id=&#8221;750&#8243;]<\/p>\n<p align=\"center\"><em>Julkaistu 28.12.2012<\/em><\/p>\n<p align=\"center\">1.<\/p>\n<p>Aiempi universumi t\u00e4st\u00e4 universumista oli hyvin kaukaa katsottuna v\u00e4\u00e4ryydellisempi kuin t\u00e4m\u00e4 universumi. Kaikilla olennoillamme oli hyvin kieroutunut uskonto, ett\u00e4 Luojaa ei ole olemassa. Luoja toimi silloin hyvin v\u00e4\u00e4ryydellisesti, sill\u00e4 h\u00e4nest\u00e4 ei tiedetty juuri mit\u00e4\u00e4n. Luojan toiminta oli hyvin v\u00e4\u00e4ryydellist\u00e4 sivu-universumeissakin. Luojan toimintaan kuului kaikki v\u00e4\u00e4ryydellinen toiminta, jota pystyi harjoittamaan ihmeellisen hyvin. Kaikki v\u00e4\u00e4ryydelliset olennot toimivat hyvin kiroutuneesti my\u00f6s aiemmassa universumissamme.<\/p>\n<p>Kaikki universumimme olennot eiv\u00e4t ole el\u00e4neet aiemmassa universumissamme, koska siell\u00e4 oli hyvin paljon nykyaikana tuhoutuneita olentoja, jolloin uudet olennot eiv\u00e4t ole el\u00e4neet viel\u00e4 niin pitk\u00e4\u00e4n, ett\u00e4 heill\u00e4 olisi kokemusta aiemmista universumeista. Aiemmat universumit olivat hyvin v\u00e4\u00e4ryydellisi\u00e4 kaikille olennoillemme, jolloin kaikilla v\u00e4\u00e4ryydentekij\u00f6ill\u00e4mme oli paljon mahdollisuuksia v\u00e4\u00e4ryydentekoon. Kaikki aiemmat universumit olivat siis hyvin v\u00e4\u00e4ryydellisi\u00e4 kaikille olennoillemme.<\/p>\n<p>Kaikki olentomme toimivat aiemmassa universumissa hyvin v\u00e4\u00e4ryydellisesti Luojan sopimuksellakin. Kaikkien v\u00e4\u00e4ryydellisten olentojen v\u00e4\u00e4ryydet olivat hyvin kaukana toisistaan. Kaikkien olentojen toiminnot ovat hyvin kieroutuneita aiemmasta universumistamme, sill\u00e4 siell\u00e4 asuivat monet universumimme olennot.<\/p>\n<p>Kaikkien v\u00e4\u00e4ryydentekij\u00f6iden v\u00e4\u00e4ryydet ovat hyvin kieroutuneita toimenpiteit\u00e4. Kaikki olentomme toimivat aiemmassa universumissa hyvin kieroutuneesti. Kaikki olentomme olivat hyvin kieroutuneita aiemmassa universumissa olleessaan. Olentojemme toiminnot olivat hyvin v\u00e4\u00e4ryydellisi\u00e4 olennoillemme.<\/p>\n<p>Aiemman universumin meininki oli hyvin v\u00e4\u00e4ryydellist\u00e4. Silloin oli paljon sotia ja n\u00e4l\u00e4nh\u00e4t\u00e4\u00e4kin. Kaikille olennoillemme tuli paljon okkulttisia kirouksia hyvin v\u00e4\u00e4ryydellisell\u00e4 toiminnalla. Kaikki okkulttiset kirouksemme toimivat samalla tavoin kuin t\u00e4n\u00e4 p\u00e4iv\u00e4n\u00e4kin.<\/p>\n<p>Aiempi universumimme oli t\u00e4m\u00e4n universumin ajan edelt\u00e4v\u00e4n universumin aikana. Kaikkien v\u00e4\u00e4ryydentekij\u00f6idemme toiminnot olivat hyvin v\u00e4\u00e4ryydellisi\u00e4.<\/p>\n<p align=\"center\">2.<\/p>\n<p>Kaikkien olentojemme toiminnot olivat hyvin v\u00e4\u00e4ryydellisi\u00e4 aiempina aikoinakin. Silloin aiemmassa universumissa toimittiin p\u00e4\u00e4s\u00e4\u00e4nt\u00f6isesti ly\u00f6m\u00e4aseilla. Toisaalta korkeatasoiset teknologiat olivat my\u00f6s mahdollisia ulkoavaruuden olennoille. Maa planeettakin oli aiemmassa universumissa, jossa Luoja toimi silloinkin. Se oli hyvin erilailla j\u00e4rjestetty kuin nykyinen planeettamme.<\/p>\n<p>Kaikki Maa planeetan olennot olivat hyvin erilaisia kuin nykyp\u00e4iv\u00e4n\u00e4. Nykyp\u00e4iv\u00e4n\u00e4 on ihmisill\u00e4 paremmin asiat kuin ne olivat aiemmassa universumissamme. Nykyp\u00e4iv\u00e4n\u00e4mme kaikilla on paljon helpompaa kuin mill\u00e4 tavalla asiat olivat aiemmassa universumissamme. Aiemman universumin aika toimi hyvin v\u00e4\u00e4ryydellisesti. Silloin toimittiin siis hyvin v\u00e4\u00e4ryydellisesti.<\/p>\n<p>Aiemmassa universumissamme oli paljon sotatoimintaa ulkoavaruuden olentojen tasoisesti. Toiset planeetat sotivat toisia vastaan. Maa planeetalla oli sisar planeetta, kuten on ollut t\u00e4ss\u00e4kin universumissa. Kaikki Maa planeetan j\u00e4rjestelm\u00e4t olivat hyvin kieroutuneita johtajistolle. Se vastasi imperiumia, jossa johto on pysyv\u00e4 vallassaan.<\/p>\n<p>Universumimme toiminnot olivat hyvin v\u00e4\u00e4ryydellisi\u00e4. Kaikilla olennoillamme oli samanlainen keho kuin t\u00e4ss\u00e4 universumissa v\u00e4hemm\u00e4ss\u00e4 m\u00e4\u00e4rin, sill\u00e4 kehot olivat taikoihin kykenevi\u00e4 eri tavalla kuin mit\u00e4 on ollut t\u00e4ss\u00e4 universumissa koskaan.<\/p>\n<p align=\"center\">3.<\/p>\n<p>Aiemmassa universumissamme toimittiin siis hyvin v\u00e4\u00e4ryydellisesti. Siell\u00e4 oltiin niin monessa eri tilanteessa, ett\u00e4 niist\u00e4 kirjoittaminen veisi pidemp\u00e4\u00e4n kuin voimme kuvitella. Universumeiden aika on hyvin pitk\u00e4, ja jokaisessa universumissa harjoitetaan hyvin paljon erilaista toimintaa.<\/p>\n<p>Universumeissamme on hyvin v\u00e4\u00e4ryydellist\u00e4 toimintaa, jollaista universumimme toimitsijat pyrkiv\u00e4t v\u00e4hent\u00e4m\u00e4\u00e4n. Kaikki olennot eiv\u00e4t ole el\u00e4neet aiemmassa universumissa, koska he ovat t\u00e4t\u00e4 nuorempia olentoja. Kuitenkin l\u00f6ytyy monia, jotka ovat el\u00e4neet aiemmassa universumissa ja sit\u00e4 edelt\u00e4viss\u00e4kin.<\/p>\n<p>Taikuudet aiemmassa universumissa olivat siis erilaisia kuin nykyisess\u00e4 universumissa enemm\u00e4n taikuutta sis\u00e4lt\u00e4nein\u00e4 aikoinakin. Kaikki ajat ovat olleet taikuuden osalta erilaisia. Taikuuksilla pystyi aiemmassa universumissa tekem\u00e4\u00e4n liikett\u00e4 materiaalisiin esineisiin. T\u00e4llaista kutsutaan telekineesiksi.<\/p>\n<p>Kaikki taikuudet ovat v\u00e4\u00e4ryydellist\u00e4 toimintaa, koska taikuuksilla ei luoda edistyst\u00e4 vaan niill\u00e4 voidaan edist\u00e4\u00e4 olentojen asioita tekem\u00e4ll\u00e4 v\u00e4\u00e4ryytt\u00e4 kuitenkin toisille olennoille. Taikuuksien avulla on voitu tehd\u00e4 lukemattomia asioita aiempien universumeiden aikaan. Aiemmat universumit sis\u00e4lsiv\u00e4t aina joitain erilaisuuksia taikuuksissa.<\/p>\n<p>Kaikki materiaaliset olennot ovat kykenevi\u00e4 taikuuteen t\u00e4n\u00e4kin p\u00e4iv\u00e4n\u00e4, mutta ei ollenkaan samassa mittasuhteessa, kuin miten asia on ollut sek\u00e4 aiemmassa universumissa ett\u00e4 aiemmin t\u00e4m\u00e4n universumin aikana. Kaikki olennot ovat taikuuteen kykenevi\u00e4, koska kaikilla on oltava sama tarkoitus el\u00e4m\u00e4n osalta, jolloin kaikilla on lopulta samat kyvyt henkimaailman toimesta annettuna.<\/p>\n<p align=\"center\">4.<\/p>\n<p>Kaikki olentomme olivat hyvin v\u00e4\u00e4ryydellisi\u00e4 Luojallekin aiemmassa universumissa. Kaikki olentomme eiv\u00e4t olleet el\u00e4vi\u00e4 henkiolennoiltaan, joten kaikille olennoillemme tuli tehd\u00e4 palvelust\u00f6it\u00e4 Luojankin toimesta, jotta heid\u00e4n kanssaan voisi el\u00e4\u00e4 edes jotenkin. Henkiolennoltaan kuolleet eiv\u00e4t itse saa niin paljoa asioita tehty\u00e4, koska heid\u00e4n toimintonsa ovat hyvin v\u00e4\u00e4ryydellisi\u00e4. Niinp\u00e4 kuolleet eliv\u00e4t hyvin v\u00e4\u00e4ryydellisi\u00e4 el\u00e4mi\u00e4 aiemman universumin aikaan.<\/p>\n<p>Kaikkien olentojemme v\u00e4\u00e4ryydet olivat kukassaan my\u00f6s aiemmassa universumissamme. Silloin tehtiin t\u00e4htienv\u00e4lisi\u00e4 matkoja, kuten my\u00f6s planetaarisia sotia. Kaikilla olennoillamme oli Luojan j\u00e4rjestelmiss\u00e4mme hyvin v\u00e4\u00e4ryydellist\u00e4 toimintaa. Kaikki Luojan noituudet olivat hyvin kiroutuneita toisista olennoista.<\/p>\n<p>Luojan olennot toimivat aiemmassa universumissa kuin t\u00e4n\u00e4 p\u00e4iv\u00e4n\u00e4kin, jolloin Luoja l\u00e4hti itsekin maailmasta toisinaan jumaluudeksi Taivaaseen. Koska maailma t\u00e4yttyi loppusodan tasoisesti sotatoiminnasta ulkoavaruuden valtakuntien v\u00e4lill\u00e4. Loppusodan toiminnot olivat Luojalle liian v\u00e4\u00e4ryydellisi\u00e4 kokea, sill\u00e4 sellainen oli kuolleiden henkiolentojen haluamaa toimintaa. El\u00e4ville henkiolennoille vastaavasti sellainen ei ollut sopivaa.<\/p>\n<p align=\"center\">5.<\/p>\n<p>Loppusotamme olivat hyvin v\u00e4\u00e4ryydellisi\u00e4 kaikille olennoillemme. Kaikki loppusodan olennot olivat siis kuolleita henkiolennoiltaan suurimmalta osin. T\u00e4llainen toiminta kuin loppusota on kaikkein v\u00e4\u00e4ryydellisint\u00e4 toimintaa. Loppusodan olennot toimivat hyvin v\u00e4\u00e4ryydellisesti. Loppusodan olennot toimivat aina v\u00e4\u00e4ryydenmukaisesti, sill\u00e4 loppusodassa toimitaan aina sen mukaan mik\u00e4 on kaikkein karseinta ihmisille.<\/p>\n<p>Loppusodassa Luojakin oli muualla kuin maailmassa, sill\u00e4 h\u00e4n meni jumaluudeksi Taivaaseen, jotta voisi ohjata kaiken v\u00e4\u00e4ryyden v\u00e4henem\u00e4\u00e4n. Kaikki v\u00e4\u00e4ryydelliset olennot olivat hyvin v\u00e4\u00e4ryydellisi\u00e4 Luojan olennoillekin v\u00e4\u00e4ryytens\u00e4 takia. Kaikki olennot ovat v\u00e4\u00e4ryydellisi\u00e4, mutta kuolleet hengelt\u00e4\u00e4n ovat t\u00e4ysin hallitsemattomia toiminnoiltaan, jolloin he tekev\u00e4t v\u00e4\u00e4ryytt\u00e4 siit\u00e4 tiet\u00e4m\u00e4tt\u00e4 saati v\u00e4litt\u00e4m\u00e4tt\u00e4.<\/p>\n<p>Kaikkien v\u00e4\u00e4ryydellisten olentojen kieroilut olivat loppusodassa hyvin v\u00e4\u00e4ryydellisi\u00e4. Kaikkien olentojen loppusodan toiminnot olivat kuin nykyaikana kun lopun aikoina oli sotia. Loppusodassamme aiemmassa universumissa toimittiin hyvin v\u00e4\u00e4ryydellisesti. Kaikki loppusodan toiminnot aiemmassa universumissa olivat tieteiskirjallisuuden tasoisia.<\/p>\n<p>Loppusodassa kaikilla olennoillamme oli hyvin v\u00e4\u00e4ryydelliset toiminnot. Loppusodan tunnelma oli kaoottinen, jolloin loppusodassamme toimittiin hyvin kaoottisella tavalla. Loppusodassamme aiemmassa universumissa toimittiin hyvien ja pahojen avulla erimielisyyksi\u00e4 luoden. Hyv\u00e4t olivat kuin kristus-olentoja ja pahat kuin antikristus-olentoja.<\/p>\n<p align=\"center\">6.<\/p>\n<p>Kaikilla olennoillamme oli aiemmassa universumissa hyvin v\u00e4\u00e4ryydellist\u00e4 toimintaa my\u00f6s mets\u00e4l\u00e4isen\u00e4. Kaikkien olentojen ajat toimivat siis hyvin v\u00e4\u00e4ryydellisesti olipa kyseess\u00e4 mink\u00e4lainen universumin aika tahansa. Universumissamme on my\u00f6s mets\u00e4l\u00e4isen\u00e4 eletty\u00e4 toimintaa aiempina aikoina. Kaikki olentomme ovat olleet t\u00e4ss\u00e4 universumissa mets\u00e4l\u00e4isin\u00e4 yht\u00e4 v\u00e4\u00e4ryydellisi\u00e4 kuin aiemmassa universumissa.<\/p>\n<p>Kaikkien universumiemme olennot ovat hyvin v\u00e4\u00e4ryydellisi\u00e4, sill\u00e4 kaikilla puuttuu oikean toiminnan taso. Oikean toiminnan taso on ainoastaan Luojalla, jolloin Luojalla on oikean toiminnan taso jo alun perin, eik\u00e4 sit\u00e4 voi ottaa pois Luojalta. Luojan toiminnan tasolla kaikki olennot ovat v\u00e4\u00e4ryydellisi\u00e4 luojaolentoja lukuun ottamatta.<\/p>\n<p>Aiempi universumimme on toiminut hyvin v\u00e4\u00e4ryydellisesti ihmisille. Kaikki v\u00e4\u00e4ryydelliset olennot toimivat hyvin v\u00e4\u00e4ryydellisesti, koska heill\u00e4 oli paljon Luojan sopimuksia v\u00e4\u00e4ryytt\u00e4 tehd\u00e4kseen. Kaikki Luojan sopimukset toimivat hyvin kiroutuneella tavalla. Kaikilla Luojan sopimuksilla on kiroutunutta toimintaa, jolloin Luojakaan ei tied\u00e4 mit\u00e4 sopimuksia kullakin olennolla on. Luojan sopimukset toimivat n\u00e4in Luojankin tietoisuuden ulkopuolella, koska Luojaltakin voidaan salata asioita.<\/p>\n<p>Aiempi universumimme toimi Luojan avulla hyvin kieroutuneesti. T\u00e4m\u00e4 johtui siit\u00e4, ett\u00e4 kaikilla Luojan olennoilla oli hyvin pitk\u00e4lle kehittynyt tietoisuus. Kaikki Luojan olennot toimivat v\u00e4\u00e4ryydellisesti, koska silloin voitiin tehd\u00e4 noituuksia, joilla saatiin aikaan edistyst\u00e4kin. Kaikilla Luojan olennoillamme oli hyvin kieroutunut toiminto toimia v\u00e4\u00e4ryydellisesti Luojan haluamalla tavalla. Heill\u00e4 oli hyvin kiroutunutta toimintaa.<\/p>\n<p align=\"center\">7.<\/p>\n<p>Kaikissa aiemmissa universumeissamme on ollut hyvin v\u00e4\u00e4ryydellist\u00e4 toimintaa, koska Luojakin on v\u00e4\u00e4ryydellinen. Kaikilla aiempien aikojen olennoillamme on hyvin v\u00e4\u00e4ryydellist\u00e4 toimintaa takanaan. Kaikki v\u00e4\u00e4ryydelliset olennot ovat hyvin kiroutuneita aiemmista ajoista johtuen. Universumeissamme oltiin hyvin v\u00e4\u00e4ryydellisi\u00e4 t\u00e4st\u00e4 universumista edellisen universumin aikaan.<\/p>\n<p>Kaikki v\u00e4\u00e4ryydelliset olennot tekiv\u00e4t tuhoty\u00f6t\u00e4\u00e4n olentojen tuhoamiseksi. Kaikki v\u00e4\u00e4ryydet tulivat n\u00e4in toteen, ett\u00e4 Luoja l\u00e4hti jumaluudeksi loppusodan aikaan. N\u00e4in Luoja voi hallinnoida paremmin kaikkien olentojen toimintaa. Kuitenkin Luoja piti loppusodan toimintaa aiemmassa universumissa hyvin v\u00e4\u00e4ryydellisen\u00e4 toimintana, eik\u00e4 halunnut olla miss\u00e4\u00e4n tekemisiss\u00e4 loppusodan py\u00f6rittelij\u00f6iden kanssa.<\/p>\n<p>Aiemmat sotatilanteet eiv\u00e4t olleet niin laajoja kuin miten loppusota sodittiin aiemmassa universumissa. Loppusodassa tehtiin niin paljon v\u00e4\u00e4ryytt\u00e4 kaikille universumin olennoille, ett\u00e4 kukaan ei pystynyt laskemaan uhrien m\u00e4\u00e4r\u00e4\u00e4.<\/p>\n<p>Kaikki v\u00e4\u00e4ryydelliset olentomme toimivat aiemmassa universumissa v\u00e4\u00e4ryydellisemmin kuin voimme kuvitellakaan. T\u00e4m\u00e4 johtui Luojan tekemist\u00e4 sopimuksista, ett\u00e4 kaikille olennoille tuli antaa korkeatasoinen lupa toimia v\u00e4\u00e4ryydellisemmin kuin kuviteltiinkaan. Kaikki v\u00e4\u00e4ryydelliset olennot ovat hyvin kiroutuneita toisista olennoista, jolloin v\u00e4\u00e4ryydelliset olennot kiroutuvat v\u00e4\u00e4ryydest\u00e4 johtuen.<\/p>\n<p><span style=\"color: #ff0000;\">[adsenseyu1]<\/span><\/p>\n","protected":false},"excerpt":{"rendered":"<p>[adsense_inserter id=&#8221;750&#8243;] Julkaistu 28.12.2012 1. Aiempi universumi t\u00e4st\u00e4 universumista oli hyvin kaukaa katsottuna v\u00e4\u00e4ryydellisempi kuin t\u00e4m\u00e4 universumi. Kaikilla olennoillamme oli hyvin kieroutunut uskonto, ett\u00e4 Luojaa ei ole olemassa. Luoja toimi silloin hyvin v\u00e4\u00e4ryydellisesti, sill\u00e4 h\u00e4nest\u00e4 ei tiedetty juuri mit\u00e4\u00e4n. Luojan toiminta oli hyvin v\u00e4\u00e4ryydellist\u00e4 sivu-universumeissakin. Luojan toimintaan kuului kaikki v\u00e4\u00e4ryydellinen toiminta, jota pystyi harjoittamaan ihmeellisen [&hellip;]<\/p>\n","protected":false},"author":1,"featured_media":0,"parent":23,"menu_order":0,"comment_status":"closed","ping_status":"closed","template":"","meta":{"footnotes":""},"class_list":["post-184","page","type-page","status-publish","hentry"],"_links":{"self":[{"href":"https:\/\/www.esoteria.fi\/newmain\/wp-json\/wp\/v2\/pages\/184","targetHints":{"allow":["GET"]}}],"collection":[{"href":"https:\/\/www.esoteria.fi\/newmain\/wp-json\/wp\/v2\/pages"}],"about":[{"href":"https:\/\/www.esoteria.fi\/newmain\/wp-json\/wp\/v2\/types\/page"}],"author":[{"embeddable":true,"href":"https:\/\/www.esoteria.fi\/newmain\/wp-json\/wp\/v2\/users\/1"}],"replies":[{"embeddable":true,"href":"https:\/\/www.esoteria.fi\/newmain\/wp-json\/wp\/v2\/comments?post=184"}],"version-history":[{"count":8,"href":"https:\/\/www.esoteria.fi\/newmain\/wp-json\/wp\/v2\/pages\/184\/revisions"}],"predecessor-version":[{"id":764,"href":"https:\/\/www.esoteria.fi\/newmain\/wp-json\/wp\/v2\/pages\/184\/revisions\/764"}],"up":[{"embeddable":true,"href":"https:\/\/www.esoteria.fi\/newmain\/wp-json\/wp\/v2\/pages\/23"}],"wp:attachment":[{"href":"https:\/\/www.esoteria.fi\/newmain\/wp-json\/wp\/v2\/media?parent=184"}],"curies":[{"name":"wp","href":"https:\/\/api.w.org\/{rel}","templated":true}]}}