{"id":200,"date":"2013-01-28T13:02:46","date_gmt":"2013-01-28T13:02:46","guid":{"rendered":"http:\/\/esoteria.fi\/?page_id=200"},"modified":"2015-06-21T14:09:37","modified_gmt":"2015-06-21T14:09:37","slug":"ihmisen-elaman-kiertokulku","status":"publish","type":"page","link":"https:\/\/www.esoteria.fi\/newmain\/yleista\/ihmisen-elaman-kiertokulku\/","title":{"rendered":"Ihmisen el\u00e4m\u00e4n kiertokulku"},"content":{"rendered":"<p>[adsense_inserter id=&#8221;750&#8243;]<\/p>\n<p align=\"center\"><em>Julkaistu 28.1.2013<\/em><\/p>\n<p align=\"center\">1.<\/p>\n<p>Ihmisen el\u00e4m\u00e4n kiertokulku on hyvin v\u00e4\u00e4ryydellist\u00e4 toimintaa sis\u00e4lt\u00e4v\u00e4\u00e4. Ihmisill\u00e4 on hyvin v\u00e4\u00e4ryydellist\u00e4 toimintaa heid\u00e4n el\u00e4m\u00e4n kiertokulkunsa aikana. El\u00e4m\u00e4n kiertokulun aikana kaikilla olennoillamme on hyvin v\u00e4\u00e4ryydelliset toiminnot, jotka Luoja on heille antanut.<\/p>\n<p>Ihmisen el\u00e4m\u00e4n kiertokulkuun kuuluu kaikenlaisia asioita. Ihmisen el\u00e4m\u00e4n kiertokulussa ollaan hyvin v\u00e4\u00e4ryydellisi\u00e4, jolloin v\u00e4\u00e4ryydet tulevat toteen ihmisen el\u00e4m\u00e4n kiertokulussa. Kaikki olentomme el\u00e4v\u00e4t ihmisin\u00e4 el\u00e4mi\u00e4, koska kaikilla on v\u00e4\u00e4ryydelliset sopimukset heid\u00e4n el\u00e4\u00e4kseen Maa planeetallakin.<\/p>\n<p>Kaikki olentomme toimivat hyvin v\u00e4\u00e4ryydellisesti el\u00e4m\u00e4ns\u00e4 aikana, jolloin kaikilla on rangaistuksia luvassa el\u00e4miens\u00e4 j\u00e4lkeen. Kaikki v\u00e4\u00e4ryydelliset olennot toimivat siis hyvin v\u00e4\u00e4ryydellisesti el\u00e4miens\u00e4 aikana, jolloin heit\u00e4 tulee rangaista el\u00e4m\u00e4n p\u00e4\u00e4tytty\u00e4. T\u00e4m\u00e4 rangaistusilmi\u00f6 on hyvin pitk\u00e4lti nykyaikana tiedossa oleva ilmi\u00f6, vaikka monet eiv\u00e4t siihen uskokaan.<\/p>\n<p>Kaikkien v\u00e4\u00e4ryydellisten olentojen toiminnot ovat hyvin kiroutuneita, joita rangaistukset korjaavat. Kaikilla olennoillamme on hyvin v\u00e4\u00e4ryydellist\u00e4 toimintaa mukanaan, jolloin kaikilla tulee olemaan j\u00e4rjestettyn\u00e4 rangaistuksia henkimaailman toiminnoin. Toiminnot ovat hyvin v\u00e4\u00e4ryydellisi\u00e4 olennoillamme kuitenkin pysyv\u00e4mminkin, joten oikeudenmukaisuutta on vaikea toteuttaa t\u00e4ydellisesti toisinaan. Oikeudenmukaisuuden toteutumiseen pyrit\u00e4\u00e4n kuitenkin, mutta rangaistukset ovat turhia oikeudenmukaisuuden suhteen kuolleille henkiolennoille.<\/p>\n<p align=\"center\">2.<\/p>\n<p>Kaikki kuolleet henkiolennot ovat toimineet t\u00e4ysin muiden ohjauksessa henkimaailman noituudella, jolloin he eiv\u00e4t voi ottaa vastuuta kaikesta toiminnastaan, toisin kuin el\u00e4v\u00e4t henkiolennot. Kaikki olennot eiv\u00e4t siis saa rangaistuksia kaikesta toiminnastaan, vaan he saavat k\u00e4rsi\u00e4 kiroutumistaan ja odottaa oikean maailman rankaisevan heit\u00e4, sill\u00e4 lain mukaan kaikki saavat rangaistukset henkimaailman j\u00e4rjest\u00e4mill\u00e4 el\u00e4m\u00e4n ajan rangaistuksilla. Eli olennoille j\u00e4rjestet\u00e4\u00e4n rangaistukset koko el\u00e4m\u00e4lle, joita he k\u00e4rsiv\u00e4t el\u00e4ess\u00e4\u00e4n maailmassa ja henkimaailmassa.<\/p>\n<p>Maailmassa k\u00e4rsiess\u00e4\u00e4n ihmiset kokevat kaikki v\u00e4\u00e4ryydet, joita he ovat aiheuttaneet muille ihmisille jollain tapaa. Maailman ihmiset k\u00e4rsiv\u00e4t my\u00f6s henkimaailman demonien avulla kuolemansa j\u00e4lkeen kuten my\u00f6s unessa ollessaan, mik\u00e4li demonit pit\u00e4v\u00e4t heit\u00e4 liian v\u00e4\u00e4rydellisin\u00e4 itse\u00e4\u00e4n kohtaan.<\/p>\n<p>Kaikki kuoleman j\u00e4lkeiset el\u00e4m\u00e4t ovat todellisuutta. Sill\u00e4 henkiolento poistuu ruumista kuoleman j\u00e4lkeen, jolloin kaikilla on luvassa kuoleman j\u00e4lkeinen el\u00e4m\u00e4 toisessa kehossa, joko Taivaassa, Helvetiss\u00e4 tai henkimaailman ulottuvuudessa. Taivas ja Helvetti ovat oikeaoppisesti my\u00f6s ulottuvuuksia. Kaikki henkimaailman olennot tiet\u00e4v\u00e4t t\u00e4st\u00e4 toiminnosta enemm\u00e4n kuin fyysisen maailman olennot. Fyysiseksi maailmaksi kutsutaan aina universumia.<\/p>\n<p>Henkimaailmassamme ollaan hyvin v\u00e4\u00e4ryydellisi\u00e4 sinne tulleille maailman olennoille hyvin harvoin. Kaikki olentomme toimivat v\u00e4\u00e4ryydellisesti, mutta henkimaailmassa ei olla niin v\u00e4\u00e4ryydellisi\u00e4, vaikka toisinaan n\u00e4in ehk\u00e4 kuvitellaankin. Henkimaailman olentomme toimivat hyvin v\u00e4\u00e4ryydellisesti siltikin kaikkia v\u00e4\u00e4ryydentekij\u00f6it\u00e4 kohtaan, jolloin kaikilla on hyvin v\u00e4\u00e4ryydelliset toiminnot. Kaikista v\u00e4\u00e4ryydellisist\u00e4 rangaistuksista ei voi kirjoittaa, sill\u00e4 niit\u00e4 on loputtomasti, kuten on niit\u00e4 aiheuttavia v\u00e4\u00e4ryyksi\u00e4kin.<\/p>\n<p align=\"center\">3.<\/p>\n<p>Kaikilla olennoillamme on hyvin kieroutuneet toiminnot, joilla olennot tekev\u00e4t v\u00e4\u00e4ryytt\u00e4 toisille olennoille. T\u00e4m\u00e4 tullaan aina korjaamaan rangaistuksin joko henkimaailmassa tai fyysisess\u00e4 maailmassa. V\u00e4\u00e4ryydelliset rakennelmat ihmisten ajatuksissa tullaan kierouttamaan rikki, jotta ne eiv\u00e4t tulisi liian haitallisiksi olennoillemme.<\/p>\n<p>Henkimaailman olennoillamme on hyvin v\u00e4\u00e4ryydellist\u00e4 toimintaa harvemmin kuin kuviteltiinkaan, sill\u00e4 kaikilla olennoillamme on halu olla v\u00e4hemm\u00e4n v\u00e4\u00e4ryydellinen ja t\u00e4m\u00e4 halu toimii henkimaailmassa ihmisill\u00e4 paremmin kuin maailmassa. Kaikki v\u00e4\u00e4ryydelliset olentomme eiv\u00e4t koe t\u00e4t\u00e4 halua kovin usein, mutta heill\u00e4 on sellainen kuitenkin.<\/p>\n<p>Henkimaailmassa ollessaan olennot siis eiv\u00e4t ole v\u00e4\u00e4ryydellisempi\u00e4 kuten on kuviteltukin, joten henkimaailmassa on helpompaa kuin fyysisess\u00e4 maailmassa. Kaikki henkimaailman olennot toimivat kuitenkin v\u00e4\u00e4ryydellisesti, mutta heit\u00e4 ohjataan enemm\u00e4n henkimaailman ohjaustoiminnoilla, jolloin v\u00e4\u00e4ryytt\u00e4 esiintyy v\u00e4henev\u00e4ss\u00e4 m\u00e4\u00e4rin.<\/p>\n<p>Henkimaailmassamme olennoillamme on hyv\u00e4 olla, koska siell\u00e4 ei tehd\u00e4 v\u00e4\u00e4ryytt\u00e4 niin paljoa kuin maailmassa. Kaikki v\u00e4\u00e4ryydelliset olentomme tahtovat v\u00e4\u00e4ryytt\u00e4 teht\u00e4v\u00e4n, sill\u00e4 he eiv\u00e4t osaa tehd\u00e4 muutakaan kuin v\u00e4\u00e4ryytt\u00e4. V\u00e4\u00e4ryydellisyys on siis ihmisen osana maailmassa ollessa, sill\u00e4 siell\u00e4 voidaan toimia v\u00e4\u00e4ryydellisemmin kuin henkimaailmassa. Kaikki olentomme ovat henkimaailmassa siis helpommin el\u00e4vi\u00e4 kuin maailmassa.<\/p>\n<p align=\"center\">4.<\/p>\n<p>Kaikki v\u00e4\u00e4ryydelliset olentomme toimivat kaikkien suhteen hyvin ongelmallisesti, mik\u00e4 on hyvin haitallista v\u00e4henev\u00e4ss\u00e4 m\u00e4\u00e4rin. Kaikilla olennoillamme on siis v\u00e4\u00e4ryydelliset sopimukset tehd\u00e4 v\u00e4\u00e4ryytt\u00e4 jollain tapaa, jotta he voisivat kehitty\u00e4 t\u00e4lt\u00e4 osin korkeatasoisemmiksi. Kaikki olentomme ovat v\u00e4\u00e4ryydellisi\u00e4, mutta toisinaan oikeudenmukaisuuttakin l\u00f6ytyy olennoistamme.<\/p>\n<p>Kaikilla meill\u00e4 ei ole hyvi\u00e4 ajatuksia, mutta t\u00e4m\u00e4 ei ole sik\u00e4li ongelma, sill\u00e4 v\u00e4\u00e4ryys ei ole sama asia kuin pahuudellisuus, eik\u00e4 hyveellisyys ole sama kuin oikeudenmukaisuus. Ne ovat joskus ajateltu merkitykselt\u00e4\u00e4n samoiksi, mutta asia ei ole kuitenkaan n\u00e4in. Niinp\u00e4 pahuudesta ei aina rangaista henkimaailmassa eik\u00e4 hyveellisyydest\u00e4 aina saa kiitosta.<\/p>\n<p>Pahuudellisuudesta rangaistaan henkimaailmassa vasta kun on tehnyt toiselle v\u00e4\u00e4ryytt\u00e4 pahuudellisuudella, mutta t\u00e4m\u00e4 on samoin hyveellisyyden suhteen. Toisinaan taas hyveellisyys ja pahuudellisuus ovat oikeudenmukaisia, jolloin olento v\u00e4lttyy rangaistukselta henkimaailmassa, olipa h\u00e4n toiminut pahuudellisesti tai hyveellisesti.<\/p>\n<p>Henkimaailmasta ihmiset tulevat aina my\u00f6hemmin takaisin maailmaan. Maailmassa ollessaan heill\u00e4 on hyvin v\u00e4h\u00e4n halua ajatuksissaan tulla takaisin maailmaan kuolemansa j\u00e4lkeen, mutta kuitenkin ihmiset haluavat tulla takaisin maailmaan henkimaailmasta hyvin usein. Maailmassa el\u00e4minen on siis hyvin edist\u00e4v\u00e4\u00e4 heille itselleen heid\u00e4n omasta mielest\u00e4\u00e4n.<\/p>\n<p align=\"center\">5.<\/p>\n<p>Kaikilla olennoillamme on mahdollisuuksia tulla maailmaan tekem\u00e4\u00e4n v\u00e4\u00e4ryydentekojaan. Kaikilla olennoillamme on my\u00f6s mahdollisuus tulla edist\u00e4m\u00e4\u00e4n asioita t\u00e4nne maailmaan. Kaikki eiv\u00e4t ymm\u00e4rr\u00e4 t\u00e4llaisista mahdollisuuksista, vaan he haluavat tulla pelk\u00e4st\u00e4\u00e4n opportunistisesti katsomaan mit\u00e4 heille tulee vastaan.<\/p>\n<p>Maailmaan takaisin p\u00e4\u00e4seminen ei aina ole mahdollista, vaan kaikki tarvitsevat itselleen sopivan tilanteen maailmaan p\u00e4\u00e4semiseksi. Maailmassa ei aina voi toimia joka aikana, joten maailmaan menemiseksi t\u00e4ytyy olla tietyn tasoista toimintaa luvassa tietyn tasoisille olennoille. Tietyn tasoiset olennot ovat Luojan j\u00e4rjestelm\u00e4ss\u00e4 tietyn tasoisia kykyjens\u00e4 mukaan m\u00e4\u00e4riteltyin\u00e4.<\/p>\n<p>Kaikkien olentojemme v\u00e4\u00e4ryydet est\u00e4v\u00e4t maailmaan p\u00e4\u00e4syn aina toisinaan. Kaikilla olennoillamme on oltava hyvin korkeatasoinen tieto siit\u00e4, ett\u00e4 mit\u00e4 he tulevat tekem\u00e4\u00e4n maailmassa el\u00e4ess\u00e4\u00e4n. Kaikki maailman olennot ovat Luojan j\u00e4rjestelm\u00e4ss\u00e4 kauhean kontrollin alaisia, jolloin maailmassa ei tapahdu juuri mit\u00e4\u00e4n henkimaailman kontrollin ulkopuolella olevaa toimintaa. Kontrolloimattomatkin asiat ovat lopulta hyvin kontrolloituja.<\/p>\n<p>Maailmaan p\u00e4\u00e4stess\u00e4\u00e4n olennot ovat hyvin v\u00e4\u00e4ryydellisi\u00e4 useimmiten, sill\u00e4 henkimaailmassa v\u00e4\u00e4ryydellisyytt\u00e4 on rajoitettu niin, ettei henkimaailmassa voi toimia niin v\u00e4\u00e4ryydellisesti kuin miten maailmassa voi toimia toisinaan. Henkimaailman v\u00e4\u00e4ryydelliset olennot eiv\u00e4t t\u00e4st\u00e4 johtuen voi p\u00e4\u00e4st\u00e4 maailman muuta kuin erikoisluvalla, sill\u00e4 he olisivat hyvin v\u00e4\u00e4ryydellisi\u00e4 maailmassa el\u00e4ess\u00e4\u00e4n.<\/p>\n<p>Kaikki el\u00e4m\u00e4t eri alueilla tapahtuvat hyvin luonnollisella tavalla, eik\u00e4 yliluonnollisena pidett\u00e4vi\u00e4 asioita tapahdu kuin muuten vaan. Kuitenkin henkiolennoille n\u00e4m\u00e4 asiat ovat tuttuakin tutumpia, joten kaikki mielikuvituksenomaiset kuoleman j\u00e4lkeiseen el\u00e4m\u00e4\u00e4n liittyv\u00e4t asiat ovat mahdollisia.<\/p>\n<p><span style=\"color: #ff0000;\">[adsenseyu1]<\/span><\/p>\n","protected":false},"excerpt":{"rendered":"<p>[adsense_inserter id=&#8221;750&#8243;] Julkaistu 28.1.2013 1. Ihmisen el\u00e4m\u00e4n kiertokulku on hyvin v\u00e4\u00e4ryydellist\u00e4 toimintaa sis\u00e4lt\u00e4v\u00e4\u00e4. Ihmisill\u00e4 on hyvin v\u00e4\u00e4ryydellist\u00e4 toimintaa heid\u00e4n el\u00e4m\u00e4n kiertokulkunsa aikana. El\u00e4m\u00e4n kiertokulun aikana kaikilla olennoillamme on hyvin v\u00e4\u00e4ryydelliset toiminnot, jotka Luoja on heille antanut. Ihmisen el\u00e4m\u00e4n kiertokulkuun kuuluu kaikenlaisia asioita. Ihmisen el\u00e4m\u00e4n kiertokulussa ollaan hyvin v\u00e4\u00e4ryydellisi\u00e4, jolloin v\u00e4\u00e4ryydet tulevat toteen ihmisen el\u00e4m\u00e4n kiertokulussa. [&hellip;]<\/p>\n","protected":false},"author":1,"featured_media":0,"parent":90,"menu_order":0,"comment_status":"closed","ping_status":"closed","template":"","meta":{"footnotes":""},"class_list":["post-200","page","type-page","status-publish","hentry"],"_links":{"self":[{"href":"https:\/\/www.esoteria.fi\/newmain\/wp-json\/wp\/v2\/pages\/200","targetHints":{"allow":["GET"]}}],"collection":[{"href":"https:\/\/www.esoteria.fi\/newmain\/wp-json\/wp\/v2\/pages"}],"about":[{"href":"https:\/\/www.esoteria.fi\/newmain\/wp-json\/wp\/v2\/types\/page"}],"author":[{"embeddable":true,"href":"https:\/\/www.esoteria.fi\/newmain\/wp-json\/wp\/v2\/users\/1"}],"replies":[{"embeddable":true,"href":"https:\/\/www.esoteria.fi\/newmain\/wp-json\/wp\/v2\/comments?post=200"}],"version-history":[{"count":6,"href":"https:\/\/www.esoteria.fi\/newmain\/wp-json\/wp\/v2\/pages\/200\/revisions"}],"predecessor-version":[{"id":768,"href":"https:\/\/www.esoteria.fi\/newmain\/wp-json\/wp\/v2\/pages\/200\/revisions\/768"}],"up":[{"embeddable":true,"href":"https:\/\/www.esoteria.fi\/newmain\/wp-json\/wp\/v2\/pages\/90"}],"wp:attachment":[{"href":"https:\/\/www.esoteria.fi\/newmain\/wp-json\/wp\/v2\/media?parent=200"}],"curies":[{"name":"wp","href":"https:\/\/api.w.org\/{rel}","templated":true}]}}