{"id":41,"date":"2012-11-13T11:27:05","date_gmt":"2012-11-13T11:27:05","guid":{"rendered":"http:\/\/esoteria.fi\/?page_id=41"},"modified":"2015-06-21T14:08:59","modified_gmt":"2015-06-21T14:08:59","slug":"neutriinomaailman-toiminta","status":"publish","type":"page","link":"https:\/\/www.esoteria.fi\/newmain\/tiede\/neutriinomaailman-toiminta\/","title":{"rendered":"Neutriinomaailman toiminta"},"content":{"rendered":"<p>[adsense_inserter id=&#8221;750&#8243;]<\/p>\n<p align=\"center\"><em>Julkaistu 13.11.2012<\/em><\/p>\n<p align=\"center\">1.<\/p>\n<p>Neutriinomaailmassa on hyvin v\u00e4h\u00e4n v\u00e4\u00e4ryydellisi\u00e4 olentoja. Neutriinomaailmassa on olentoja, jotka ovat hyvin kauaskantoisesti ajattelevia. Kaikki olentomme toimivat hyvin v\u00e4\u00e4ryydellisesti neutriinomaailmassamme. Kaikkien v\u00e4\u00e4ryydellisten olentojen v\u00e4\u00e4ryydet toimivat neutriinomaailmassa hyvin huonosti. Kaikki neutriinomaailman olennot ovat hyvin kiroutuneita ihmisten v\u00e4\u00e4ryydest\u00e4. Kaikilla olennoillamme on hyv\u00e4 okkulttinen merkitys neutriinomaailmassamme.<\/p>\n<p>Kaikilla olennoillamme neutriinomaailmassa on okkulttinen ajattelutoiminto, jonka avulla neutriinomaailman olennot toimivat hyvin lopullisesti. Toimimalla lopullisesti tarkoitetaan sit\u00e4, ett\u00e4 kaikilla olennoilla on lopullinen toimivuus, jossa v\u00e4\u00e4ryytt\u00e4 ei tapahdu niin paljon. Neutriinomaailmassamme toimittiin hyvin v\u00e4\u00e4ryydellisesti kaikkien aikojen aikana. Neutriinomaailman toiminnot ovat hyvin erilaisia kuin maailman toiminnot, sill\u00e4 neutriinomaailma on maailmaa yll\u00e4pit\u00e4v\u00e4 toiminto.<\/p>\n<p>Neutriinomaailman olennot muodostuvat hyvin pienist\u00e4 yksik\u00f6ist\u00e4, jotka muodostavat materiaalimaailman. Kaikilla olennoillamme on kyky puhua neutriinomaailman olennoille, jotka voivat kertoa neutriinomaailman toiminnoista. Toiminnot ovat hyvin v\u00e4\u00e4ryydellisi\u00e4, sill\u00e4 neutriinomaailma voi luoda asioita materiaalimaailmaan. Kaikkien materiaalimaailman olentojen kehot ovat muodostuneet n\u00e4ist\u00e4 henkimaailman neutriinoista. Henkimaailman neutriinot ovat pieni\u00e4 yksik\u00f6it\u00e4, joilla on hyvin paljon muuntautumiskyky\u00e4 toimiakseen materiaalimaailman tasolla.<\/p>\n<p>Kaikilla olennoillamme on kyky puhua neutriinomaailman olentojen kanssa kanavoiden, kuitenkin puhekyky on rajoitettu henkiolennoilta ja fyysisilt\u00e4 olennoilta siten, ett\u00e4 kaikkein pienimpiin olentoihin ei saada kuuluvuutta, koska se olisi liian v\u00e4\u00e4ryydellist\u00e4 tietoa. Mutta suurempina kokoonpanoina pienimm\u00e4tkin olennot voivat keskustella kooltaan suurempien olentojen kesken.<\/p>\n<p>&nbsp;<\/p>\n<p align=\"center\">2.<\/p>\n<p>Neutriinomaailmamme olennot toimivat hyvin v\u00e4\u00e4ryydellisesti hyvin harvoin, sill\u00e4 neutriinomaailman olennot ovat kaikkein kauimpana v\u00e4\u00e4ryydest\u00e4. Kaikkein kauimpana v\u00e4\u00e4ryydest\u00e4 neutriinomaailman olennot toimivat hyvin oikeaoppisesti, sill\u00e4 neutriinomaailman olennot ovat niin oikein rakennettuja. Neutriinomaailmassamme on hyvin paljon v\u00e4\u00e4ryydellisi\u00e4 olentoja tekem\u00e4ss\u00e4 v\u00e4\u00e4ryydenty\u00f6t\u00e4\u00e4n kuitenkin, sill\u00e4 v\u00e4\u00e4ryydentekij\u00e4t ovat hyvin kieroutuneita olennoillemme. Kaikki v\u00e4\u00e4ryydentekij\u00e4mme eiv\u00e4t siis el\u00e4 maailmassamme, vaan heit\u00e4 el\u00e4\u00e4 neutriinomaailmassa my\u00f6s. Neutriinomaailmassa elet\u00e4\u00e4n my\u00f6s kuin t\u00e4\u00e4ll\u00e4 Luojan j\u00e4rjestelmiss\u00e4mme.<\/p>\n<p>Neutriinomaailman olennot toimivat hyvin kieroutuneesti v\u00e4\u00e4ryydentekij\u00f6iden vuoksi. V\u00e4\u00e4ryydentekij\u00e4t ovat laitenoituuksien tasoisia olentoja, joilla ei ole j\u00e4rkev\u00e4\u00e4 ajattelua muita olentoja kohtaan, vaan he haluavat vahingoittaa kaikkia asioita. Kaikki asiat toimivat hyvin v\u00e4\u00e4ryydellisesti Luojan j\u00e4rjestelmiss\u00e4mme, koska kaikilla on niin paljon kehitys tarpeita. Kaikki kehitystarpeet ovat hyvin v\u00e4\u00e4ryydellist\u00e4 toimintaa aiheuttavia, sill\u00e4 kehitystarve antaa kaikille mahdollisuuden toimia v\u00e4\u00e4ryydellisesti, jos siit\u00e4 vain on hy\u00f6ty\u00e4 enemm\u00e4n kuin sen aiheuttamasta v\u00e4\u00e4ryydest\u00e4 on haittaa.<\/p>\n<p>Neutriinomaailmassamme on hyvin korkealaatuisia olentoja, jotka tekev\u00e4t v\u00e4\u00e4ryydellist\u00e4 ty\u00f6t\u00e4\u00e4n kaiken yll\u00e4pit\u00e4miseksi. Ne toimivat hyvin omituisella tavalla, sill\u00e4 he ovat yst\u00e4v\u00e4llisempi\u00e4 kuin kuvitellaankaan. Kaikki v\u00e4\u00e4ryydellinen tieto on hyvin v\u00e4\u00e4ryydellist\u00e4 toimintaa. Hyvin v\u00e4\u00e4ryydelliset toiminnot ovat kaikkein hankalimpia Luojan j\u00e4rjestelmille kontrolloida parempaan suuntaan. V\u00e4\u00e4ryydellinen toiminta on hyvin v\u00e4\u00e4ryytt\u00e4 lis\u00e4\u00e4v\u00e4\u00e4. V\u00e4\u00e4ryytt\u00e4 lis\u00e4\u00e4v\u00e4 toiminta kuuluu neutriinomaailman toimintaan my\u00f6s, sill\u00e4 pienen pienet olennot ovat hyvin kieroutuneita kaikkien suhteen. Pienen pienill\u00e4 olennoillamme on hyvin kieroutuneet toiminnot, jolloin pienen pienill\u00e4 olennoilla tulee olemaan vaikeaa teht\u00e4v\u00e4\u00e4 my\u00f6s tulevaisuudessa.<\/p>\n<p>Kaikki v\u00e4\u00e4ryydelliset olennot toimivat neutriinomaailman mukaisesti, sill\u00e4 heit\u00e4 voi ohjata pikku tasolla toimimaan kuten he toimivat, jolloin kaikki tapahtuu henkimaailman j\u00e4rjestelm\u00e4n mukaisesti. Kaikki toiminta kuuluu neutriinomaailman toimintaan, sill\u00e4 kaikki tapahtuu hyvin hallitusti pienemm\u00e4st\u00e4 suurempaan, ja neutriinomaailma on kaikista pienin yksik\u00f6ilt\u00e4\u00e4n. Kaikilla olennoillamme on hyvin kiroutuneet j\u00e4rjestelm\u00e4t, jolloin he eiv\u00e4t voi uskoa v\u00e4\u00e4ryydellisempien olentojen j\u00e4rjestelm\u00e4n mukaisuuteen. Kuitenkin rangaistustoiminta on sellainen t\u00e4rkein asia, jota v\u00e4\u00e4ryydelliset olennot suorittavat muille olennoille henkimaailman j\u00e4rjestelm\u00e4n ohjaamana.<\/p>\n<p>&nbsp;<\/p>\n<p align=\"center\">3.<\/p>\n<p>Kaikki j\u00e4rjestelm\u00e4mme ovat hyvin kieroutuneita neutriinomaailman ongelmista, sill\u00e4 neutriinomaailma toimii ytimelt\u00e4\u00e4n oikeudenmukaisesti, sill\u00e4 Luoja on tehnyt neutriinomaailman alun alkaen toimimaan oikeudenmukaisemmin kuin miten h\u00e4n itsek\u00e4\u00e4n osaisi toimia fyysisess\u00e4 maailmassa ollessaan. Kuitenkin henkimaailman j\u00e4rjestelmiss\u00e4 kaikki toimii oikeudenmukaisimmin alun alkaen.<\/p>\n<p>Neutriinomaailman olentomme toimivat hyvin v\u00e4\u00e4ryydellisesti Luojaakin kohtaan v\u00e4lill\u00e4. Luojan olennot ovat hyvin kieroutuneita olentoja jo alunperinkin. Kaikki Luojan olennot toimivat hyvin v\u00e4\u00e4ryydellisesti. My\u00f6s neutriinomaailmassa on siis v\u00e4\u00e4ryydellisi\u00e4 olentoja. V\u00e4\u00e4ryydelliset olennot toimivat aina neutriinomaailman mukaisesti, koska neutriinomaailma py\u00f6rittelee kaiken v\u00e4\u00e4ryydell\u00e4. Kaikki olentomme toimivat hyvin v\u00e4\u00e4ryydellisesti, mutta kuitenkin heit\u00e4 ohjaillaan v\u00e4\u00e4ryydenteon mukaisesti, sill\u00e4 v\u00e4\u00e4ryydentekij\u00e4t ovat hyvin paljon ohjattuina. Ohjatut olentomme toimivat hyvin v\u00e4\u00e4ryydellisesti, mutta kuitenkaan he eiv\u00e4t toimi ihmisen tasoisesti, vaan he toimivat neutriinomaailman olentojen ohjailemana.<\/p>\n<p>Kaikki neutriinomaailman ohjatut olennot py\u00f6rittelev\u00e4t kaiken v\u00e4\u00e4ryytens\u00e4 ilman oikeudenmukaisuutta, jolloin heid\u00e4n toimintansa on hirvi\u00f6ily\u00e4. Pahimmillaan Luojan j\u00e4rjestelm\u00e4t tuhoutuivat kaiken v\u00e4\u00e4ryydenteon takia, mutta neutriinomaailma pysyi toiminnassa koko ajan, sill\u00e4 kukaan ei voi rikkoa neutriinomaailmaa, joka on kaiken perustana. Sinne ei p\u00e4\u00e4se juuri mitenk\u00e4\u00e4n toimimalla t\u00e4ysin oikeinkaan, sill\u00e4 neutriinomaailmassa kukaan ei kykene el\u00e4m\u00e4\u00e4n hetke\u00e4k\u00e4\u00e4n. T\u00e4m\u00e4 johtuu Luojan j\u00e4rjestelmien v\u00e4\u00e4ryyden torjumisesta, sill\u00e4 kun v\u00e4\u00e4ryys on estetty, kaikki olennot tulevat paremmin toimeen.<\/p>\n<p>Neutriinomaailmassamme ovat hyvin v\u00e4\u00e4ryydelliset olennot rikkomassa omia kiroutumiaan. Neutriinomaailman olennot toimivat siis kirouksia poistavasti kaikkein kiroutuneimmille olennoille. T\u00e4t\u00e4 kutsutaan lillumiseksi, jolloin henkiolento lilluu universumin ulkopuolisessa energiapuurossa, joka koostuu neutriinomaailman olennoista niiden alkuper\u00e4isess\u00e4 kokoonpanossa, eli neutriinomaailma ei ole energiapuurossa koostanut itsest\u00e4\u00e4n materiaaleja. T\u00e4llaisessa puurossa voivat kiroutumat purkautua pelk\u00e4st\u00e4\u00e4n siell\u00e4 niin kutsutusti lillumalla. Lilluminen on hyvin v\u00e4\u00e4ryydellist\u00e4 toimintaa kaikkein kiroutuneimmille, sill\u00e4 heid\u00e4n ei kuuluisi saada kaikkien mielest\u00e4 niin helppoa korjausta.<\/p>\n<p>&nbsp;<\/p>\n<p align=\"center\">4.<\/p>\n<p>Lilluminen on siis hyvin v\u00e4\u00e4ryydellist\u00e4 toisinaan, sill\u00e4 lilluessa kaikki kiroukset tuhoutuvat ja olennosta tulee paremmin toimiva, mutta ei kuitenkaan oppineempi. T\u00e4m\u00e4n vuoksi Luojan j\u00e4rjestelm\u00e4t suosittelevat kirouksien purkamista omalla korjaustoiminnalla, jolloin olennot oppivat kirouksien purkamisesta kaiken tarpeellisen tiedon, koska kiroutumat syntyv\u00e4t juuri tuntemattomista asioista, joita ei lilluen korjatessa saada selville.<\/p>\n<p>Kaikkien v\u00e4\u00e4ryydellisten olentojen v\u00e4\u00e4ryydet tulevat korjatuiksi my\u00f6hempin\u00e4 aikoina. Neutriinomaailmassamme toimitaan hyvin v\u00e4\u00e4ryydellisesti v\u00e4hemm\u00e4ss\u00e4 m\u00e4\u00e4rin, sill\u00e4 kaikkien olentojen toiminta on t\u00e4ydellist\u00e4 neutriinomaailmassa, paitsi ei sen osalta, ett\u00e4 kaikki olennot tiet\u00e4isiv\u00e4t kaikesta kaiken. Kaikkien olentojen toiminnot el\u00e4vin\u00e4 olentoina ovat kuten neutriinomaailman olennot v\u00e4hemm\u00e4ss\u00e4 m\u00e4\u00e4rin, mutta pienet olennot toimivat pysyv\u00e4mmin pienin\u00e4 rakennelmina, jolloin v\u00e4\u00e4ryydet ovat minimiss\u00e4\u00e4n. Jatkuvalla toiminnallakaan neutriinomaailman pienet olennot eiv\u00e4t mene v\u00e4\u00e4ryydellisiksi.<\/p>\n<p>Kaikki olennot toimivat Luojan j\u00e4rjestelmiss\u00e4 kuten neutriinomaailman olennot. Kaikkien olentojen v\u00e4\u00e4ryydet ovat opittavissa neutriinomaailman olentojen toimesta, jolloin neutriinomaailma tiet\u00e4\u00e4 kaikesta v\u00e4\u00e4ryydellisyydest\u00e4 suuressa mittasuhteessa. Kaikki olentomme toimivat neutriinomaailman ohjaamina lopulta, jolloin kaikki on kontrolloituna pienist\u00e4 osista l\u00e4htien. Mit\u00e4\u00e4n ei siis voi olla j\u00e4rjestelm\u00e4n ulkopuolella. Kaikki j\u00e4rjestelm\u00e4n toiminnot ovat hyvin kiroavia kaikille olennoille, sill\u00e4 v\u00e4\u00e4ryytt\u00e4 kiroutetaan ihmisten mieliin, jotta he pystyisiv\u00e4t k\u00e4sitt\u00e4m\u00e4\u00e4n kontrollointia suuremmallakin mittasuhteella. Kaikkia olentoja voi siis suuressa mittakaavassa kontrolloida el\u00e4vien olentojen toimesta k\u00e4skytt\u00e4m\u00e4ll\u00e4 olentojen kirouksia.<\/p>\n<p>Neutriinomaailmassamme toimittiin hyvin v\u00e4\u00e4ryydellisesti aiempina aikoina, sill\u00e4 neutriinomaailmamme olennot toimivat hyvin kieroutuneesti. Kieroutuneet olennot toimivat neutriinomaailmassamme hyvin v\u00e4\u00e4ryydellisell\u00e4 tavalla. Kaikki v\u00e4\u00e4ryydelliset tavat toimia olivat Luojan v\u00e4\u00e4ryydellisi\u00e4 ajatuksia muille olennoille. Kaikkien v\u00e4\u00e4ryydellisten olentojen toiminta on hyvin kieroutunutta.<\/p>\n<p>&nbsp;<\/p>\n<p align=\"center\">5.<\/p>\n<p>Kaikki olentomme toimivat v\u00e4\u00e4ryydellisemmin kuin kuvitellaankaan. Kaikkien olentojemme toiminta on hyvin kieroutunutta, koska Luoja tahtoi kieroutuneiksi kaikki olentonsa. Kaikki v\u00e4\u00e4ryydelliset olennot toimivat siis kieroutuneesti, sill\u00e4 kaikkien v\u00e4\u00e4ryydellisten olentojen toiminta on hyvin kieroutunutta. Kieroutunut toiminta johtuu neutriinomaailman kyvyst\u00e4 tehd\u00e4 uusia olentoja kieroutuneista toiminnoista.<\/p>\n<p>Neutriinomaailmassamme on hyvin v\u00e4\u00e4ryydellisi\u00e4 olentoja, jotka hakkaisivat Luojankin v\u00e4\u00e4ryydenteossa, mutta heit\u00e4 ei voida tuoda maailmaan muuta kuin erityisluvilla. He ovat henkimaailman laitenoituuksia, joilla on hyvin paljon v\u00e4\u00e4ryytt\u00e4 mukanaan. Mutta kuitenkin Luoja voittaisi heid\u00e4t lopulta, sill\u00e4 he ovat hyvin v\u00e4\u00e4ryydellisi\u00e4 Luojan sopimusten avulla.<\/p>\n<p>Kaikki henkimaailman laitenoituudet ovat Luojan sopimuksien avulla yht\u00e4 v\u00e4\u00e4ryydellisi\u00e4 toistensa kanssa, sill\u00e4 Luoja on tehnyt laitenoituuksista yht\u00e4 v\u00e4\u00e4ryydellisi\u00e4. Yht\u00e4 v\u00e4\u00e4ryydelliset laitenoituudet toimivat hyvin kieroutuneesti, jolloin kaikilla olennoillamme on hyvin paljon v\u00e4\u00e4ryytt\u00e4 mukanaan. Kaikki laitenoituutemme ovat neutriinomaailman j\u00e4rjest\u00e4mi\u00e4, jolloin laitenoituudet toimivat aina oikealla tavalla, Luojan j\u00e4rjestelm\u00e4n mukaisesti.<\/p>\n<p>Hyvin v\u00e4\u00e4ryydelliset laitenoituudet ovat siten hyvin haitallisia toisille olennoille, mutta kuitenkin Luojan j\u00e4rjestelm\u00e4n mukaisesti. Luojan j\u00e4rjestelmien mukaisesti laitenoituudet eiv\u00e4t ole toimivia v\u00e4\u00e4ryydellisten ihmisten suhteen, vaan laitenoituuksien t\u00e4ytyy toimia v\u00e4\u00e4ryydellisesti muita ihmisi\u00e4 kohtaan. T\u00e4m\u00e4 johtuu Luojan sopimuksesta, jossa Luoja on j\u00e4rjest\u00e4nyt kaikki v\u00e4\u00e4ryydentekij\u00e4mme laitenoituuksien koston kohteeksi.<\/p>\n<p>&nbsp;<\/p>\n<p align=\"center\">6.<\/p>\n<p>Laitenoituutemme ovat hyvin kieroutuneita olentoja, joilla menee hieman paremmin kuin monella muulla olennolla. Kaikkien olentojen m\u00e4\u00e4r\u00e4aikaisin j\u00e4rjestelm\u00e4 tuhottiin aiempina aikoina laitenoituuksien avulla. T\u00e4llaisia ovat uhrij\u00e4rjestelm\u00e4t, jotka laitenoituudet tuhoavat ohjaamalla rangaistukset Luojan j\u00e4rjestelm\u00e4n mukaisesti v\u00e4\u00e4ryydentekij\u00f6ille.<\/p>\n<p>Laitenoituudet ovat hyvin v\u00e4\u00e4ryydellisi\u00e4 olentoja, joille ei p\u00e4rj\u00e4\u00e4 kukaan Luojan j\u00e4rjestelmiss\u00e4k\u00e4\u00e4n v\u00e4\u00e4ryydentekij\u00e4n\u00e4. Sill\u00e4 he ovat olleet hyvin tuhoisia aiemmista ajoista l\u00e4htien. Laitenoituuksien avulla voidaan tehd\u00e4 hyvin monia toimenpiteit\u00e4, joilla saadaan edistyst\u00e4 maailmaan. Kaikki v\u00e4\u00e4ryydelliset olennot ovat laitenoituuksien ohjailemia, jolloin kaikilla olennoillamme on laitenoituuksien kanssa sopimuksia.<\/p>\n<p>Laitenoituuksien avulla kaikki olentomme toimivat hyvin v\u00e4\u00e4ryydellisesti Luojan n\u00e4k\u00f6kulmasta. Luojan n\u00e4k\u00f6kulmasta kaikkien olentojen toiminnot ovat hyvin v\u00e4\u00e4ryydellisi\u00e4. Kaikkien olentojemme toiminta on hyvin v\u00e4\u00e4ryydellist\u00e4 toimintaa, jolloin Luoja tekee v\u00e4\u00e4ryydellisille ihmisille v\u00e4\u00e4ryydellisi\u00e4 toimenpiteit\u00e4, jotta ihmiset saisivat v\u00e4\u00e4ryytens\u00e4 hallintaan paremmin.<\/p>\n<p>Kaikkien v\u00e4\u00e4ryydelliset toimenpiteet ovat hyvin kiroutuneita toimenpiteit\u00e4, joita neutriinomaailma kontrolloi kuitenkin. Kaikki olentomme toimivat hyvin v\u00e4\u00e4ryydellisesti, mik\u00e4 on Luojan mukaan hyvin haitallista toimintaa. Luojan mukaan v\u00e4\u00e4ryydet pit\u00e4isi saada kontrolliin enemm\u00e4nkin kuin mit\u00e4 muut ihmiset haluaisivat sit\u00e4 kontrolloida. Kaikki olentomme ovat v\u00e4\u00e4ryydellisi\u00e4 osiltaan, jolloin Luojakin huomioi v\u00e4\u00e4ryydentekij\u00f6it\u00e4. V\u00e4\u00e4ryydentekij\u00e4mme toimivat hyvin kieroutuneesti, mik\u00e4 taasen johtuu neutriinomaailman toiminnasta; saada kaikki ihmiset toimimaan sen mukaisemmin.<\/p>\n<p>&nbsp;<\/p>\n<p align=\"center\">7.<\/p>\n<p>Kaikki olentomme toimivat hyvin v\u00e4\u00e4ryydellisesti, mik\u00e4 johtaa hyvin v\u00e4\u00e4ryydelliseen toimintaan. Olentomme eiv\u00e4t osaa tehd\u00e4 mit\u00e4\u00e4n v\u00e4\u00e4ryydellist\u00e4 toimintaa ilman neutriinomaailman ohjausta, mutta neutriinomaailma kykenee teett\u00e4m\u00e4\u00e4n mit\u00e4 kammoksuttavimpia t\u00f6it\u00e4 ihmisill\u00e4mme. Kaikkien kammoksuttavat ty\u00f6t ovat hyvin kieroutuneita ihmisten ajatuksissa.<\/p>\n<p>Kaikki neutriinomaailman olennot toimivat hyvin v\u00e4\u00e4ryydellisesti, koska neutriinomaailmassamme toimitaan hyvin v\u00e4\u00e4ryydellisesti. Neutriinomaailman olennot toimivat siten, ett\u00e4 kaikki olennot huomioivat toisensa. Olennot huomioivat toisensa kun ne toimivat sumpussa. Sumpussa toimivat neutriinomaailman olennot tekev\u00e4t toisilleen paljon palvelusty\u00f6t\u00e4. Kaikki ty\u00f6t ovat v\u00e4\u00e4ryydellisi\u00e4. V\u00e4\u00e4ryydellisten olentojen toiminta vastaa v\u00e4hemm\u00e4ss\u00e4 m\u00e4\u00e4rin neutriinomaailman olentojen toimintaa, sill\u00e4 neutriinomaailma olennot ovat hyvin v\u00e4\u00e4ryydellisi\u00e4 v\u00e4hemm\u00e4ss\u00e4 m\u00e4\u00e4rin, kun taas suuret olennot ovat v\u00e4\u00e4ryydellisempi\u00e4.<\/p>\n<p>V\u00e4\u00e4ryydellisill\u00e4 olennoillamme on kieroutuneita ajatuksia mukanaan, joilla he tekev\u00e4t v\u00e4\u00e4ryytt\u00e4 tuhoamalla Luojankin j\u00e4rjestelmi\u00e4. J\u00e4rjestelm\u00e4t ovat hyvin v\u00e4\u00e4ryydellisi\u00e4, koska kaikki olennot toimivat hyvin v\u00e4\u00e4ryydellisesti. Kaikki olennot toimivat hyvin v\u00e4\u00e4ryydellisesti, jolloin neutriinomaailma rankaisee maailmassakin olentoja, jotka toimivat v\u00e4\u00e4ryytens\u00e4 mukaisesti.<\/p>\n<p>Kaikki olennot toimivat kaikkialla neutriinomaailman vastaisesti, sill\u00e4 suuret olennot eiv\u00e4t tied\u00e4 niin hyvin omasta v\u00e4\u00e4ryydest\u00e4\u00e4n kuin pienemm\u00e4t. Kaikkien olentojen toiminta on hyvin v\u00e4\u00e4ryydellist\u00e4 toimintaa, jolloin Luojan j\u00e4rjestelm\u00e4t rajoittavat v\u00e4\u00e4ryydentekij\u00f6it\u00e4. V\u00e4\u00e4ryydentekij\u00e4mme ovat Luojan j\u00e4rjestelm\u00e4ss\u00e4 kaikkein v\u00e4\u00e4ryydellisimpi\u00e4 olentoja. Heit\u00e4 neutriinomaailma kontrolloi tekem\u00e4\u00e4n haluttuja asioita, joten v\u00e4\u00e4ryydentekij\u00f6ist\u00e4kin saadaan hy\u00f6ty\u00e4.<\/p>\n<p>&nbsp;<\/p>\n<p align=\"center\">8.<\/p>\n<p>V\u00e4\u00e4ryydentekij\u00f6ill\u00e4mme on hyvin v\u00e4\u00e4ryydellisi\u00e4 ajatuksia. Ajatukset toimivat hyvin v\u00e4\u00e4ryydellisesti, sill\u00e4 kaikki on niin kieroutunutta v\u00e4\u00e4ryydentekij\u00f6ill\u00e4mme. V\u00e4\u00e4ryydentekij\u00e4mme toimivat hyvin aukollisesti toimiviin olentoihin n\u00e4hden. V\u00e4\u00e4ryydentekij\u00f6ill\u00e4mme on hyvin kieroutuneet ajatukset neutriinomaailman ansiosta. Neutriinomaailmassamme on siis v\u00e4\u00e4ryydellist\u00e4 toimintaa kontrolloivia olentoja.<\/p>\n<p>Olennot toimivat hyvin v\u00e4\u00e4ryydellisesti ollessaan neutriinomaailman ohjaamia, mutta kuitenkin olennot ovat oikeaoppisesti toimivia v\u00e4\u00e4ryydellisin\u00e4kin, sill\u00e4 t\u00e4llaista toimintaa hallitaan n\u00e4ill\u00e4 pienill\u00e4 olennoilla, joita neutriinomaailmassa on lukemattomasti. Neutriinomaailmassamme on hyvin v\u00e4\u00e4ryydellist\u00e4 toimintaa v\u00e4hemm\u00e4ss\u00e4 m\u00e4\u00e4rin.<\/p>\n<p>Kaikkien v\u00e4\u00e4ryydellisten olentojen v\u00e4\u00e4ryydet toimivat neutriinomaailman ohjeiden mukaan. Kaikki olentomme ovat neutriinomaailman ohjeistuksessa. Kaikki ohjattumme toimivat v\u00e4\u00e4ryydellisesti aiempina aikoina. Aiemmat ajat olivat hyvin kiroutuneita asioita, mutta nykyaikana kaikkeen on saatu j\u00e4rkevyytt\u00e4 tarpeeksi, jotta voidaan tehd\u00e4 maailmasta paremmin toimiva. Kaikki maailman toiminnot ovat hyvin kieroutuneita asioita, jotka kieroutuvat aina toisinaan.<\/p>\n<p>Neutriinomaailmassamme toimittiin hyvin v\u00e4\u00e4ryydellisesti jo aiempina aikoina, koska ihmiset ovat niin paljon rangaistuksen alaisia. Rangaistuksen alaiset ihmiset toimivat hyvin v\u00e4\u00e4ryydellisesti toisten ihmisten suhteen. T\u00e4llainen on hyvin tavallista toimintaa. Kukaan ei ole t\u00e4ydellinen ihminen Luojaa lukuun ottamatta, koska Luoja on niin t\u00e4ysin oppinut el\u00e4m\u00e4n asioista. Kaikkien Luojan noituuksien avulla maailma pystyt\u00e4\u00e4n parantamaan todella pian.<\/p>\n<p>&nbsp;<\/p>\n<p align=\"center\">9.<\/p>\n<p>Neutriinomaailman olennot ovat hyvin t\u00e4ydellisi\u00e4 my\u00f6s, eli ne toimivat Luojan tasoisesti pienempin\u00e4 yksik\u00f6in\u00e4. Luojan tasoisesti toimivat neutriinomaailman olennot ovat hyvin v\u00e4\u00e4ryydellisi\u00e4 oikeudenmukaisesti toimiville, sill\u00e4 Luojan tasoisesti toimivat oikeudenmukaiset olennot tarvitsevat kasvatusta v\u00e4\u00e4ryydenteosta aina toisinaan, jolloin neutriinomaailman olennot ovat hyvin kieroutuneita heid\u00e4n asioidensa suhteen.<\/p>\n<p>Kaikkien v\u00e4\u00e4ryydellisten olentojen v\u00e4\u00e4ryydet ovat hyvin kippuroituneita toimintoja, joilla neutriinomaailma pit\u00e4\u00e4 yll\u00e4 pelkoa v\u00e4\u00e4ryydenteon vaarallisuudesta. V\u00e4\u00e4ryydenteosta pit\u00e4\u00e4 siis pelotella ihmisi\u00e4 neutriinomaailman mukaan, jotta v\u00e4\u00e4ryys ei tulisi toteen liian helpolla tavalla. Kaikki v\u00e4\u00e4ryydelliset olentomme ovat hyvin kieroutuneita kaikkien asioiden suhteen, jolloin neutriinomaailma voi ohjata heit\u00e4 leikiten. Neutriinomaailman olennot toimivat hyvin kieroutuneesti useimmiten. Kaikkien olentojen v\u00e4\u00e4ryydet tulevat kaikkien rangaistukseksi my\u00f6hempin\u00e4 aikoina, vaikka sit\u00e4 ei moni uskokaan.<\/p>\n<p>Kaikkien olentojemme v\u00e4\u00e4ryydet ovat hyvin kieroutuneita neutriinomaailman olentojen mukaan, my\u00f6s n\u00e4m\u00e4 kirjoitelmat ovat v\u00e4\u00e4ryydellist\u00e4 toimintaa, sill\u00e4 v\u00e4\u00e4ryytt\u00e4 on mahdotonta sulkea pois mist\u00e4\u00e4n toiminnasta; my\u00f6s toimettomuus on v\u00e4\u00e4ryytt\u00e4. Kaikkien v\u00e4\u00e4ryydet ovat neutriinomaailman mukaan suljettava pois mahdollisimman hyvin. Kaikki mahdollisimman hyv\u00e4t v\u00e4\u00e4ryydet ovat hyvin v\u00e4\u00e4ryydellist\u00e4 toimintaa.<\/p>\n<p><span style=\"color: #ff0000;\">[adsenseyu1]<\/span><\/p>\n","protected":false},"excerpt":{"rendered":"<p>[adsense_inserter id=&#8221;750&#8243;] Julkaistu 13.11.2012 1. Neutriinomaailmassa on hyvin v\u00e4h\u00e4n v\u00e4\u00e4ryydellisi\u00e4 olentoja. Neutriinomaailmassa on olentoja, jotka ovat hyvin kauaskantoisesti ajattelevia. Kaikki olentomme toimivat hyvin v\u00e4\u00e4ryydellisesti neutriinomaailmassamme. Kaikkien v\u00e4\u00e4ryydellisten olentojen v\u00e4\u00e4ryydet toimivat neutriinomaailmassa hyvin huonosti. Kaikki neutriinomaailman olennot ovat hyvin kiroutuneita ihmisten v\u00e4\u00e4ryydest\u00e4. Kaikilla olennoillamme on hyv\u00e4 okkulttinen merkitys neutriinomaailmassamme. Kaikilla olennoillamme neutriinomaailmassa on okkulttinen ajattelutoiminto, jonka [&hellip;]<\/p>\n","protected":false},"author":1,"featured_media":0,"parent":7,"menu_order":0,"comment_status":"closed","ping_status":"closed","template":"","meta":{"footnotes":""},"class_list":["post-41","page","type-page","status-publish","hentry"],"_links":{"self":[{"href":"https:\/\/www.esoteria.fi\/newmain\/wp-json\/wp\/v2\/pages\/41","targetHints":{"allow":["GET"]}}],"collection":[{"href":"https:\/\/www.esoteria.fi\/newmain\/wp-json\/wp\/v2\/pages"}],"about":[{"href":"https:\/\/www.esoteria.fi\/newmain\/wp-json\/wp\/v2\/types\/page"}],"author":[{"embeddable":true,"href":"https:\/\/www.esoteria.fi\/newmain\/wp-json\/wp\/v2\/users\/1"}],"replies":[{"embeddable":true,"href":"https:\/\/www.esoteria.fi\/newmain\/wp-json\/wp\/v2\/comments?post=41"}],"version-history":[{"count":8,"href":"https:\/\/www.esoteria.fi\/newmain\/wp-json\/wp\/v2\/pages\/41\/revisions"}],"predecessor-version":[{"id":762,"href":"https:\/\/www.esoteria.fi\/newmain\/wp-json\/wp\/v2\/pages\/41\/revisions\/762"}],"up":[{"embeddable":true,"href":"https:\/\/www.esoteria.fi\/newmain\/wp-json\/wp\/v2\/pages\/7"}],"wp:attachment":[{"href":"https:\/\/www.esoteria.fi\/newmain\/wp-json\/wp\/v2\/media?parent=41"}],"curies":[{"name":"wp","href":"https:\/\/api.w.org\/{rel}","templated":true}]}}