{"id":499,"date":"2013-12-21T10:10:03","date_gmt":"2013-12-21T10:10:03","guid":{"rendered":"http:\/\/esoteria.fi\/?page_id=499"},"modified":"2013-12-21T10:43:54","modified_gmt":"2013-12-21T10:43:54","slug":"mainostaminen-sivustolla","status":"publish","type":"page","link":"https:\/\/www.esoteria.fi\/newmain\/sivustosta\/mainostaminen-sivustolla\/","title":{"rendered":"Mainostaminen sivustolla"},"content":{"rendered":"<p>Sivusto on avoinna mainostajille, jotka haluavat mainostaa sivustolla. Ota yhteytt\u00e4, niin voimme keskustella asiasta.<\/p>\n<p><strong>S\u00e4hk\u00f6posti:<\/strong><\/p>\n<p>saesoteria@live.fi<\/p>\n<p><strong>Skype:<\/strong><\/p>\n<p>saesoteria@live.fi<\/p>\n<p>Huom! Toisinaan s\u00e4hk\u00f6posti ei toimi, joten viestin l\u00e4hett\u00e4minen Skypen kautta on toinen tapa olla yhteydess\u00e4. Viestin l\u00e4hett\u00e4minen onnistuu my\u00f6s toisen ollessa offline tilassa.<\/p>\n","protected":false},"excerpt":{"rendered":"<p>Sivusto on avoinna mainostajille, jotka haluavat mainostaa sivustolla. Ota yhteytt\u00e4, niin voimme keskustella asiasta. S\u00e4hk\u00f6posti: saesoteria@live.fi Skype: saesoteria@live.fi Huom! Toisinaan s\u00e4hk\u00f6posti ei toimi, joten viestin l\u00e4hett\u00e4minen Skypen kautta on toinen tapa olla yhteydess\u00e4. Viestin l\u00e4hett\u00e4minen onnistuu my\u00f6s toisen ollessa offline tilassa.<\/p>\n","protected":false},"author":1,"featured_media":0,"parent":32,"menu_order":0,"comment_status":"closed","ping_status":"closed","template":"","meta":{"footnotes":""},"class_list":["post-499","page","type-page","status-publish","hentry"],"_links":{"self":[{"href":"https:\/\/www.esoteria.fi\/newmain\/wp-json\/wp\/v2\/pages\/499","targetHints":{"allow":["GET"]}}],"collection":[{"href":"https:\/\/www.esoteria.fi\/newmain\/wp-json\/wp\/v2\/pages"}],"about":[{"href":"https:\/\/www.esoteria.fi\/newmain\/wp-json\/wp\/v2\/types\/page"}],"author":[{"embeddable":true,"href":"https:\/\/www.esoteria.fi\/newmain\/wp-json\/wp\/v2\/users\/1"}],"replies":[{"embeddable":true,"href":"https:\/\/www.esoteria.fi\/newmain\/wp-json\/wp\/v2\/comments?post=499"}],"version-history":[{"count":4,"href":"https:\/\/www.esoteria.fi\/newmain\/wp-json\/wp\/v2\/pages\/499\/revisions"}],"predecessor-version":[{"id":507,"href":"https:\/\/www.esoteria.fi\/newmain\/wp-json\/wp\/v2\/pages\/499\/revisions\/507"}],"up":[{"embeddable":true,"href":"https:\/\/www.esoteria.fi\/newmain\/wp-json\/wp\/v2\/pages\/32"}],"wp:attachment":[{"href":"https:\/\/www.esoteria.fi\/newmain\/wp-json\/wp\/v2\/media?parent=499"}],"curies":[{"name":"wp","href":"https:\/\/api.w.org\/{rel}","templated":true}]}}