{"id":55,"date":"2012-11-14T11:52:12","date_gmt":"2012-11-14T11:52:12","guid":{"rendered":"http:\/\/esoteria.fi\/?page_id=55"},"modified":"2015-06-21T14:09:12","modified_gmt":"2015-06-21T14:09:12","slug":"ihmiskunnan-historia","status":"publish","type":"page","link":"https:\/\/www.esoteria.fi\/newmain\/historia\/ihmiskunnan-historia\/","title":{"rendered":"Ihmiskunnan historia"},"content":{"rendered":"<p>[adsense_inserter id=&#8221;750&#8243;]<\/p>\n<p align=\"center\"><em>Julkaistu 14.11.2012<\/em><\/p>\n<p align=\"center\">1.<\/p>\n<p>Ihmiskunnan historia on kummallinen, sill\u00e4 ihmisi\u00e4 on ollut aiemmista ajoista asti. Ihmiset ovat aina olleet samann\u00e4k\u00f6isi\u00e4, sill\u00e4 kaikki perustuu luomiseen. Luominen aiheena on hyvin v\u00e4\u00e4ryydellist\u00e4 tietoa kirjoitella, sill\u00e4 ihmiset ovat liian v\u00e4\u00e4ryydellisi\u00e4 toisilleen n\u00e4ill\u00e4 tiedoilla. Ihmiset ovat tappaneet toisiaan jo aiempina aikoina, yht\u00e4 suuressa mittasuhteessa kuin mit\u00e4 t\u00e4n\u00e4 p\u00e4iv\u00e4n\u00e4 harjoitetaan. Ihmiskunta on ollut hyvin v\u00e4\u00e4ryydellinen toisia ihmisi\u00e4 kohtaan. Kaikki ihmiset ovat v\u00e4\u00e4ryydellisempi\u00e4 kuin kuvitellaankaan henkimaailmassa. Silti ihmisill\u00e4 on hyv\u00e4 olla Maa planeetan j\u00e4rjestelmiss\u00e4, sill\u00e4 Luoja on hyvin luova olento, joka tekee j\u00e4rjestelmi\u00e4 ihmisille, joilla he voivat olla v\u00e4hemm\u00e4n vahingollisia toisilleen.<\/p>\n<p>Kaikkien Luojan olentojen edist\u00e4vyys on hyvin v\u00e4\u00e4ryydellist\u00e4 toimintaa, koska kaikki on v\u00e4\u00e4ryydellist\u00e4 henkimaailmassa. Kaikille olennoillemme tulee aikanaan v\u00e4\u00e4ryyden lopetus lopputuomiolla, mik\u00e4li he eiv\u00e4t harrasta Luojan tasoista toimintaa. Kaikki voivat siis ryhty\u00e4 luojiksi, mik\u00e4li he haluavat Luojan sopimuksella tulla Luojan kaltaiseksi olennoksi. Luoja ei ole hyvin v\u00e4\u00e4ryydellinen olento, vaikka se silt\u00e4 n\u00e4ytt\u00e4\u00e4kin, mutta v\u00e4\u00e4ryydellisyys on h\u00e4nelle tuttuakin tutumpaa. Kaikkien v\u00e4\u00e4ryydellisten olentojen v\u00e4\u00e4ryys on hyvin kiroutunutta toimintaa, jota Luoja haluaa v\u00e4hent\u00e4\u00e4 jatkuvasti. Kaikki v\u00e4\u00e4ryydet ovat hyvin kiroavia, jolloin kukaan ei saa Luojan ymm\u00e4rryst\u00e4, mik\u00e4li he tahtovat kirouttaa mielt\u00e4\u00e4n v\u00e4\u00e4ryytt\u00e4 tehd\u00e4kseen. Kaikki Luojan sopimukset ovat v\u00e4\u00e4ryydellisempi\u00e4 kuin aiempina aikoinamme, jolloin Luoja rupesi tekem\u00e4\u00e4n v\u00e4\u00e4ryytt\u00e4 muille olennoille saadakseen j\u00e4rjestelm\u00e4n toimimaan viel\u00e4 v\u00e4\u00e4ryydellisemmin kuin miten ihmiset toimivat. N\u00e4in luotiin edistyst\u00e4, sill\u00e4 silloin v\u00e4\u00e4ryydelliset olennot eiv\u00e4t kyenneet k\u00e4\u00e4nt\u00e4m\u00e4\u00e4n j\u00e4rjestelm\u00e4\u00e4 ymp\u00e4ri omalla v\u00e4\u00e4ryydellisyydell\u00e4\u00e4n.<\/p>\n<p>V\u00e4\u00e4ryydelliset olennot olivat hyvin kiroutuneita aiempina aikoina, koska silloin kaikilla oli v\u00e4hemm\u00e4ss\u00e4 m\u00e4\u00e4rin hyvi\u00e4 j\u00e4rjestelmi\u00e4 ohjaamaan toimintaa parempaan. T\u00e4m\u00e4 ei kuitenkaan pid\u00e4 paikkaansa t\u00e4ysin, sill\u00e4 nykyaikanakin on hyvin paljon v\u00e4\u00e4ryytt\u00e4 mukana toiminnassa, eiv\u00e4tk\u00e4 nykyajan j\u00e4rjestelm\u00e4t ole sen mukavampia ihmisille kuin mit\u00e4 aiempina aikoina on ollut. Kaikkien v\u00e4\u00e4ryydellisten olentojen v\u00e4\u00e4ryydet ovat hyvin kieroutuneita v\u00e4\u00e4ryydellisyydeksi, jolloin kaikilla olennoilla on hyvin paljon kiroutuneita ajatuksia, mitk\u00e4 aiheuttavat v\u00e4\u00e4ryydellist\u00e4 toimintaa. Kaikilla olennoillamme on hyvin paljon v\u00e4\u00e4ryytt\u00e4 mukanaan, joten kaikilla olennoillamme ei ole ollut koskaan t\u00e4ysin hyvin asiat.<\/p>\n<p>V\u00e4\u00e4ryydellisyytemme on hyvin v\u00e4\u00e4ryydellist\u00e4 toimintaa, koska kaikilla olennoillamme on v\u00e4\u00e4ryydellisyytt\u00e4 mukanaan eritt\u00e4in suurissa mittasuhteissa. Kaikilla olennoillamme on hyvin paljon v\u00e4\u00e4ryytt\u00e4 mukanaan aiemmista ajoista johtuen. Jokainen ihminen on joskus ollut valtion johdossa, jolloin kaikilla on ollut hyvin paljon v\u00e4\u00e4ryydellisi\u00e4 toimenpiteit\u00e4. Kaikilla olennoillamme on siis kokemusta kaikista asioista, mik\u00e4li he ovat olleet olemassa jo 2000 vuotta sitten. Kaikilla olennoillamme on siis hyvin v\u00e4\u00e4ryydelliset toiminnot. 2000 vuotta sitten kykeniv\u00e4t kaikki el\u00e4m\u00e4\u00e4n Luojan j\u00e4rjestelmiss\u00e4 hyvin v\u00e4\u00e4ryydellisi\u00e4 el\u00e4mi\u00e4, joissa kaikilla oli mahdollisuus el\u00e4\u00e4 ylt\u00e4kyll\u00e4isyydess\u00e4. T\u00e4m\u00e4 johtuu siit\u00e4, ett\u00e4 kaikki olentomme ovat hyvin v\u00e4\u00e4ryydellisi\u00e4.<\/p>\n<p>&nbsp;<\/p>\n<p align=\"center\">2.<\/p>\n<p>Kaikkien olentojen v\u00e4\u00e4ryytt\u00e4 emme voi mitata, mutta kaikilla on silti mahdollisuuksia olla syd\u00e4mellisi\u00e4 toisille olennoille. V\u00e4\u00e4ryydelliset olennot ovat hyvin kieroutuneita toisille olennoille, sill\u00e4 he ovat kieroutuneet toisista olennoista aiempien aikojen vuoksi. Kaikki olennot ovat siis joskus tunteneet toisensa jollain tavoin, mik\u00e4li he ovat olleet olemassa 2000 vuotta sitten. Kaikilla olennoillamme on hyvin v\u00e4\u00e4ryydelliset toiminnot, koska kaikki olennot toimivat henkimaailman tasolla hyvin paljon toistensa kesken, jolloin kaikilla olennoillamme Maa planeetalla on kyky tutustua toisiin olentoihin henkimaailman avulla hyvin suurissa mittasuhteissa.<\/p>\n<p>Kaikki olentomme ovat hyvin v\u00e4\u00e4ryydellisi\u00e4, mik\u00e4 tekee olennoista heikompia kuin mit\u00e4 kaikkialla muualla on. Muualla on materiaaleja, jotka ovat vahvoja henkiolentoja, mutta eiv\u00e4t niin kykenev\u00e4isi\u00e4 tekem\u00e4\u00e4n mit\u00e4\u00e4n erityisasioita. Kaikilla olennoillamme on v\u00e4\u00e4ryytt\u00e4 mukanaan hyvin paljon, koska kaikki ovat v\u00e4\u00e4ryydellisempi\u00e4 kuin kuviteltiinkaan. Asioiden korjaaminen on hyvin v\u00e4\u00e4ryydellist\u00e4 toimintaa, jolloin kaikki v\u00e4\u00e4ryydet ovat hyvin kiroutuneita toimenpiteit\u00e4. Kaikkialla on hyvin paljon ongelmia, mik\u00e4 tekee olennoista paljon muita olentoja kykenev\u00e4mpi\u00e4, mik\u00e4li he osaavat ratkoa ongelmia.<\/p>\n<p>Ihmisten historia on hyvin pitk\u00e4, sill\u00e4 Luoja on ihminen, joka on aiheuttanut kaiken muun. Kaikilla olennoillamme on hyvin paljon kiroutuneita osia, jotka ovat syntyneet v\u00e4\u00e4ryydenteon takia. Kaikki on alkanut hyvin kauan sitten, joten ihmisen historia on ikuisen pitk\u00e4. Aiempien aikojen olennotkin n\u00e4yttiv\u00e4t samanlaisilta kuin milt\u00e4 nykyajan ihmiset ovat n\u00e4ytt\u00e4neet. Nykyajan ihmisill\u00e4 ei siis ole juuri mit\u00e4\u00e4n uutta tuotuna universumeihimme, koska kaikkea on ollut jo aiemmin hyvin samankaltaisena. Kaikkien olentojen geeniperim\u00e4ss\u00e4 on hyvin v\u00e4\u00e4ryydellisi\u00e4 osia, jotka ovat olleet tietokonemaisesti toimivia osia, sill\u00e4 kaikki v\u00e4\u00e4ryydelliset osat toimivat hyvin laskelmoivasti.<\/p>\n<p>Kaikkien osien toiminta perustuu geeniperim\u00e4\u00e4n, siksi geenit ovat solujen t\u00e4ytteess\u00e4. Geeniperim\u00e4mme on Luojan luoma, joten se ei muutu juurikaan my\u00f6hempin\u00e4 aikoinakaan. Kaikki geeniperim\u00e4n toiminnot ovat muokattavissa lyhytaikaisemmin kuin kuviteltiinkaan nykyaikana. Geeniperim\u00e4mme toimii samoin kuin muutkin geeniperim\u00e4t, sill\u00e4 se on Luojan luoma laitteisto el\u00e4m\u00e4\u00e4 yll\u00e4pit\u00e4\u00e4ksemme. Geeniperim\u00e4ss\u00e4mme on hyvin v\u00e4h\u00e4n muutoksia aiemmilta ajoilta, joten kaikki muutokset ovat t\u00e4ydellisyytt\u00e4 lis\u00e4\u00e4vi\u00e4 my\u00f6hempin\u00e4 aikoina. Kaikki ihmislajit ovat olleet jo aiempina aikoina, eik\u00e4 muinaishistorian ihmislajeja ole vain nykytietona olleina aikoina.<\/p>\n<p>&nbsp;<\/p>\n<p align=\"center\">3.<\/p>\n<p>Nykyhistoriassamme on hyvin paljon erilaisia ihmislajeja, jotka ovat kuolleet sukupuuttoon, kuitenkin ne tulevat my\u00f6hemmin uudelleenluomisen avulla joskus kaukana tulevaisuudessa, jolloin henkimaailma on uudistanut Maa planeetan j\u00e4rjestelm\u00e4t l\u00e4pikotaisin. Henkimaailma voi siis tehd\u00e4 kaiken uudelleen aina toisinaan, jolloin j\u00e4ljelle ei j\u00e4\u00e4 muita kuin haluttuja j\u00e4\u00e4nteit\u00e4 aiemmilta ajoilta ja uutta luodaan henkimaailman materialisoimana. Henkimaailmassamme toimittiin v\u00e4\u00e4ryydellisesti nykyaikana niin kuin toimittiin aiemminkin Maa planeetan historiassa. Kaikki Maa planeetan olennot toimivat siis my\u00f6hempin\u00e4 aikoina samalla porukalla kuin nykyaikana, jolloin on t\u00e4rke\u00e4\u00e4, ettei ryhdyt\u00e4 hankaliksi toisille olennoille, sill\u00e4 kaikkien tulisi olla kuin toistensa tuttavuuksia, joilla ei ole keskin\u00e4isi\u00e4 ristiriitoja. N\u00e4in kaikki edistyiv\u00e4t aiempina aikoinakin, mutta aina on olemassa mahdollisuus v\u00e4\u00e4ryydentekoon, mik\u00e4 on tuhoisaa sek\u00e4 henkisesti ett\u00e4 fyysisesti.<\/p>\n<p>Kaikki olentomme ovat hyvin v\u00e4\u00e4ryydellisi\u00e4 olennoille, koska kaikkien el\u00e4m\u00e4 ei ole hyvin menestyksek\u00e4st\u00e4, vaan kiroukset toimivat hyvin heikent\u00e4v\u00e4sti. Kaikki heikent\u00e4v\u00e4t olennot ovat Luojan j\u00e4rjestelmiss\u00e4 hyvin v\u00e4\u00e4ryydellisi\u00e4, sill\u00e4 heikent\u00e4minen on v\u00e4\u00e4ryydellist\u00e4, jollei siihen ole oikeaa syyt\u00e4. Kaikille olennoillemme heikent\u00e4mistarkoitus Luojan j\u00e4rjestelmiss\u00e4mme on v\u00e4hent\u00e4\u00e4 vihollisien taistelukyky\u00e4, eik\u00e4 heikent\u00e4mist\u00e4 tarvitse muuta kuin vihollisia varten. Kaikki olentomme toimivat hyvin rasittavasti heikent\u00e4m\u00e4ll\u00e4 olentojamme. Suurin osa olennoistamme ei ole heikent\u00e4vi\u00e4, mutta heikennys on toisille t\u00e4rke\u00e4mp\u00e4\u00e4 kuin kuviteltiinkaan. T\u00e4m\u00e4 johtuu hyvin v\u00e4\u00e4ryydellisist\u00e4 noituuksista, jotka heikent\u00e4v\u00e4t olennot pit\u00e4v\u00e4t itsell\u00e4\u00e4n, jotta he s\u00e4ilytt\u00e4isiv\u00e4t kyvyn heikent\u00e4\u00e4 muita olentoja.<\/p>\n<p>Ihmiskunta on hyvin v\u00e4\u00e4ryydellinen Luojan luomus, joka toimii t\u00e4ydellisesti nykyaikanakin, sill\u00e4 v\u00e4\u00e4ryydellisyydet ovat hyvin kontrolloituina jo aiemmista ajoista l\u00e4htien. Kaikkien v\u00e4\u00e4ryydellisten olentojen kanssa Luojakaan ei voi tehd\u00e4 mit\u00e4\u00e4n, sill\u00e4 h\u00e4n on hyvin v\u00e4\u00e4ryydellinen olento v\u00e4\u00e4ryydellisille. Luojan tekem\u00e4t sopimukset ihmiskunnan avulla, ovat hyvin toimivia kaikenkaikkisesti. Luojan toiminta on ihmiskunnan toimintaa kaikilla tavoilla.<\/p>\n<p>Ihmiskunta on historiassaan niin pitk\u00e4 kuin aikakin on. Ulkoavaruuden olennotkin kuuluvat ihmiskuntaan ja heid\u00e4nkin historiansa on pidempi kuin kuviteltiinkaan. Ulkoavaruuden olennot toimivat kuin ihmiset muutenkin, sill\u00e4 he ovat hyvin paljon samankaltaisia Maa planeetan ihmisten kanssa. Kaikkien olentojen v\u00e4\u00e4ryydellisyys ei ole mitattavissa, mutta ihmiskunnan v\u00e4\u00e4ryys on mitattavissa tehtyjen v\u00e4\u00e4ryydentekojen m\u00e4\u00e4r\u00e4st\u00e4. Kaikkien ihmiskunnan olentojen v\u00e4\u00e4ryydet eiv\u00e4t kerro koko ihmiskunnan toiminnasta, koska kaikki v\u00e4\u00e4ryydelliset olennot tekev\u00e4t pahaa j\u00e4lke\u00e4\u00e4n ihmiskunnan yhteisen v\u00e4\u00e4ryydenteon m\u00e4\u00e4r\u00e4\u00e4n.<\/p>\n<p>&nbsp;<\/p>\n<p align=\"center\">4.<\/p>\n<p>Kaikkien ihmiskunnan olentojen v\u00e4\u00e4ryydenteot toimivat hyvin v\u00e4\u00e4ryydellisesti, koska kaikilla on niin paljon v\u00e4\u00e4ryytt\u00e4 mukanaan. Ihmiskunnan historia on siis niin pitk\u00e4 kuin aikakin on, jolloin universumeita on ollut ennen nykyist\u00e4kin, ja siell\u00e4 aiemmissa universumeissa on ollut my\u00f6s ihmisi\u00e4. Aiemmat universumit olivat hyvin v\u00e4\u00e4ryydellisi\u00e4 ihmiskunnalle. Kaikki ihmiskunnan olennot toimivat siten hyvin v\u00e4\u00e4ryydellisesti, mutta my\u00f6s hyv\u00e4ntahtoisesti, aiempien universumeiden aikoina.<\/p>\n<p>Kaikki universumimme ihmiset ovat siten hyvin samankaltaisia aiempien aikojen ihmisten kanssa, mutta erojakin toki on, mutta kuitenkin ihmiset ovat erilaisinakin hyvin toistensa kaltaisia. Kaikki aiemmat ajat olivat hyvin v\u00e4\u00e4ryydellisi\u00e4 Luojallekin, joten Luoja sai hyvin paljon vihollisia aiempien aikojen meiningeiss\u00e4. Kaikki meiningit olivat hyvin v\u00e4\u00e4ryydellisi\u00e4, koska el\u00e4m\u00e4ss\u00e4 olivat mukana kaikki henkiolennoiltaan kuolleet. My\u00f6s nykyaikana heit\u00e4 on toisinaan, muttei siin\u00e4 suhteessa kuin miss\u00e4 heit\u00e4 oli aiempina aikoina.<\/p>\n<p>Kaikki v\u00e4\u00e4ryydelliset olennot ovat hyvin kiroutuneita, koska v\u00e4\u00e4ryydelliset olennot tekiv\u00e4t ihmiskunnalle huonoa ty\u00f6t\u00e4\u00e4n. Kaikki v\u00e4\u00e4ryydet tulivat toteen nykyaikana, kun kaikki henkiolennoiltaan kuolleet rikkoutuivat lopullisesti henkimaailman tuhotuomiolla. Kaikki v\u00e4\u00e4ryydelliset olennot tekiv\u00e4t niin v\u00e4h\u00e4n hyv\u00e4\u00e4 ty\u00f6t\u00e4, ett\u00e4 heid\u00e4n korkeatasoinen toiminnan taso oli kokonaan poistettuna. T\u00e4llaisten olentojen toiminta vastaa hyvin huonosti toimivaa ihmist\u00e4, sill\u00e4 v\u00e4\u00e4ryydellisten olentojen toiminnan taso on alkukantaisempaa kuin v\u00e4hemm\u00e4n v\u00e4\u00e4ryydellisill\u00e4 olennoilla.<\/p>\n<p>Kaikki v\u00e4\u00e4ryydelliset olennot ovat hyvin kiroutuneita aiemmista ajoista johtuen, sill\u00e4 heill\u00e4 oli hyvin v\u00e4\u00e4ryydelliset sopimukset henkimaailmalta v\u00e4\u00e4ryytt\u00e4 tehd\u00e4kseen. T\u00e4llaista oli hirvi\u00f6ilev\u00e4 sotatoiminta, jota on harjoitettu pitk\u00e4 sivu historiassa. Kaikilla olennoillamme on hyvin paljon hirvi\u00f6ilev\u00e4\u00e4 sotatoimintaa alitajunnassaan aiemmista ajoista johtuen. Aiemmat ajat ovat siis hyvin kiroutuneita toimenpiteit\u00e4. Kaikkien olentojen v\u00e4\u00e4ryys ei ole mitattavissa, mutta silti v\u00e4\u00e4ryyksi\u00e4 on hyvin paljon hyvin korkeatasoisesta toiminnasta johtuen. Koska v\u00e4\u00e4ryydet ovat mitattavissa vasta korkeatasoisessa toiminnassa, ei v\u00e4\u00e4ryyksi\u00e4 n\u00e4e aina matalammalla toiminnan tasolla.<\/p>\n<p>&nbsp;<\/p>\n<p align=\"center\">5.<\/p>\n<p>Matalammat toiminnan tasot ovat hyvin kieroutuneita, koska matalammalla toiminnan tasolla kukaan ei toimi henkiolennon tasoisesti, sill\u00e4 matalammalla toiminnan tasolla toimitaan fysikaalisen maailman tasolla, joka ei vaadi niin paljon oman henkiolennon toimintaa. Tullakseen toimeen fyysisess\u00e4 maailmassa, eiv\u00e4t olennot tarvitse korkeatasoisempaa toimintaa ajatuksiinsa, vaan ihmiset tulevat toimeen my\u00f6s ilman henkiolentonsa toimintaa. Kuitenkin henkimaailman toiminta vaatii henkiolennolta hyvinkin korkeatasoista toimintaa, jolloin olennot ovat vaativammassa toiminnassa mukana ollessaan henkimaailmassa.<\/p>\n<p>Kaikilla olennoillamme on hyvin kieroutuneet ajatukset Luojan j\u00e4rjestelmi\u00e4 kohtaan, joten v\u00e4\u00e4ryydet eiv\u00e4t toimi niin hyvin vastustaessa Luojan j\u00e4rjestelm\u00e4\u00e4 kuin jos olennot toimisivat Luojan j\u00e4rjestelm\u00e4n mukaisesti. V\u00e4\u00e4ryydet toimivat paremmin, kun Luojan j\u00e4rjestelm\u00e4t ovat mukana toiminnassa, sill\u00e4 t\u00e4ll\u00f6in ei tarvita rangaistuksia olennoille l\u00e4hesk\u00e4\u00e4n niin paljon, kun olennot toimivat j\u00e4rjestelm\u00e4n mukaisemmin. Ihmiskunnassamme on ollut hyvin v\u00e4\u00e4ryydellist\u00e4 toimintaa, sill\u00e4 silloin ei ollut rangaistuksia toisin kuin nykyaikana. Nykyaikana v\u00e4\u00e4ryydest\u00e4 rangaistaan hyvin tarkkaan, mutta aiemmin rangaistukset olivat ep\u00e4m\u00e4\u00e4r\u00e4isempi\u00e4, eik\u00e4 niit\u00e4 aina harjoitettu juurikaan oikeaoppisesti.<\/p>\n<p>Kaikkien v\u00e4\u00e4ryydellisten olentojen v\u00e4\u00e4ryydet toimivat ihmiskuntaa edist\u00e4v\u00e4sti, jolloin kaikki olennot toimivat hyvin kieroutuneesti, sill\u00e4 edist\u00e4vyys tulee hyvin v\u00e4\u00e4ryydellisen toiminnan ansiosta. Ansiostamme kaikki v\u00e4\u00e4ryydelliset olennot toimivat edist\u00e4v\u00e4sti, sill\u00e4 heit\u00e4 ohjaillaan henkimaailman laitenoituuksien avulla. Kaikki v\u00e4\u00e4ryydentekij\u00e4mme ovat tehneet paljon v\u00e4\u00e4ryytt\u00e4 aiempina aikoina, jolloin ihmiskunta toimi hyvin v\u00e4\u00e4ryydellisesti. Kaikkien v\u00e4\u00e4ryydellisten sotureiden v\u00e4\u00e4ryydet ovat kaikkien tiedoissa historian kirjoituksistakin. T\u00e4llaista historiassa ja viel\u00e4 nykyp\u00e4iv\u00e4n\u00e4kin tapahtuvaa toimintaa on siis ollut aina ja ikuisesti, koska v\u00e4\u00e4ryydest\u00e4mme emme p\u00e4\u00e4se eroon kuin hyvin harvoin.<\/p>\n<p>V\u00e4\u00e4ryydelliset olennot toimivat kaikkialla ihmiskunnassamme, joten v\u00e4\u00e4ryytt\u00e4 on tullut tehty\u00e4 ulkoavaruudessakin sek\u00e4 muualla kuin maailmassa. Kaikkien v\u00e4\u00e4ryydellisten olentojen v\u00e4\u00e4ryydellisyytt\u00e4 me voimme mitata vasta my\u00f6hempin\u00e4 aikoina, sill\u00e4 teon seuraukset tulevat esille usein vasta paljon teon tekemisen j\u00e4lkeen. Kaikkien olentojen toiminta on hyvin v\u00e4\u00e4ryydellist\u00e4, koska kaikilla on niin paljon v\u00e4\u00e4ryydellisyytt\u00e4 mukanaan, t\u00e4m\u00e4 koskee orjakaupank\u00e4ynti\u00e4, sotia ja ruuan ep\u00e4tasaista jakoa. Kaikkien v\u00e4\u00e4ryyksien on mahdotonta korjaantua milloinkaan, joten pysyvi\u00e4 vahinkoja tulee tehdyksi aina v\u00e4lill\u00e4.<\/p>\n<p>&nbsp;<\/p>\n<p align=\"center\">6.<\/p>\n<p>Kaikki alkaa n\u00e4ytt\u00e4\u00e4 paremmalta vasta my\u00f6hempin\u00e4 aikoina, kun Luojan j\u00e4rjestelm\u00e4t ovat tuhoutuneet nykyajan tasoltaan viel\u00e4 paremmin toimiviksi. Kuitenkin ihmisten v\u00e4\u00e4ryys est\u00e4\u00e4 Luojan j\u00e4rjestelmien paremman toiminnan tason toisinaan, jolloin kaikki kauheudet tulevat ihmisten osaksi, koska he olivat toimineet hyvin v\u00e4\u00e4ryydellisesti aiemmin el\u00e4miss\u00e4\u00e4n. El\u00e4m\u00e4t ovat siis hyvin paljon toisensa kaltaisia, sill\u00e4 ihminen toimii yleens\u00e4 samalla tavoin, mutta ulkonaisesti toiminta voi vaikuttaa hyvinkin erilaiselta ja toisinaan se on erilaista muutenkin. Kuitenkin jokaisen ihmisen profiili kertoo t\u00e4m\u00e4n oikeat tarkoitusper\u00e4t, joita ihminen noudattaa l\u00e4pi l\u00e4hes koko el\u00e4m\u00e4ns\u00e4, toisinaan jopa ikuisesti.<\/p>\n<p>Kaikkien olentojen v\u00e4\u00e4ryydellisyys toimii hyvin vastahakoisesti Luojan toiminnan tason suhteen, sill\u00e4 v\u00e4\u00e4ryydell\u00e4 ei voi hallita oikeata toiminnan tasoa. Oikea toiminnan taso taas tulee siit\u00e4 ett\u00e4 kaikki asiat ovat hallinnassa eik\u00e4 asioita ole ep\u00e4tietoisina. Asioiden ep\u00e4tietoisuus on hyvin v\u00e4\u00e4ryydellist\u00e4 toimintaa mahdollistava, koska silloin ei ajatella asioista mit\u00e4\u00e4n oikeudenmukaisuudella, sill\u00e4 oikeudenmukaisuutta ei voida ottaa huomioon asioista ep\u00e4tietoisina. V\u00e4\u00e4ryydelliset toimenpiteet olivat aiemmin hyvin ep\u00e4tietoisina tehdyt, jolloin kaikki asiat olivat v\u00e4\u00e4ryydellisi\u00e4 ep\u00e4tietoisuuden vuoksi.<\/p>\n<p>Hyvin v\u00e4\u00e4ryydelliset olennot ovat kaikkein tuhoisimpia kun taas Luojan sopimukset tekev\u00e4t hyv\u00e4\u00e4 kaikelle. Kaikille Luojan sopimuksille on hyvin v\u00e4\u00e4ryydellist\u00e4 sanoa mit\u00e4\u00e4n vastakkaista, sill\u00e4 Luojan sopimukset toimivat hyvin v\u00e4\u00e4ryydellisesti niit\u00e4 kohtaan, jotka vahingoittavat Luojan sopimuksia.\u00a0 Kaikille v\u00e4\u00e4ryydentekij\u00f6ille on hyvin v\u00e4\u00e4ryydellist\u00e4 sanoa mit\u00e4\u00e4n Luojan sopimuksista, jolloin kaikki on v\u00e4\u00e4ryydellist\u00e4, mit\u00e4 v\u00e4\u00e4ryydentekij\u00e4t tahtovatkaan ajatella.<\/p>\n<p>Uudet v\u00e4\u00e4ryydentekij\u00e4mme ovat ihmiskunnalle my\u00f6hempien aikojen rasitteena. Ihmiskunta n\u00e4kee paljon vahingoittamisia, kuten my\u00f6s on ollut ihmiskunnan historiassa. Kaikille v\u00e4\u00e4ryydentekij\u00f6ille ihmiskunnan historia on v\u00e4\u00e4ryydellisempi kuin kuviteltiinkaan henkimaailmassa. Ihmiskunnan historian aikana on ollut kaikkea mahdollista, kuten tarinael\u00e4mi\u00e4, ulottuvuuksia, erikoisia rakennettuja teknologioita, Luojan avustamaa toimintaa sek\u00e4 hengellist\u00e4 toimintaa kaikilla tavoin. Aiemmista ajoista voidaan saada tietoa kanavoiden, jolloin tieto aiemmilta ajoilta on tallennettuna olentojen tietoisuuteen.<\/p>\n<p>&nbsp;<\/p>\n<p align=\"center\">7.<\/p>\n<p>Olennot saavat tietoa alitajunnastaan aiemmilta ajoilta, sill\u00e4 kaikilla on yhteys tietoihin aiemmilta ajoilta heid\u00e4n tietoisuudessaan. Kaikilla olennoillamme on hyvin paljon kokemuksia erilaisilta el\u00e4milt\u00e4 aiempina aikoina. Olentojen aiemmat ajat aiheuttivat hyvin paljon v\u00e4\u00e4ryytt\u00e4 olennoille nykyaikana. Nykyaikana kaikki olentomme toimivat siis v\u00e4\u00e4ryydellisesti aiempien aikojen vuoksi. Olentojen aiemmat ajat ovat kaikkien tietoisuudessa, jolloin kaikilla on hyvin paljon tietoa el\u00e4m\u00e4st\u00e4. Hyvin paljon tietoa on my\u00f6s v\u00e4hemm\u00e4n vanhoilla olennoilla, sill\u00e4 heid\u00e4n tietonsa perustuu aiempien el\u00e4jien tietoihin.<\/p>\n<p>Kaikilla olennoillamme l\u00f6ytyy sopimuksentekokyky Luojan kanssa, jolloin he voivat parantaa el\u00e4m\u00e4\u00e4ns\u00e4 Luojan j\u00e4rjestelm\u00e4n avulla. T\u00e4ll\u00f6in kaikki Luojan sopimukset tekev\u00e4t ihmisist\u00e4 paremmin j\u00e4rjestelm\u00e4n mukaisia. Kaikki j\u00e4rjestelm\u00e4n mukaiset toiminnot tekev\u00e4t paljon pahaa ty\u00f6t\u00e4\u00e4n kaikille olennoillemme, koska j\u00e4rjestelm\u00e4t rankaisevat aiempina aikoina v\u00e4\u00e4rin tehneit\u00e4. T\u00e4llainen tilanne on hyvin tavallinen kaikilla uusilla Luojan sopimukset tehneill\u00e4. Kaikilla olennoillamme tehd\u00e4\u00e4n hyvin v\u00e4\u00e4ryydellist\u00e4 ty\u00f6t\u00e4, sill\u00e4 v\u00e4\u00e4ryys on yleens\u00e4 toisen korjaamista henkiolennoltaan. V\u00e4\u00e4ryydentekij\u00e4mme tekev\u00e4t paljon pahaa ty\u00f6t\u00e4\u00e4n toisten tuhoamiseksi, mik\u00e4 on j\u00e4rjestelm\u00e4n aiheuttamaa toimintaa. T\u00e4llaisia v\u00e4\u00e4ryydentekij\u00f6it\u00e4 on kauhea katsella, mutta kyse on aina rangaistustoiminnasta v\u00e4\u00e4ryytt\u00e4 kohdanneille, sill\u00e4 t\u00e4llainen on henkimaailman toimintaa.<\/p>\n<p>Kaikki v\u00e4\u00e4ryydelliset olennot ovat ihmiskunnan historian aikana olleet hyvin v\u00e4\u00e4ryydellisi\u00e4. Ihmiskunnan historiaan kuuluu paljon sotia ja n\u00e4l\u00e4nh\u00e4t\u00e4\u00e4. Kaikkien v\u00e4\u00e4ryydellisten olentojen v\u00e4\u00e4ryydet ovat v\u00e4henem\u00e4ss\u00e4 uuden j\u00e4rjestelm\u00e4n avulla. Kaikki ongelmat johtuvat Luojasta, sill\u00e4 h\u00e4n on halunnut v\u00e4\u00e4ryyden kukoistavan jo aiemmista ajoista l\u00e4htien, kunhan se ei kohdistu h\u00e4neen itseens\u00e4, niin kauan kuin h\u00e4n on itse oikeudenmukainen. V\u00e4\u00e4ryydellisesti toimiva j\u00e4rjestelm\u00e4 onkin mahdottomuutta, sill\u00e4 kaikki on Luojan noitumana v\u00e4hiten v\u00e4\u00e4ryydellisesti toimivaa, ja Luoja on rakentanut j\u00e4rjestelm\u00e4t omalla toiminnallaan, jolloin v\u00e4\u00e4ryys ei kukoista Luojan j\u00e4rjestelmiss\u00e4 kovin kauaa.<\/p>\n<p>Ihmiskuntamme on hyvin v\u00e4\u00e4ryydellinen muille olennoille. Kaikilla ihmiskuntamme olennoillamme on v\u00e4\u00e4ryydensietokyky v\u00e4hentynyt. Kaikilla Luojan olennoilla toimii kaikki v\u00e4\u00e4ryys hyvin pitk\u00e4lti Luojan ohjaamana. Luojan v\u00e4\u00e4ryydet ovat minimaalisemmat kuin kenenk\u00e4\u00e4n muun ihmisen, mutta t\u00e4m\u00e4 ei pid\u00e4 paikkaansa fyysisen v\u00e4\u00e4ryyden osalta, sill\u00e4 Luoja on el\u00e4nyt hyvin v\u00e4\u00e4ryydellisi\u00e4 el\u00e4mi\u00e4. El\u00e4m\u00e4t ovat v\u00e4\u00e4ryydellisi\u00e4, jos kaikki osat ovat hyvin kiroutuneita. Kiroutuneet osat syntyv\u00e4t v\u00e4\u00e4ryydenteosta tai muiden kirouksista. Luoja on yleens\u00e4 t\u00e4ll\u00e4 tavoin muiden kiroamana ollessaan v\u00e4\u00e4ryydellinen. Muiden kiroamana h\u00e4n on yleens\u00e4 soturina tai sodan johtajana, jolloin Luoja on hyvin v\u00e4\u00e4ryydellinen kaikille lapsillensa.<\/p>\n<p><span style=\"color: #ff0000;\">[adsenseyu1]<\/span><\/p>\n","protected":false},"excerpt":{"rendered":"<p>[adsense_inserter id=&#8221;750&#8243;] Julkaistu 14.11.2012 1. Ihmiskunnan historia on kummallinen, sill\u00e4 ihmisi\u00e4 on ollut aiemmista ajoista asti. Ihmiset ovat aina olleet samann\u00e4k\u00f6isi\u00e4, sill\u00e4 kaikki perustuu luomiseen. Luominen aiheena on hyvin v\u00e4\u00e4ryydellist\u00e4 tietoa kirjoitella, sill\u00e4 ihmiset ovat liian v\u00e4\u00e4ryydellisi\u00e4 toisilleen n\u00e4ill\u00e4 tiedoilla. Ihmiset ovat tappaneet toisiaan jo aiempina aikoina, yht\u00e4 suuressa mittasuhteessa kuin mit\u00e4 t\u00e4n\u00e4 p\u00e4iv\u00e4n\u00e4 harjoitetaan. [&hellip;]<\/p>\n","protected":false},"author":1,"featured_media":0,"parent":23,"menu_order":0,"comment_status":"closed","ping_status":"closed","template":"","meta":{"footnotes":""},"class_list":["post-55","page","type-page","status-publish","hentry"],"_links":{"self":[{"href":"https:\/\/www.esoteria.fi\/newmain\/wp-json\/wp\/v2\/pages\/55","targetHints":{"allow":["GET"]}}],"collection":[{"href":"https:\/\/www.esoteria.fi\/newmain\/wp-json\/wp\/v2\/pages"}],"about":[{"href":"https:\/\/www.esoteria.fi\/newmain\/wp-json\/wp\/v2\/types\/page"}],"author":[{"embeddable":true,"href":"https:\/\/www.esoteria.fi\/newmain\/wp-json\/wp\/v2\/users\/1"}],"replies":[{"embeddable":true,"href":"https:\/\/www.esoteria.fi\/newmain\/wp-json\/wp\/v2\/comments?post=55"}],"version-history":[{"count":9,"href":"https:\/\/www.esoteria.fi\/newmain\/wp-json\/wp\/v2\/pages\/55\/revisions"}],"predecessor-version":[{"id":765,"href":"https:\/\/www.esoteria.fi\/newmain\/wp-json\/wp\/v2\/pages\/55\/revisions\/765"}],"up":[{"embeddable":true,"href":"https:\/\/www.esoteria.fi\/newmain\/wp-json\/wp\/v2\/pages\/23"}],"wp:attachment":[{"href":"https:\/\/www.esoteria.fi\/newmain\/wp-json\/wp\/v2\/media?parent=55"}],"curies":[{"name":"wp","href":"https:\/\/api.w.org\/{rel}","templated":true}]}}