{"id":62,"date":"2012-11-14T12:01:07","date_gmt":"2012-11-14T12:01:07","guid":{"rendered":"http:\/\/esoteria.fi\/?page_id=62"},"modified":"2013-12-21T10:43:22","modified_gmt":"2013-12-21T10:43:22","slug":"yhteystiedot","status":"publish","type":"page","link":"https:\/\/www.esoteria.fi\/newmain\/sivustosta\/yhteystiedot\/","title":{"rendered":"Yhteystiedot"},"content":{"rendered":"<p><strong>Postiosoite:<\/strong><\/p>\n<p>Saesoteria<br \/>\nSamuli Aalto<br \/>\nKaskilaaksontie 4 A 14<br \/>\n02360 ESPOO<\/p>\n<p><strong>S\u00e4hk\u00f6posti:<\/strong><\/p>\n<p>saesoteria@live.fi<\/p>\n<p><strong>Skype:<\/strong><\/p>\n<p>saesoteria@live.fi<\/p>\n<p>Huom! Toisinaan s\u00e4hk\u00f6posti ei toimi, joten viestin l\u00e4hett\u00e4minen Skypen kautta on toinen tapa olla yhteydess\u00e4. Viestin l\u00e4hett\u00e4minen onnistuu my\u00f6s toisen ollessa offline tilassa.<\/p>\n","protected":false},"excerpt":{"rendered":"<p>Postiosoite: Saesoteria Samuli Aalto Kaskilaaksontie 4 A 14 02360 ESPOO S\u00e4hk\u00f6posti: saesoteria@live.fi Skype: saesoteria@live.fi Huom! Toisinaan s\u00e4hk\u00f6posti ei toimi, joten viestin l\u00e4hett\u00e4minen Skypen kautta on toinen tapa olla yhteydess\u00e4. Viestin l\u00e4hett\u00e4minen onnistuu my\u00f6s toisen ollessa offline tilassa.<\/p>\n","protected":false},"author":1,"featured_media":0,"parent":32,"menu_order":0,"comment_status":"closed","ping_status":"closed","template":"","meta":{"footnotes":""},"class_list":["post-62","page","type-page","status-publish","hentry"],"_links":{"self":[{"href":"https:\/\/www.esoteria.fi\/newmain\/wp-json\/wp\/v2\/pages\/62","targetHints":{"allow":["GET"]}}],"collection":[{"href":"https:\/\/www.esoteria.fi\/newmain\/wp-json\/wp\/v2\/pages"}],"about":[{"href":"https:\/\/www.esoteria.fi\/newmain\/wp-json\/wp\/v2\/types\/page"}],"author":[{"embeddable":true,"href":"https:\/\/www.esoteria.fi\/newmain\/wp-json\/wp\/v2\/users\/1"}],"replies":[{"embeddable":true,"href":"https:\/\/www.esoteria.fi\/newmain\/wp-json\/wp\/v2\/comments?post=62"}],"version-history":[{"count":10,"href":"https:\/\/www.esoteria.fi\/newmain\/wp-json\/wp\/v2\/pages\/62\/revisions"}],"predecessor-version":[{"id":495,"href":"https:\/\/www.esoteria.fi\/newmain\/wp-json\/wp\/v2\/pages\/62\/revisions\/495"}],"up":[{"embeddable":true,"href":"https:\/\/www.esoteria.fi\/newmain\/wp-json\/wp\/v2\/pages\/32"}],"wp:attachment":[{"href":"https:\/\/www.esoteria.fi\/newmain\/wp-json\/wp\/v2\/media?parent=62"}],"curies":[{"name":"wp","href":"https:\/\/api.w.org\/{rel}","templated":true}]}}